{"id":24410,"date":"2023-07-01T16:06:03","date_gmt":"2023-07-01T17:06:03","guid":{"rendered":"https:\/\/oragarden.de\/product\/hoogeveen-chlorophytum-saundersiae-starlight-40-cm-o19-cm\/"},"modified":"2025-10-24T13:14:34","modified_gmt":"2025-10-24T14:14:34","slug":"hoogeveen-chlorophytum-saundersiae-starlight-40-cm-o19-cm","status":"publish","type":"product","link":"https:\/\/oragarden.de\/en\/product\/hoogeveen-chlorophytum-saundersiae-starlight-40-cm-o19-cm\/","title":{"rendered":"Hoogeveen Chlorophytum Saundersiae &#8216;Starlight&#8217; &#8211; 40 cm, \u00d819 cm"},"content":{"rendered":"&#8220;Chlorophytum&#8221; \u200b\u200bStarlight &#8220;&#8221; Eine echte Terrassenanlage f\u00fcr den Sommer! Hat wenig Wasserbed\u00fcrfnisse und kann die Sonne gut umgehen. Die Pflanze hat Blumen, die wie sch\u00f6ne funkelnde Sterne aussehen.","protected":false},"excerpt":{"rendered":"<p>&#8220;Chlorophytum&#8221; \u200b\u200bStarlight &#8220;&#8221; Eine echte Terrassenanlage f\u00fcr den Sommer! Hat wenig Wasserbed\u00fcrfnisse und kann die Sonne gut umgehen. Die Pflanze hat Blumen, die wie sch\u00f6ne funkelnde Sterne aussehen.<\/p>\n","protected":false},"author":3,"featured_media":24411,"comment_status":"closed","ping_status":"closed","template":"","meta":{"inline_featured_image":false},"pwb-brand":[4968],"product_cat":[4000,5198,4036],"product_tag":[],"class_list":{"0":"post-24410","1":"product","2":"type-product","3":"status-publish","4":"has-post-thumbnail","6":"pwb-brand-hoogeveen","7":"product_cat-cat-pflanzen","8":"product_cat-cat-grunlilien-chlorophytum","9":"product_cat-cat-zimmerpflanzen","11":"first","12":"outofstock","13":"sale","14":"taxable","15":"shipping-taxable","16":"purchasable","17":"product-type-simple"},"acf":[],"gtin":"8719497268214","brands":[{"id":4968,"name":"Hoogeveen","slug":"hoogeveen"}],"_links":{"self":[{"href":"https:\/\/oragarden.de\/en\/wp-json\/wp\/v2\/product\/24410","targetHints":{"allow":["GET"]}}],"collection":[{"href":"https:\/\/oragarden.de\/en\/wp-json\/wp\/v2\/product"}],"about":[{"href":"https:\/\/oragarden.de\/en\/wp-json\/wp\/v2\/types\/product"}],"author":[{"embeddable":true,"href":"https:\/\/oragarden.de\/en\/wp-json\/wp\/v2\/users\/3"}],"replies":[{"embeddable":true,"href":"https:\/\/oragarden.de\/en\/wp-json\/wp\/v2\/comments?post=24410"}],"wp:featuredmedia":[{"embeddable":true,"href":"https:\/\/oragarden.de\/en\/wp-json\/wp\/v2\/media\/24411"}],"wp:attachment":[{"href":"https:\/\/oragarden.de\/en\/wp-json\/wp\/v2\/media?parent=24410"}],"wp:term":[{"taxonomy":"pwb-brand","embeddable":true,"href":"https:\/\/oragarden.de\/en\/wp-json\/wp\/v2\/pwb-brand?post=24410"},{"taxonomy":"product_cat","embeddable":true,"href":"https:\/\/oragarden.de\/en\/wp-json\/wp\/v2\/product_cat?post=24410"},{"taxonomy":"product_tag","embeddable":true,"href":"https:\/\/oragarden.de\/en\/wp-json\/wp\/v2\/product_tag?post=24410"}],"curies":[{"name":"wp","href":"https:\/\/api.w.org\/{rel}","templated":true}]}}