{"id":24360,"date":"2023-07-01T16:02:44","date_gmt":"2023-07-01T17:02:44","guid":{"rendered":"https:\/\/oragarden.de\/product\/meergroothandel-calathea-ornata-2er-set-50-cm-o-14-cm\/"},"modified":"2025-10-24T13:14:31","modified_gmt":"2025-10-24T14:14:31","slug":"meergroothandel-calathea-ornata-2er-set-50-cm-o-14-cm","status":"publish","type":"product","link":"https:\/\/oragarden.de\/en\/product\/meergroothandel-calathea-ornata-2er-set-50-cm-o-14-cm\/","title":{"rendered":"Meergroothandel Calathea Ornata 2er Set &#8211; 50 cm, \u00d8 14 cm"},"content":{"rendered":"Die Calathea ist eine tropische Zimmerpflanze und wird auch als lebende Pflanze bezeichnet. Diesen Spitznamen verdankt die Calathea einer einzigartigen Eigenschaft. Die Bl\u00e4tter der Calathea schlie\u00dfen sich, sobald es dunkel wird, und \u00f6ffnen sich wieder, sobald es hell wird. Die Calathea stammt aus den Dschungeln S\u00fcdamerikas, wo die Pflanze an hohe Luftfeuchtigkeit gew\u00f6hnt ist. \r\n\r\nSie k\u00f6nnen die Pflanze regelm\u00e4\u00dfig mit einem Pflanzenspr\u00fchger\u00e4t bespr\u00fchen. Am besten ist es, der Calathea regelm\u00e4\u00dfig kleine Mengen Wasser zu geben. Achten Sie darauf, dass die Blumenerde immer leicht feucht ist. Im Winter k\u00f6nnen Sie die Calathea etwas weniger gie\u00dfen. Sobald die Heizung eingeschaltet wird, wird die Luft trockener. Die Calathea ist an trockene Luft nicht gew\u00f6hnt. Um zu verhindern, dass die Pflanze abstirbt, ist es wichtig, sie regelm\u00e4\u00dfig zu gie\u00dfen. \r\n\r\nDer beste Standort f\u00fcr diese Pflanze ist im Halbschatten. Stellen Sie die Calathea an einen hellen Platz, aber nicht in die direkte Sonne. \r\n\r\nBitte beachten Sie, dass es sich bei den Pflanzen um ein lebendes Produkt handelt, das von dem Foto und der Beschreibung abweichen kann. Unsere Pflanzen werden in einem Kunststofftopf geliefert. Alle Pflanzen werden direkt von der G\u00e4rtnerei verpackt und verschickt.","protected":false},"excerpt":{"rendered":"<p>Die Calathea ist eine tropische Zimmerpflanze und wird auch als lebende Pflanze bezeichnet. Diesen Spitznamen verdankt die Calathea einer einzigartigen Eigenschaft. Die Bl\u00e4tter der Calathea schlie\u00dfen sich, sobald es dunkel wird, und \u00f6ffnen sich wieder, sobald es hell wird. Die Calathea stammt aus den Dschungeln S\u00fcdamerikas, wo die Pflanze an hohe Luftfeuchtigkeit gew\u00f6hnt ist. Sie [&hellip;]<\/p>\n","protected":false},"author":3,"featured_media":24361,"comment_status":"closed","ping_status":"closed","template":"","meta":{"inline_featured_image":false},"pwb-brand":[4041],"product_cat":[5109,5977,4770],"product_tag":[],"class_list":{"0":"post-24360","1":"product","2":"type-product","3":"status-publish","4":"has-post-thumbnail","6":"pwb-brand-meergroothandel","7":"product_cat-cat-calatheas","8":"product_cat-cat-geschenke-fur-pflanzenliebhaber-und-innen","9":"product_cat-cat-pflanzen-sets","11":"first","12":"outofstock","13":"sale","14":"taxable","15":"shipping-taxable","16":"purchasable","17":"product-type-simple"},"acf":[],"gtin":"8720634285346","brands":[{"id":4041,"name":"MEERGroothandel","slug":"meergroothandel"}],"_links":{"self":[{"href":"https:\/\/oragarden.de\/en\/wp-json\/wp\/v2\/product\/24360","targetHints":{"allow":["GET"]}}],"collection":[{"href":"https:\/\/oragarden.de\/en\/wp-json\/wp\/v2\/product"}],"about":[{"href":"https:\/\/oragarden.de\/en\/wp-json\/wp\/v2\/types\/product"}],"author":[{"embeddable":true,"href":"https:\/\/oragarden.de\/en\/wp-json\/wp\/v2\/users\/3"}],"replies":[{"embeddable":true,"href":"https:\/\/oragarden.de\/en\/wp-json\/wp\/v2\/comments?post=24360"}],"wp:featuredmedia":[{"embeddable":true,"href":"https:\/\/oragarden.de\/en\/wp-json\/wp\/v2\/media\/24361"}],"wp:attachment":[{"href":"https:\/\/oragarden.de\/en\/wp-json\/wp\/v2\/media?parent=24360"}],"wp:term":[{"taxonomy":"pwb-brand","embeddable":true,"href":"https:\/\/oragarden.de\/en\/wp-json\/wp\/v2\/pwb-brand?post=24360"},{"taxonomy":"product_cat","embeddable":true,"href":"https:\/\/oragarden.de\/en\/wp-json\/wp\/v2\/product_cat?post=24360"},{"taxonomy":"product_tag","embeddable":true,"href":"https:\/\/oragarden.de\/en\/wp-json\/wp\/v2\/product_tag?post=24360"}],"curies":[{"name":"wp","href":"https:\/\/api.w.org\/{rel}","templated":true}]}}