{"id":24284,"date":"2023-07-01T15:53:25","date_gmt":"2023-07-01T16:53:25","guid":{"rendered":"https:\/\/oragarden.de\/product\/shadowplant-calathea-dottie-40-cm-o-14-cm\/"},"modified":"2025-10-24T13:14:24","modified_gmt":"2025-10-24T14:14:24","slug":"shadowplant-calathea-dottie-40-cm-o-14-cm","status":"publish","type":"product","link":"https:\/\/oragarden.de\/en\/product\/shadowplant-calathea-dottie-40-cm-o-14-cm\/","title":{"rendered":"Shadowplant Calathea Dottie &#8211; 40 cm, \u00d8 14 cm"},"content":{"rendered":"<p>Die Calathea Dottie ist eine coole Zimmerpflanze mit einem einzigartigen Aussehen. Die Calathea Dottie ist auch als Schattenpflanze bekannt und eignet sich daher f\u00fcr viele verschiedene Innenr\u00e4ume und Standorte. Die Calathea-Zimmerpflanzen schlie\u00dfen ihre Bl\u00e4tter in der Nacht und \u00f6ffnen sie am Morgen wieder. Dieses Ph\u00e4nomen ist nur in der sch\u00f6nen Familie der Calathea zu finden.&nbsp;<\/p>\r\n<h3>Calathea frisch aus der G\u00e4rtnerei<\/h3>\r\n<p>Alle Calathea-Zimmerpflanzen werden direkt von der G\u00e4rtnerei an Ihre Lieferadresse geschickt. Auf diese Weise erhalten Sie die frischesten Pflanzen, die m\u00f6glich sind, und das auf die nachhaltigste Weise.<\/p>\r\n<h3>Luftreinigung von Calathea Dottie<\/h3>\r\n<p>Die Calathea Dottie ist eine sehr luftreinigende Zimmerpflanze und perfekt f\u00fcr die Schaffung eines angenehmen Raumklimas.<\/p>\r\n<h3>Pflege des Calathea Dottie<\/h3>\r\n<p>Geben Sie der Calathea Dottie 1\/2 Tasse Wasser pro Woche. Lieber zu trocken als zu nass! Versuchen Sie, im Sommer ein wenig mehr Wasser zu geben. Vermeiden Sie direkte Sonneneinstrahlung f\u00fcr die Calathea-Zimmerpflanze, ideal sind schattige\/halbschattige Pl\u00e4tze. Die richtige Raumtemperatur f\u00fcr das Calathea Dottie ist 18-24 \u00b0C. Vermeiden Sie K\u00e4lte und Zugluft f\u00fcr diese Zimmerpflanze. Haben Sie braune Pflanzen im Blatt? Dann spr\u00fchen Sie die Pflanze ein wenig nass! Dies wird durch zu trockene Raumluft verursacht.<\/p>\r\n<h3>Verpackung und Lieferung des Calathea Dottie<\/h3>\r\n<p>Das Calathea Dottie wird in einer speziell entworfenen Schachtel versandt. Auf diese Weise k\u00f6nnen wir sicherstellen, dass die Pflanze so schnell wie m\u00f6glich an Sie versandt wird. Wurde die Pflanze besch\u00e4digt? Wir schicken Ihnen kostenlos eine neue Zimmerpflanze!<\/p>","protected":false},"excerpt":{"rendered":"<p>Die Calathea Dottie ist eine coole Zimmerpflanze mit einem einzigartigen Aussehen. Die Calathea Dottie ist auch als Schattenpflanze bekannt und eignet sich daher f\u00fcr viele verschiedene Innenr\u00e4ume und Standorte. Die Calathea-Zimmerpflanzen schlie\u00dfen ihre Bl\u00e4tter in der Nacht und \u00f6ffnen sie am Morgen wieder. Dieses Ph\u00e4nomen ist nur in der sch\u00f6nen Familie der Calathea zu finden.&nbsp; [&hellip;]<\/p>\n","protected":false},"author":3,"featured_media":24285,"comment_status":"closed","ping_status":"closed","template":"","meta":{"inline_featured_image":false},"pwb-brand":[5111],"product_cat":[5109],"product_tag":[],"class_list":{"0":"post-24284","1":"product","2":"type-product","3":"status-publish","4":"has-post-thumbnail","6":"pwb-brand-shadowplant","7":"product_cat-cat-calatheas","9":"first","10":"outofstock","11":"sale","12":"taxable","13":"shipping-taxable","14":"purchasable","15":"product-type-simple"},"acf":[],"gtin":"7421081481749","brands":[{"id":5111,"name":"Shadowplant","slug":"shadowplant"}],"_links":{"self":[{"href":"https:\/\/oragarden.de\/en\/wp-json\/wp\/v2\/product\/24284","targetHints":{"allow":["GET"]}}],"collection":[{"href":"https:\/\/oragarden.de\/en\/wp-json\/wp\/v2\/product"}],"about":[{"href":"https:\/\/oragarden.de\/en\/wp-json\/wp\/v2\/types\/product"}],"author":[{"embeddable":true,"href":"https:\/\/oragarden.de\/en\/wp-json\/wp\/v2\/users\/3"}],"replies":[{"embeddable":true,"href":"https:\/\/oragarden.de\/en\/wp-json\/wp\/v2\/comments?post=24284"}],"wp:featuredmedia":[{"embeddable":true,"href":"https:\/\/oragarden.de\/en\/wp-json\/wp\/v2\/media\/24285"}],"wp:attachment":[{"href":"https:\/\/oragarden.de\/en\/wp-json\/wp\/v2\/media?parent=24284"}],"wp:term":[{"taxonomy":"pwb-brand","embeddable":true,"href":"https:\/\/oragarden.de\/en\/wp-json\/wp\/v2\/pwb-brand?post=24284"},{"taxonomy":"product_cat","embeddable":true,"href":"https:\/\/oragarden.de\/en\/wp-json\/wp\/v2\/product_cat?post=24284"},{"taxonomy":"product_tag","embeddable":true,"href":"https:\/\/oragarden.de\/en\/wp-json\/wp\/v2\/product_tag?post=24284"}],"curies":[{"name":"wp","href":"https:\/\/api.w.org\/{rel}","templated":true}]}}