{"id":24254,"date":"2023-07-01T15:51:19","date_gmt":"2023-07-01T16:51:19","guid":{"rendered":"https:\/\/oragarden.de\/product\/meergroothandel-calathea-network-30cm-o-14-cm\/"},"modified":"2025-10-24T13:14:21","modified_gmt":"2025-10-24T14:14:21","slug":"meergroothandel-calathea-network-30cm-o-14-cm","status":"publish","type":"product","link":"https:\/\/oragarden.de\/en\/product\/meergroothandel-calathea-network-30cm-o-14-cm\/","title":{"rendered":"Meergroothandel Calathea Network &#8211; 30cm, \u00d8 14 cm"},"content":{"rendered":"Die Calathea Network ist eine tropische Zimmerpflanze und wird auch als lebende Pflanze bezeichnet. Diesen Spitznamen verdankt die Calathea einer einzigartigen Eigenschaft. Die Bl\u00e4tter der Calathea schlie\u00dfen sich, sobald es dunkel wird, und \u00f6ffnen sich wieder, sobald es hell wird. Die Calathea stammt aus den Dschungeln S\u00fcdamerikas, wo die Pflanze an hohe Luftfeuchtigkeit gew\u00f6hnt ist. \r\n\r\nSie k\u00f6nnen die Pflanze regelm\u00e4\u00dfig mit einem Pflanzenspray bespr\u00fchen. Es ist am besten, die Calathea regelm\u00e4\u00dfig in kleinen Mengen zu gie\u00dfen. Achten Sie darauf, dass die Blumenerde immer leicht feucht ist. Im Winter k\u00f6nnen Sie die Calathea etwas weniger gie\u00dfen. Sobald sich die Heizung einschaltet, wird die Luft trockener. Die Calathea ist nicht an trockene Luft gew\u00f6hnt. Um das Absterben der Pflanze zu verhindern, ist es wichtig, sie regelm\u00e4\u00dfig zu gie\u00dfen. \r\n\r\nDer beste Standort f\u00fcr diese Pflanze ist im Halbschatten. Stellen Sie die Calathea an einen hellen Ort, aber nicht in die direkte Sonne. \r\n\r\nBitte beachten Sie, dass es sich bei den Pflanzen um ein lebendes Produkt handelt, das von den Fotos und der Beschreibung abweichen kann. Unsere Pflanzen werden in einem Kunststofftopf geliefert. Alle Pflanzen werden direkt von der G\u00e4rtnerei verpackt und verschickt.","protected":false},"excerpt":{"rendered":"<p>Die Calathea Network ist eine tropische Zimmerpflanze und wird auch als lebende Pflanze bezeichnet. Diesen Spitznamen verdankt die Calathea einer einzigartigen Eigenschaft. Die Bl\u00e4tter der Calathea schlie\u00dfen sich, sobald es dunkel wird, und \u00f6ffnen sich wieder, sobald es hell wird. Die Calathea stammt aus den Dschungeln S\u00fcdamerikas, wo die Pflanze an hohe Luftfeuchtigkeit gew\u00f6hnt ist. [&hellip;]<\/p>\n","protected":false},"author":3,"featured_media":24255,"comment_status":"closed","ping_status":"closed","template":"","meta":{"inline_featured_image":false},"pwb-brand":[4041],"product_cat":[5109],"product_tag":[],"class_list":{"0":"post-24254","1":"product","2":"type-product","3":"status-publish","4":"has-post-thumbnail","6":"pwb-brand-meergroothandel","7":"product_cat-cat-calatheas","9":"first","10":"outofstock","11":"sale","12":"taxable","13":"shipping-taxable","14":"purchasable","15":"product-type-simple"},"acf":[],"gtin":"8720634284233","brands":[{"id":4041,"name":"MEERGroothandel","slug":"meergroothandel"}],"_links":{"self":[{"href":"https:\/\/oragarden.de\/en\/wp-json\/wp\/v2\/product\/24254","targetHints":{"allow":["GET"]}}],"collection":[{"href":"https:\/\/oragarden.de\/en\/wp-json\/wp\/v2\/product"}],"about":[{"href":"https:\/\/oragarden.de\/en\/wp-json\/wp\/v2\/types\/product"}],"author":[{"embeddable":true,"href":"https:\/\/oragarden.de\/en\/wp-json\/wp\/v2\/users\/3"}],"replies":[{"embeddable":true,"href":"https:\/\/oragarden.de\/en\/wp-json\/wp\/v2\/comments?post=24254"}],"wp:featuredmedia":[{"embeddable":true,"href":"https:\/\/oragarden.de\/en\/wp-json\/wp\/v2\/media\/24255"}],"wp:attachment":[{"href":"https:\/\/oragarden.de\/en\/wp-json\/wp\/v2\/media?parent=24254"}],"wp:term":[{"taxonomy":"pwb-brand","embeddable":true,"href":"https:\/\/oragarden.de\/en\/wp-json\/wp\/v2\/pwb-brand?post=24254"},{"taxonomy":"product_cat","embeddable":true,"href":"https:\/\/oragarden.de\/en\/wp-json\/wp\/v2\/product_cat?post=24254"},{"taxonomy":"product_tag","embeddable":true,"href":"https:\/\/oragarden.de\/en\/wp-json\/wp\/v2\/product_tag?post=24254"}],"curies":[{"name":"wp","href":"https:\/\/api.w.org\/{rel}","templated":true}]}}