{"id":24198,"date":"2023-07-01T15:45:04","date_gmt":"2023-07-01T16:45:04","guid":{"rendered":"https:\/\/oragarden.de\/product\/hoogeveen-pyrus-communis-bonne-louise-davranches-120-cm-o23-cm\/"},"modified":"2025-10-24T13:14:18","modified_gmt":"2025-10-24T14:14:18","slug":"hoogeveen-pyrus-communis-bonne-louise-davranches-120-cm-o23-cm","status":"publish","type":"product","link":"https:\/\/oragarden.de\/en\/product\/hoogeveen-pyrus-communis-bonne-louise-davranches-120-cm-o23-cm\/","title":{"rendered":"Hoogeveen Pyrus Communis &#8216;Bonne Louise D&#8217;avranches&#8217; &#8211; 120 cm, \u00d823 cm"},"content":{"rendered":"Leckeres gr\u00fcn, 100% biologisch angebaute Fr\u00fcchte. Dies bedeutet, dass beim Anbau nur Gem\u00fcse- und Tiermaterialien verwendet wurden. Der Topf und das Etikett bestehen aus recyceltem Kunststoff und damit eine saubere L\u00f6sung f\u00fcr die Umwelt.\r\n&#8220;Pyrus Communis Bonne Louise Davranc&#8221; ist eine sehr alte Birnenrasse, die urspr\u00fcnglich in Frankreich angebaut wurde. Diese Birne ist klein, schlank und gr\u00fcn mit einem sch\u00f6nen Err\u00f6ten. Es hat einen weichen sauren Geschmack und kann im Herbst ausgew\u00e4hlt werden. Der Birnenbaum ist stark, fast nicht anf\u00e4llig f\u00fcr Krankheiten und ziemlich einfach zu warten. Zus\u00e4tzlich zu den Fr\u00fcchten hat der Birnenbaum auch andere dekorative Werte. Der Baum hat eine Bl\u00fcte im Fr\u00fchjahr, die Bl\u00e4tter sind frisch gr\u00fcn und werden im Herbst gelb zu Oranjerode Herbstfarben.","protected":false},"excerpt":{"rendered":"<p>Leckeres gr\u00fcn, 100% biologisch angebaute Fr\u00fcchte. Dies bedeutet, dass beim Anbau nur Gem\u00fcse- und Tiermaterialien verwendet wurden. Der Topf und das Etikett bestehen aus recyceltem Kunststoff und damit eine saubere L\u00f6sung f\u00fcr die Umwelt. &#8220;Pyrus Communis Bonne Louise Davranc&#8221; ist eine sehr alte Birnenrasse, die urspr\u00fcnglich in Frankreich angebaut wurde. Diese Birne ist klein, schlank [&hellip;]<\/p>\n","protected":false},"author":3,"featured_media":24199,"comment_status":"closed","ping_status":"closed","template":"","meta":{"inline_featured_image":false},"pwb-brand":[4968],"product_cat":[4000,5212,4037,5217],"product_tag":[],"class_list":{"0":"post-24198","1":"product","2":"type-product","3":"status-publish","4":"has-post-thumbnail","6":"pwb-brand-hoogeveen","7":"product_cat-cat-pflanzen","8":"product_cat-cat-birnbaume","9":"product_cat-cat-gartenpflanzen","10":"product_cat-cat-obst","12":"first","13":"outofstock","14":"sale","15":"taxable","16":"shipping-taxable","17":"purchasable","18":"product-type-simple"},"acf":[],"gtin":"8720143934056","brands":[{"id":4968,"name":"Hoogeveen","slug":"hoogeveen"}],"_links":{"self":[{"href":"https:\/\/oragarden.de\/en\/wp-json\/wp\/v2\/product\/24198","targetHints":{"allow":["GET"]}}],"collection":[{"href":"https:\/\/oragarden.de\/en\/wp-json\/wp\/v2\/product"}],"about":[{"href":"https:\/\/oragarden.de\/en\/wp-json\/wp\/v2\/types\/product"}],"author":[{"embeddable":true,"href":"https:\/\/oragarden.de\/en\/wp-json\/wp\/v2\/users\/3"}],"replies":[{"embeddable":true,"href":"https:\/\/oragarden.de\/en\/wp-json\/wp\/v2\/comments?post=24198"}],"wp:featuredmedia":[{"embeddable":true,"href":"https:\/\/oragarden.de\/en\/wp-json\/wp\/v2\/media\/24199"}],"wp:attachment":[{"href":"https:\/\/oragarden.de\/en\/wp-json\/wp\/v2\/media?parent=24198"}],"wp:term":[{"taxonomy":"pwb-brand","embeddable":true,"href":"https:\/\/oragarden.de\/en\/wp-json\/wp\/v2\/pwb-brand?post=24198"},{"taxonomy":"product_cat","embeddable":true,"href":"https:\/\/oragarden.de\/en\/wp-json\/wp\/v2\/product_cat?post=24198"},{"taxonomy":"product_tag","embeddable":true,"href":"https:\/\/oragarden.de\/en\/wp-json\/wp\/v2\/product_tag?post=24198"}],"curies":[{"name":"wp","href":"https:\/\/api.w.org\/{rel}","templated":true}]}}