{"id":24144,"date":"2023-07-01T15:41:56","date_gmt":"2023-07-01T16:41:56","guid":{"rendered":"https:\/\/oragarden.de\/product\/meergroothandel-pachira-aquatica-geldbaum-2er-set-50-cm-o14-cm\/"},"modified":"2025-10-24T13:14:14","modified_gmt":"2025-10-24T14:14:14","slug":"meergroothandel-pachira-aquatica-geldbaum-2er-set-50-cm-o14-cm","status":"publish","type":"product","link":"https:\/\/oragarden.de\/en\/product\/meergroothandel-pachira-aquatica-geldbaum-2er-set-50-cm-o14-cm\/","title":{"rendered":"Meergroothandel Pachira Aquatica (Geldbaum) 2er Set &#8211; 50 cm, \u00d814 cm"},"content":{"rendered":"Die Pachira Aquatica kommt in der Natur in Mexiko, Peru und Brasilien vor. Hier w\u00c3\u00a4chst die Pflanze haupts\u00c3\u00a4chlich in \u00c3\u00bcberschwemmten Gebieten. Die Samen schwimmen und keimen, sobald sie an Land gesp\u00c3\u00bclt werden. In Asien gilt die Pflanze als Gl\u00c3\u00bccks- und Geldbringer. Daher auch der Spitzname Geldbaum. \n\nDer beste Standort f\u00c3\u00bcr den Pachira ist ein Lichtblick. Vermeiden Sie einen Standort mit viel direkter Sonneneinstrahlung, da die Pachira diese nicht gut vertr\u00c3\u00a4gt.\n\nGeben Sie der Pachira Aquatica alle drei Wochen einen gro\u00c3\u0178en Schluck Wasser. Wenn sich die Blumenerde noch feucht anf\u00c3\u00bchlt, warten Sie ein paar Tage, bevor Sie gie\u00c3\u0178en. Die Pachira ist an hohe Luftfeuchtigkeit gew\u00c3\u00b6hnt. Bespr\u00c3\u00bchen Sie die Pflanze daher einmal pro Woche mit dem Pflanzenspr\u00c3\u00bchger\u00c3\u00a4t. \n\nHinweis: Die Pflanzen sind ein lebendes Produkt und k\u00c3\u00b6nnen von der Abbildung und Beschreibung abweichen. Unsere Pflanzen werden in einem Kunststofftopf geliefert. Alle Pflanzen werden direkt von der G\u00c3\u00a4rtnerei verpackt und versandt.","protected":false},"excerpt":{"rendered":"<p>Die Pachira Aquatica kommt in der Natur in Mexiko, Peru und Brasilien vor. Hier w\u00c3\u00a4chst die Pflanze haupts\u00c3\u00a4chlich in \u00c3\u00bcberschwemmten Gebieten. Die Samen schwimmen und keimen, sobald sie an Land gesp\u00c3\u00bclt werden. In Asien gilt die Pflanze als Gl\u00c3\u00bccks- und Geldbringer. Daher auch der Spitzname Geldbaum. Der beste Standort f\u00c3\u00bcr den Pachira ist ein Lichtblick. [&hellip;]<\/p>\n","protected":false},"author":3,"featured_media":24145,"comment_status":"closed","ping_status":"closed","template":"","meta":{"inline_featured_image":false},"pwb-brand":[4041],"product_cat":[4000,5977,5196,4770,4036],"product_tag":[],"class_list":{"0":"post-24144","1":"product","2":"type-product","3":"status-publish","4":"has-post-thumbnail","6":"pwb-brand-meergroothandel","7":"product_cat-cat-pflanzen","8":"product_cat-cat-geschenke-fur-pflanzenliebhaber-und-innen","9":"product_cat-cat-gluckskastanien-pachira","10":"product_cat-cat-pflanzen-sets","11":"product_cat-cat-zimmerpflanzen","13":"first","14":"outofstock","15":"sale","16":"taxable","17":"shipping-taxable","18":"purchasable","19":"product-type-simple"},"acf":[],"gtin":"8720634284929","brands":[{"id":4041,"name":"MEERGroothandel","slug":"meergroothandel"}],"_links":{"self":[{"href":"https:\/\/oragarden.de\/en\/wp-json\/wp\/v2\/product\/24144","targetHints":{"allow":["GET"]}}],"collection":[{"href":"https:\/\/oragarden.de\/en\/wp-json\/wp\/v2\/product"}],"about":[{"href":"https:\/\/oragarden.de\/en\/wp-json\/wp\/v2\/types\/product"}],"author":[{"embeddable":true,"href":"https:\/\/oragarden.de\/en\/wp-json\/wp\/v2\/users\/3"}],"replies":[{"embeddable":true,"href":"https:\/\/oragarden.de\/en\/wp-json\/wp\/v2\/comments?post=24144"}],"wp:featuredmedia":[{"embeddable":true,"href":"https:\/\/oragarden.de\/en\/wp-json\/wp\/v2\/media\/24145"}],"wp:attachment":[{"href":"https:\/\/oragarden.de\/en\/wp-json\/wp\/v2\/media?parent=24144"}],"wp:term":[{"taxonomy":"pwb-brand","embeddable":true,"href":"https:\/\/oragarden.de\/en\/wp-json\/wp\/v2\/pwb-brand?post=24144"},{"taxonomy":"product_cat","embeddable":true,"href":"https:\/\/oragarden.de\/en\/wp-json\/wp\/v2\/product_cat?post=24144"},{"taxonomy":"product_tag","embeddable":true,"href":"https:\/\/oragarden.de\/en\/wp-json\/wp\/v2\/product_tag?post=24144"}],"curies":[{"name":"wp","href":"https:\/\/api.w.org\/{rel}","templated":true}]}}