{"id":24129,"date":"2023-07-01T15:41:00","date_gmt":"2023-07-01T16:41:00","guid":{"rendered":"https:\/\/oragarden.de\/product\/xxl-plants-pachira-aquatica-150-cm-%e2%8c%8030-cm\/"},"modified":"2025-10-24T13:14:13","modified_gmt":"2025-10-24T14:14:13","slug":"xxl-plants-pachira-aquatica-150-cm-%e2%8c%8030-cm","status":"publish","type":"product","link":"https:\/\/oragarden.de\/en\/product\/xxl-plants-pachira-aquatica-150-cm-%e2%8c%8030-cm\/","title":{"rendered":"Xxl Plants Pachira Aquatica &#8211; 150 cm, \u230030 cm"},"content":{"rendered":"Der Pachira Aquatica wird auch Geldbaum genannt. Den Namen Geldbaum verdankt diese Zimmerpflanze, weil man im Fernen Osten glaubt, dass die Bl\u00e4tter Geld fangen k\u00f6nnen. Die Pachira ist eine sehr pflegeleichte Zimmerpflanze, ein Gie\u00dfen alle 3 Wochen reicht vollkommen aus. Im Winter wird die Pachira gerne regelm\u00e4\u00dfig gegossen. Im Winter ist die Luftfeuchtigkeit im Raum geringer, wodurch es f\u00fcr die Pachira zu trocken wird. Das Wasser wird im Kofferraum des Pachira gespeichert. Einmal alle 3 Wochen gie\u00dfen reicht aus. Um dies zu \u00fcberpr\u00fcfen, k\u00f6nnen Sie f\u00fchlen, ob die Erde trocken ist. Wenn die Erde noch nicht ausgetrocknet ist, warten Sie eine Weile, bevor Sie gie\u00dfen. Der Geldbaum ben\u00f6tigt mindestens 3 bis 5 Stunden Sonnenlicht pro Tag, obwohl die Pachira helle Sonne nicht gut vertragen kann. Wenn die gr\u00fcne Zimmerpflanze sehr schnell w\u00e4chst, aber wenig Bl\u00e4tter hat. Dann steht die Zimmerpflanze an einem zu dunklen Ort. Achten Sie darauf, dass die Pachira etwas mehr Licht bekommt.","protected":false},"excerpt":{"rendered":"<p>Der Pachira Aquatica wird auch Geldbaum genannt. Den Namen Geldbaum verdankt diese Zimmerpflanze, weil man im Fernen Osten glaubt, dass die Bl\u00e4tter Geld fangen k\u00f6nnen. Die Pachira ist eine sehr pflegeleichte Zimmerpflanze, ein Gie\u00dfen alle 3 Wochen reicht vollkommen aus. Im Winter wird die Pachira gerne regelm\u00e4\u00dfig gegossen. Im Winter ist die Luftfeuchtigkeit im Raum [&hellip;]<\/p>\n","protected":false},"author":3,"featured_media":24130,"comment_status":"closed","ping_status":"closed","template":"","meta":{"inline_featured_image":false},"pwb-brand":[4056],"product_cat":[4000,5196,4036],"product_tag":[],"class_list":{"0":"post-24129","1":"product","2":"type-product","3":"status-publish","4":"has-post-thumbnail","6":"pwb-brand-xxl-plants","7":"product_cat-cat-pflanzen","8":"product_cat-cat-gluckskastanien-pachira","9":"product_cat-cat-zimmerpflanzen","11":"first","12":"outofstock","13":"sale","14":"taxable","15":"shipping-taxable","16":"purchasable","17":"product-type-simple"},"acf":[],"gtin":"8720195201601","brands":[{"id":4056,"name":"Xxl Plants","slug":"xxl-plants"}],"_links":{"self":[{"href":"https:\/\/oragarden.de\/en\/wp-json\/wp\/v2\/product\/24129","targetHints":{"allow":["GET"]}}],"collection":[{"href":"https:\/\/oragarden.de\/en\/wp-json\/wp\/v2\/product"}],"about":[{"href":"https:\/\/oragarden.de\/en\/wp-json\/wp\/v2\/types\/product"}],"author":[{"embeddable":true,"href":"https:\/\/oragarden.de\/en\/wp-json\/wp\/v2\/users\/3"}],"replies":[{"embeddable":true,"href":"https:\/\/oragarden.de\/en\/wp-json\/wp\/v2\/comments?post=24129"}],"wp:featuredmedia":[{"embeddable":true,"href":"https:\/\/oragarden.de\/en\/wp-json\/wp\/v2\/media\/24130"}],"wp:attachment":[{"href":"https:\/\/oragarden.de\/en\/wp-json\/wp\/v2\/media?parent=24129"}],"wp:term":[{"taxonomy":"pwb-brand","embeddable":true,"href":"https:\/\/oragarden.de\/en\/wp-json\/wp\/v2\/pwb-brand?post=24129"},{"taxonomy":"product_cat","embeddable":true,"href":"https:\/\/oragarden.de\/en\/wp-json\/wp\/v2\/product_cat?post=24129"},{"taxonomy":"product_tag","embeddable":true,"href":"https:\/\/oragarden.de\/en\/wp-json\/wp\/v2\/product_tag?post=24129"}],"curies":[{"name":"wp","href":"https:\/\/api.w.org\/{rel}","templated":true}]}}