{"id":24115,"date":"2023-07-01T15:40:00","date_gmt":"2023-07-01T16:40:00","guid":{"rendered":"https:\/\/oragarden.de\/product\/hoogeveen-trachelospermum-star-of-toscana-65-cm-o15-cm\/"},"modified":"2025-10-24T13:14:12","modified_gmt":"2025-10-24T14:14:12","slug":"hoogeveen-trachelospermum-star-of-toscana-65-cm-o15-cm","status":"publish","type":"product","link":"https:\/\/oragarden.de\/en\/product\/hoogeveen-trachelospermum-star-of-toscana-65-cm-o15-cm\/","title":{"rendered":"Hoogeveen Trachelospermum &#8216;Star Of Toscana&#8217; &#8211; 65 cm, \u00d815 cm"},"content":{"rendered":"&#8220;Trachelospermum -Stern von Toscana&#8221; wurde auch aufgrund seiner weichen gelben, sternf\u00f6rmigen Bl\u00fcten als Star Jasmine bezeichnet. Es ist eine mediterrane immergr\u00fcne Kletterpflanze und winterhart bis zu -10 c. Die \u00fcberschw\u00e4ngliche bl\u00fchende Zeit ist von Anfang Juni bis Ende August, w\u00e4hrend dieser Zeit verteilten die Blumen einen k\u00f6stlichen s\u00fc\u00dfen Duft. Die Kletterpflanze braucht ovale, dunkelgr\u00fcne Bl\u00e4tter und st\u00fctzt von einem Kletterrahmen oder Zaun, um gut zu wachsen. Die neu ausgestellten Zweige dieses Sterns Jasmin rollen sich entlang eines Netzes oder Zauns gut. Der beste Ort ist sonnig bis teilweise Schatten und aus dem vollen Wind. Der Stern Jasmin kann in einem normalen n\u00e4hrstoffreichen Boden im offenen Boden gepflanzt werden. Der Star Jasmine w\u00e4chst gut in einem ger\u00e4umigen Topf auf der Terrasse oder einem Balkon.","protected":false},"excerpt":{"rendered":"<p>&#8220;Trachelospermum -Stern von Toscana&#8221; wurde auch aufgrund seiner weichen gelben, sternf\u00f6rmigen Bl\u00fcten als Star Jasmine bezeichnet. Es ist eine mediterrane immergr\u00fcne Kletterpflanze und winterhart bis zu -10 c. Die \u00fcberschw\u00e4ngliche bl\u00fchende Zeit ist von Anfang Juni bis Ende August, w\u00e4hrend dieser Zeit verteilten die Blumen einen k\u00f6stlichen s\u00fc\u00dfen Duft. Die Kletterpflanze braucht ovale, dunkelgr\u00fcne Bl\u00e4tter [&hellip;]<\/p>\n","protected":false},"author":3,"featured_media":24116,"comment_status":"closed","ping_status":"closed","template":"","meta":{"inline_featured_image":false},"pwb-brand":[4968],"product_cat":[4000,4037,5194],"product_tag":[],"class_list":{"0":"post-24115","1":"product","2":"type-product","3":"status-publish","4":"has-post-thumbnail","6":"pwb-brand-hoogeveen","7":"product_cat-cat-pflanzen","8":"product_cat-cat-gartenpflanzen","9":"product_cat-cat-sternjasmine-trachelospermum","11":"first","12":"outofstock","13":"sale","14":"taxable","15":"shipping-taxable","16":"purchasable","17":"product-type-simple"},"acf":[],"gtin":"8719497265893","brands":[{"id":4968,"name":"Hoogeveen","slug":"hoogeveen"}],"_links":{"self":[{"href":"https:\/\/oragarden.de\/en\/wp-json\/wp\/v2\/product\/24115","targetHints":{"allow":["GET"]}}],"collection":[{"href":"https:\/\/oragarden.de\/en\/wp-json\/wp\/v2\/product"}],"about":[{"href":"https:\/\/oragarden.de\/en\/wp-json\/wp\/v2\/types\/product"}],"author":[{"embeddable":true,"href":"https:\/\/oragarden.de\/en\/wp-json\/wp\/v2\/users\/3"}],"replies":[{"embeddable":true,"href":"https:\/\/oragarden.de\/en\/wp-json\/wp\/v2\/comments?post=24115"}],"wp:featuredmedia":[{"embeddable":true,"href":"https:\/\/oragarden.de\/en\/wp-json\/wp\/v2\/media\/24116"}],"wp:attachment":[{"href":"https:\/\/oragarden.de\/en\/wp-json\/wp\/v2\/media?parent=24115"}],"wp:term":[{"taxonomy":"pwb-brand","embeddable":true,"href":"https:\/\/oragarden.de\/en\/wp-json\/wp\/v2\/pwb-brand?post=24115"},{"taxonomy":"product_cat","embeddable":true,"href":"https:\/\/oragarden.de\/en\/wp-json\/wp\/v2\/product_cat?post=24115"},{"taxonomy":"product_tag","embeddable":true,"href":"https:\/\/oragarden.de\/en\/wp-json\/wp\/v2\/product_tag?post=24115"}],"curies":[{"name":"wp","href":"https:\/\/api.w.org\/{rel}","templated":true}]}}