{"id":24094,"date":"2023-07-01T15:38:53","date_gmt":"2023-07-01T16:38:53","guid":{"rendered":"https:\/\/oragarden.de\/product\/son-koot-photinia-fraseri-magical-volcano-30-cm-o19-cm\/"},"modified":"2025-10-24T13:14:11","modified_gmt":"2025-10-24T14:14:11","slug":"son-koot-photinia-fraseri-magical-volcano-30-cm-o19-cm","status":"publish","type":"product","link":"https:\/\/oragarden.de\/en\/product\/son-koot-photinia-fraseri-magical-volcano-30-cm-o19-cm\/","title":{"rendered":"Son &amp; Koot Photinia Fraseri &#8216;Magical Volcano&#8217; &#8211; 30 cm, \u00d819 cm"},"content":{"rendered":"Die Photinia \u201cMagical Vulcano\u201d ist ein immergru\u0308ner Strauch, dessen junges Laub prachtvoll rotgef\u00e4rbt ist. Diese Selektion der Glanzmispel weist mehr Verzweigungen auf als die bekanntere \u201cRed Robin\u201d, sodass die Pflanze attraktiver und u\u0308ppiger wirkt. Bezaubernd sind auch ihre leicht gewellten Bl\u00e4tter. Die Pflanze kann ohne Weiteres 175 cm hoch werden und l\u00e4sst sich prima schneiden, und zwar w\u00e4hrend der gesamten Wachstumsperiode. Eignet sich ideal als Hecke. Die Pflanze liebt einen sonnigen Standort, mindestens einen halben Tag lang. Sie stellt keine besonderen Anspru\u0308che an den Boden.","protected":false},"excerpt":{"rendered":"<p>Die Photinia \u201cMagical Vulcano\u201d ist ein immergru\u0308ner Strauch, dessen junges Laub prachtvoll rotgef\u00e4rbt ist. Diese Selektion der Glanzmispel weist mehr Verzweigungen auf als die bekanntere \u201cRed Robin\u201d, sodass die Pflanze attraktiver und u\u0308ppiger wirkt. Bezaubernd sind auch ihre leicht gewellten Bl\u00e4tter. Die Pflanze kann ohne Weiteres 175 cm hoch werden und l\u00e4sst sich prima schneiden, [&hellip;]<\/p>\n","protected":false},"author":3,"featured_media":24095,"comment_status":"closed","ping_status":"closed","template":"","meta":{"inline_featured_image":false},"pwb-brand":[4932],"product_cat":[4000,4037,5202],"product_tag":[],"class_list":{"0":"post-24094","1":"product","2":"type-product","3":"status-publish","4":"has-post-thumbnail","6":"pwb-brand-son-koot","7":"product_cat-cat-pflanzen","8":"product_cat-cat-gartenpflanzen","9":"product_cat-cat-glanzmispeln-photinia","11":"first","12":"outofstock","13":"sale","14":"taxable","15":"shipping-taxable","16":"purchasable","17":"product-type-simple"},"acf":[],"gtin":"8718182414707","brands":[{"id":4932,"name":"Son &amp; Koot","slug":"son-koot"}],"_links":{"self":[{"href":"https:\/\/oragarden.de\/en\/wp-json\/wp\/v2\/product\/24094","targetHints":{"allow":["GET"]}}],"collection":[{"href":"https:\/\/oragarden.de\/en\/wp-json\/wp\/v2\/product"}],"about":[{"href":"https:\/\/oragarden.de\/en\/wp-json\/wp\/v2\/types\/product"}],"author":[{"embeddable":true,"href":"https:\/\/oragarden.de\/en\/wp-json\/wp\/v2\/users\/3"}],"replies":[{"embeddable":true,"href":"https:\/\/oragarden.de\/en\/wp-json\/wp\/v2\/comments?post=24094"}],"wp:featuredmedia":[{"embeddable":true,"href":"https:\/\/oragarden.de\/en\/wp-json\/wp\/v2\/media\/24095"}],"wp:attachment":[{"href":"https:\/\/oragarden.de\/en\/wp-json\/wp\/v2\/media?parent=24094"}],"wp:term":[{"taxonomy":"pwb-brand","embeddable":true,"href":"https:\/\/oragarden.de\/en\/wp-json\/wp\/v2\/pwb-brand?post=24094"},{"taxonomy":"product_cat","embeddable":true,"href":"https:\/\/oragarden.de\/en\/wp-json\/wp\/v2\/product_cat?post=24094"},{"taxonomy":"product_tag","embeddable":true,"href":"https:\/\/oragarden.de\/en\/wp-json\/wp\/v2\/product_tag?post=24094"}],"curies":[{"name":"wp","href":"https:\/\/api.w.org\/{rel}","templated":true}]}}