{"id":24089,"date":"2023-07-01T15:38:37","date_gmt":"2023-07-01T16:38:37","guid":{"rendered":"https:\/\/oragarden.de\/product\/son-koot-photinia-fraseri-chico-25-cm-o19-cm\/"},"modified":"2025-10-24T13:14:10","modified_gmt":"2025-10-24T14:14:10","slug":"son-koot-photinia-fraseri-chico-25-cm-o19-cm","status":"publish","type":"product","link":"https:\/\/oragarden.de\/en\/product\/son-koot-photinia-fraseri-chico-25-cm-o19-cm\/","title":{"rendered":"Son &amp; Koot Photinia Fraseri &#8216;Chico&#8217; &#8211; 25 cm, \u00d819 cm"},"content":{"rendered":"Die Photinia fraseri \u201eChico\u201c ist eine fantastische neue Z\u00fcchtung aus der immergr\u00fcnen Glanzmispel. Das Auffallendste an dieser Z\u00fcchtung ist der besonders kompakte Wuchs. Die jungen Blatttriebe mit ihrem wundervollen roten Farbton sind einfach bezaubernd. Die Pflanze l\u00e4sst sich prima in jede gew\u00fcnschte Form schneiden, man kann sie also bestens zu einer Kugel oder einer niedrigen Hecke zurechtstutzen. Sie gibt sich mit jedem annehmbaren Boden und jedem nicht zu dunklen Standort zufrieden. \u201eChico\u201c w\u00e4chst von selbst mehr oder weniger kugelf\u00f6rmig und erreicht langsam eine H\u00f6he von bis zu 50 cm. Ein R\u00fcckschnitt ist w\u00e4hrend der Wachstumsperiode m\u00f6glich. Winterhart bis &#8211; 15\u00b0C.","protected":false},"excerpt":{"rendered":"<p>Die Photinia fraseri \u201eChico\u201c ist eine fantastische neue Z\u00fcchtung aus der immergr\u00fcnen Glanzmispel. Das Auffallendste an dieser Z\u00fcchtung ist der besonders kompakte Wuchs. Die jungen Blatttriebe mit ihrem wundervollen roten Farbton sind einfach bezaubernd. Die Pflanze l\u00e4sst sich prima in jede gew\u00fcnschte Form schneiden, man kann sie also bestens zu einer Kugel oder einer niedrigen [&hellip;]<\/p>\n","protected":false},"author":3,"featured_media":24090,"comment_status":"closed","ping_status":"closed","template":"","meta":{"inline_featured_image":false},"pwb-brand":[4932],"product_cat":[4000,4037,5202],"product_tag":[],"class_list":{"0":"post-24089","1":"product","2":"type-product","3":"status-publish","4":"has-post-thumbnail","6":"pwb-brand-son-koot","7":"product_cat-cat-pflanzen","8":"product_cat-cat-gartenpflanzen","9":"product_cat-cat-glanzmispeln-photinia","11":"first","12":"outofstock","13":"sale","14":"taxable","15":"shipping-taxable","16":"purchasable","17":"product-type-simple"},"acf":[],"gtin":"8718182419207","brands":[{"id":4932,"name":"Son &amp; Koot","slug":"son-koot"}],"_links":{"self":[{"href":"https:\/\/oragarden.de\/en\/wp-json\/wp\/v2\/product\/24089","targetHints":{"allow":["GET"]}}],"collection":[{"href":"https:\/\/oragarden.de\/en\/wp-json\/wp\/v2\/product"}],"about":[{"href":"https:\/\/oragarden.de\/en\/wp-json\/wp\/v2\/types\/product"}],"author":[{"embeddable":true,"href":"https:\/\/oragarden.de\/en\/wp-json\/wp\/v2\/users\/3"}],"replies":[{"embeddable":true,"href":"https:\/\/oragarden.de\/en\/wp-json\/wp\/v2\/comments?post=24089"}],"wp:featuredmedia":[{"embeddable":true,"href":"https:\/\/oragarden.de\/en\/wp-json\/wp\/v2\/media\/24090"}],"wp:attachment":[{"href":"https:\/\/oragarden.de\/en\/wp-json\/wp\/v2\/media?parent=24089"}],"wp:term":[{"taxonomy":"pwb-brand","embeddable":true,"href":"https:\/\/oragarden.de\/en\/wp-json\/wp\/v2\/pwb-brand?post=24089"},{"taxonomy":"product_cat","embeddable":true,"href":"https:\/\/oragarden.de\/en\/wp-json\/wp\/v2\/product_cat?post=24089"},{"taxonomy":"product_tag","embeddable":true,"href":"https:\/\/oragarden.de\/en\/wp-json\/wp\/v2\/product_tag?post=24089"}],"curies":[{"name":"wp","href":"https:\/\/api.w.org\/{rel}","templated":true}]}}