{"id":24072,"date":"2023-07-01T15:37:27","date_gmt":"2023-07-01T16:37:27","guid":{"rendered":"https:\/\/oragarden.de\/product\/wtm-de-boer-euonymus-emerald-n-gaity-p9-10-25-6er-set\/"},"modified":"2025-10-24T13:14:09","modified_gmt":"2025-10-24T14:14:09","slug":"wtm-de-boer-euonymus-emerald-n-gaity-p9-10-25-6er-set","status":"publish","type":"product","link":"https:\/\/oragarden.de\/en\/product\/wtm-de-boer-euonymus-emerald-n-gaity-p9-10-25-6er-set\/","title":{"rendered":"Wtm De Boer Euonymus &#8216;Emerald &#8216;N Gaity&#8217; P9 10\/25 6er Set"},"content":{"rendered":"Euonymus fortunei &#8216;Emerald n Gold&#8217; kann sehr vielseitig verwendet werden, n\u00e4mlich als Pflanzkasten, Hecke oder Solit\u00e4r. Seine Bl\u00e4tter werden gelb bunt. Sie w\u00e4chst auf jedem Boden und sowohl in der Sonne als auch im Schatten. Die Pflanze wird ca. 40-50 cm hoch. Wenn Sie Euonymus beschneiden m\u00f6chten, tun Sie dies bitte vor Ende M\u00e4rz des neuen Jahres oder um den l\u00e4ngsten Tag herum. Bitte beachten Sie: Pflanzen sind ein lebendes Produkt, was bedeutet, dass sie von dem Foto und der Beschreibung abweichen k\u00f6nnen. Wir wachsen auch auf nat\u00fcrliche Weise. Das bedeutet, dass wir, wenn es nicht n\u00f6tig ist, nicht direkt eingreifen, um Insekten und bestimmte Unregelm\u00e4\u00dfigkeiten in der Anlage zu beseitigen. Dadurch kann die Pflanze in manchen F\u00e4llen optisch nicht perfekt sein, erholt sich aber trotzdem in Ihrem Garten. Wir versprechen, dass unsere Pflanze ein starkes Produkt ist, das Ihnen lang anhaltenden Komfort und Freude bereiten wird. Unsere Pflanzen werden in einem recycelbaren Anzuchttopf aus Kunststoff geliefert, der bei richtiger Trennung wieder in den Kunststoffkreislauf zur\u00fcckgef\u00fchrt wird. Alle Pflanzen werden direkt aus unserer eigenen G\u00e4rtnerei verpackt und versendet.","protected":false},"excerpt":{"rendered":"<p>Euonymus fortunei &#8216;Emerald n Gold&#8217; kann sehr vielseitig verwendet werden, n\u00e4mlich als Pflanzkasten, Hecke oder Solit\u00e4r. Seine Bl\u00e4tter werden gelb bunt. Sie w\u00e4chst auf jedem Boden und sowohl in der Sonne als auch im Schatten. Die Pflanze wird ca. 40-50 cm hoch. Wenn Sie Euonymus beschneiden m\u00f6chten, tun Sie dies bitte vor Ende M\u00e4rz des [&hellip;]<\/p>\n","protected":false},"author":3,"featured_media":24073,"comment_status":"closed","ping_status":"closed","template":"","meta":{"inline_featured_image":false},"pwb-brand":[5140],"product_cat":[4000,4037,4770,5214],"product_tag":[],"class_list":{"0":"post-24072","1":"product","2":"type-product","3":"status-publish","4":"has-post-thumbnail","6":"pwb-brand-wtm-de-boer","7":"product_cat-cat-pflanzen","8":"product_cat-cat-gartenpflanzen","9":"product_cat-cat-pflanzen-sets","10":"product_cat-cat-spindelstraucher-euonymus","12":"first","13":"outofstock","14":"sale","15":"taxable","16":"shipping-taxable","17":"purchasable","18":"product-type-simple"},"acf":[],"gtin":"8720892078629","brands":[{"id":5140,"name":"Wtm De Boer","slug":"wtm-de-boer"}],"_links":{"self":[{"href":"https:\/\/oragarden.de\/en\/wp-json\/wp\/v2\/product\/24072","targetHints":{"allow":["GET"]}}],"collection":[{"href":"https:\/\/oragarden.de\/en\/wp-json\/wp\/v2\/product"}],"about":[{"href":"https:\/\/oragarden.de\/en\/wp-json\/wp\/v2\/types\/product"}],"author":[{"embeddable":true,"href":"https:\/\/oragarden.de\/en\/wp-json\/wp\/v2\/users\/3"}],"replies":[{"embeddable":true,"href":"https:\/\/oragarden.de\/en\/wp-json\/wp\/v2\/comments?post=24072"}],"wp:featuredmedia":[{"embeddable":true,"href":"https:\/\/oragarden.de\/en\/wp-json\/wp\/v2\/media\/24073"}],"wp:attachment":[{"href":"https:\/\/oragarden.de\/en\/wp-json\/wp\/v2\/media?parent=24072"}],"wp:term":[{"taxonomy":"pwb-brand","embeddable":true,"href":"https:\/\/oragarden.de\/en\/wp-json\/wp\/v2\/pwb-brand?post=24072"},{"taxonomy":"product_cat","embeddable":true,"href":"https:\/\/oragarden.de\/en\/wp-json\/wp\/v2\/product_cat?post=24072"},{"taxonomy":"product_tag","embeddable":true,"href":"https:\/\/oragarden.de\/en\/wp-json\/wp\/v2\/product_tag?post=24072"}],"curies":[{"name":"wp","href":"https:\/\/api.w.org\/{rel}","templated":true}]}}