{"id":24052,"date":"2023-07-01T15:30:29","date_gmt":"2023-07-01T16:30:29","guid":{"rendered":"https:\/\/oragarden.de\/product\/green-boutiq-kunstpflanze-magnolia-grandiflora-150-cm\/"},"modified":"2025-10-24T13:14:07","modified_gmt":"2025-10-24T14:14:07","slug":"green-boutiq-kunstpflanze-magnolia-grandiflora-150-cm","status":"publish","type":"product","link":"https:\/\/oragarden.de\/en\/product\/green-boutiq-kunstpflanze-magnolia-grandiflora-150-cm\/","title":{"rendered":"Green Boutiq Kunstpflanze Magnolia Grandiflora &#8211; 150 cm"},"content":{"rendered":"<h2>Magnolia Grandiflora: Ein wundersch\u00f6ner Kunstbaum f\u00fcr Zuhause oder das B\u00fcro<\/h2>\n\n<p>Erleben Sie die Sch\u00f6nheit des S\u00fcdens in Ihrem eigenen Zuhause oder B\u00fcro mit unserer k\u00fcnstlichen Magnolie. Mit ihren ovalen Bl\u00e4ttern aus Seide und einem Holzstamm, der t\u00e4uschend echt wirkt, wird sie f\u00fcr viele Jahre ein Blickfang sein. Unsere Magnolia ist zwar kleiner als ihr nat\u00fcrlicher Gegenst\u00fcck aus dem S\u00fcden der USA, aber trotzdem beeindruckend. Leider werden Sie keine wei\u00dfen Bl\u00fcten im Sommer sehen. Die Magnolia Grandiflora ist auch in einer gr\u00f6\u00dferen \/ kleineren Gr\u00f6\u00dfe erh\u00e4ltlich.<\/p>\n\n<h3>Kunstpflanzen lassen Ihr Interieur erstrahlen<\/h3>\n\n<p>Mit Kunstpflanzen haben Sie die Freiheit, Ihr Interieur nach Ihrem eigenen Geschmack zu gestalten. Stellen Sie sie auf ein Regal, auf den Boden oder h\u00e4ngen Sie sie an die Wand &#8211; die M\u00f6glichkeiten sind endlos. Sie k\u00f6nnen die Anordnung \u00e4ndern oder sie in einen anderen Raum verschieben, ohne sich Sorgen machen zu m\u00fcssen, ob sie gedeihen. Unsere Kunstpflanzen passen sich jeder Raumgestaltung und jedem Einrichtungsstil an, egal ob Sie eine moderne und minimalistische Einrichtung oder einen klassischen und l\u00e4ndlichen Stil bevorzugen. Sie f\u00fcgen einen Hauch von Gr\u00fcn hinzu und schaffen eine warme und einladende Atmosph\u00e4re in jedem Raum. Mit Kunstpflanzen k\u00f6nnen Sie Ihr Interieur immer wieder erneuern und nach Ihren W\u00fcnschen anpassen.<\/p>","protected":false},"excerpt":{"rendered":"<p>Magnolia Grandiflora: Ein wundersch\u00f6ner Kunstbaum f\u00fcr Zuhause oder das B\u00fcro Erleben Sie die Sch\u00f6nheit des S\u00fcdens in Ihrem eigenen Zuhause oder B\u00fcro mit unserer k\u00fcnstlichen Magnolie. Mit ihren ovalen Bl\u00e4ttern aus Seide und einem Holzstamm, der t\u00e4uschend echt wirkt, wird sie f\u00fcr viele Jahre ein Blickfang sein. Unsere Magnolia ist zwar kleiner als ihr nat\u00fcrlicher [&hellip;]<\/p>\n","protected":false},"author":3,"featured_media":24053,"comment_status":"closed","ping_status":"closed","template":"","meta":{"inline_featured_image":false},"pwb-brand":[4039],"product_cat":[4038],"product_tag":[],"class_list":{"0":"post-24052","1":"product","2":"type-product","3":"status-publish","4":"has-post-thumbnail","6":"pwb-brand-green-boutiq","7":"product_cat-cat-kunstpflanzen","9":"first","10":"outofstock","11":"sale","12":"taxable","13":"shipping-taxable","14":"purchasable","15":"product-type-simple"},"acf":[],"gtin":"8720872540399","brands":[{"id":4039,"name":"Green Boutiq","slug":"green-boutiq"}],"_links":{"self":[{"href":"https:\/\/oragarden.de\/en\/wp-json\/wp\/v2\/product\/24052","targetHints":{"allow":["GET"]}}],"collection":[{"href":"https:\/\/oragarden.de\/en\/wp-json\/wp\/v2\/product"}],"about":[{"href":"https:\/\/oragarden.de\/en\/wp-json\/wp\/v2\/types\/product"}],"author":[{"embeddable":true,"href":"https:\/\/oragarden.de\/en\/wp-json\/wp\/v2\/users\/3"}],"replies":[{"embeddable":true,"href":"https:\/\/oragarden.de\/en\/wp-json\/wp\/v2\/comments?post=24052"}],"wp:featuredmedia":[{"embeddable":true,"href":"https:\/\/oragarden.de\/en\/wp-json\/wp\/v2\/media\/24053"}],"wp:attachment":[{"href":"https:\/\/oragarden.de\/en\/wp-json\/wp\/v2\/media?parent=24052"}],"wp:term":[{"taxonomy":"pwb-brand","embeddable":true,"href":"https:\/\/oragarden.de\/en\/wp-json\/wp\/v2\/pwb-brand?post=24052"},{"taxonomy":"product_cat","embeddable":true,"href":"https:\/\/oragarden.de\/en\/wp-json\/wp\/v2\/product_cat?post=24052"},{"taxonomy":"product_tag","embeddable":true,"href":"https:\/\/oragarden.de\/en\/wp-json\/wp\/v2\/product_tag?post=24052"}],"curies":[{"name":"wp","href":"https:\/\/api.w.org\/{rel}","templated":true}]}}