{"id":24047,"date":"2023-07-01T15:30:10","date_gmt":"2023-07-01T16:30:10","guid":{"rendered":"https:\/\/oragarden.de\/product\/green-boutiq-kunstpflanze-magnolia-grandiflora-180-cm\/"},"modified":"2025-10-24T13:14:06","modified_gmt":"2025-10-24T14:14:06","slug":"green-boutiq-kunstpflanze-magnolia-grandiflora-180-cm","status":"publish","type":"product","link":"https:\/\/oragarden.de\/en\/product\/green-boutiq-kunstpflanze-magnolia-grandiflora-180-cm\/","title":{"rendered":"Green Boutiq Kunstpflanze Magnolia Grandiflora &#8211; 180 cm"},"content":{"rendered":"<h2>Magnolia Grandiflora: ein Kunstbaum, der wie echt aussieht<\/h2>\n\n<p>Erleben Sie die Sch\u00f6nheit des S\u00fcdens in Ihrem eigenen Zuhause oder B\u00fcro mit unserer k\u00fcnstlichen Magnolie. Mit ihren ovalen Bl\u00e4ttern aus Seide und einem Holzstamm, der t\u00e4uschend echt wirkt, wird sie f\u00fcr viele Jahre ein Blickfang sein. Unsere Magnolia ist zwar kleiner als ihr nat\u00fcrlicher Gegenst\u00fcck aus dem S\u00fcden der USA, aber trotzdem beeindruckend. Leider werden Sie keine wei\u00dfen Bl\u00fcten im Sommer sehen. Die Magnolia Grandiflora ist auch in einer gr\u00f6\u00dferen \/ kleineren Gr\u00f6\u00dfe erh\u00e4ltlich.<\/p>\n\n<h3>Das ganze Jahr \u00fcber Freude an Ihren Kunstpflanzen haben<\/h3>\n<p>Bringen Sie die Sch\u00f6nheit der Natur das ganze Jahr \u00fcber in Ihr Zuhause mit Kunstpflanzen. Unsere Kunstpflanzen sind nicht von Temperaturschwankungen abh\u00e4ngig und bleiben immer frisch und lebendig. Genie\u00dfen Sie \u00fcppiges Gr\u00fcn und bunte Bl\u00e4tter, unabh\u00e4ngig von der Witterung drau\u00dfen. Ob mitten im Winter oder mitten im Sommer, Kunstpflanzen bringen immer Gr\u00fcn und Leben in Ihr Interieur. Mit Kunstpflanzen k\u00f6nnen Sie das ganze Jahr \u00fcber eine wundersch\u00f6ne gr\u00fcne Atmosph\u00e4re in Ihrem Zuhause genie\u00dfen, unabh\u00e4ngig von der Jahreszeit.<\/p>","protected":false},"excerpt":{"rendered":"<p>Magnolia Grandiflora: ein Kunstbaum, der wie echt aussieht Erleben Sie die Sch\u00f6nheit des S\u00fcdens in Ihrem eigenen Zuhause oder B\u00fcro mit unserer k\u00fcnstlichen Magnolie. Mit ihren ovalen Bl\u00e4ttern aus Seide und einem Holzstamm, der t\u00e4uschend echt wirkt, wird sie f\u00fcr viele Jahre ein Blickfang sein. Unsere Magnolia ist zwar kleiner als ihr nat\u00fcrlicher Gegenst\u00fcck aus [&hellip;]<\/p>\n","protected":false},"author":3,"featured_media":24048,"comment_status":"closed","ping_status":"closed","template":"","meta":{"inline_featured_image":false},"pwb-brand":[4039],"product_cat":[4038],"product_tag":[],"class_list":{"0":"post-24047","1":"product","2":"type-product","3":"status-publish","4":"has-post-thumbnail","6":"pwb-brand-green-boutiq","7":"product_cat-cat-kunstpflanzen","9":"first","10":"outofstock","11":"sale","12":"taxable","13":"shipping-taxable","14":"purchasable","15":"product-type-simple"},"acf":[],"gtin":"8720872540405","brands":[{"id":4039,"name":"Green Boutiq","slug":"green-boutiq"}],"_links":{"self":[{"href":"https:\/\/oragarden.de\/en\/wp-json\/wp\/v2\/product\/24047","targetHints":{"allow":["GET"]}}],"collection":[{"href":"https:\/\/oragarden.de\/en\/wp-json\/wp\/v2\/product"}],"about":[{"href":"https:\/\/oragarden.de\/en\/wp-json\/wp\/v2\/types\/product"}],"author":[{"embeddable":true,"href":"https:\/\/oragarden.de\/en\/wp-json\/wp\/v2\/users\/3"}],"replies":[{"embeddable":true,"href":"https:\/\/oragarden.de\/en\/wp-json\/wp\/v2\/comments?post=24047"}],"wp:featuredmedia":[{"embeddable":true,"href":"https:\/\/oragarden.de\/en\/wp-json\/wp\/v2\/media\/24048"}],"wp:attachment":[{"href":"https:\/\/oragarden.de\/en\/wp-json\/wp\/v2\/media?parent=24047"}],"wp:term":[{"taxonomy":"pwb-brand","embeddable":true,"href":"https:\/\/oragarden.de\/en\/wp-json\/wp\/v2\/pwb-brand?post=24047"},{"taxonomy":"product_cat","embeddable":true,"href":"https:\/\/oragarden.de\/en\/wp-json\/wp\/v2\/product_cat?post=24047"},{"taxonomy":"product_tag","embeddable":true,"href":"https:\/\/oragarden.de\/en\/wp-json\/wp\/v2\/product_tag?post=24047"}],"curies":[{"name":"wp","href":"https:\/\/api.w.org\/{rel}","templated":true}]}}