{"id":24039,"date":"2023-07-01T15:29:19","date_gmt":"2023-07-01T16:29:19","guid":{"rendered":"https:\/\/oragarden.de\/product\/son-koot-eucalyptus-pul-baby-blue-30-cm-o17-cm\/"},"modified":"2025-10-24T13:14:05","modified_gmt":"2025-10-24T14:14:05","slug":"son-koot-eucalyptus-pul-baby-blue-30-cm-o17-cm","status":"publish","type":"product","link":"https:\/\/oragarden.de\/en\/product\/son-koot-eucalyptus-pul-baby-blue-30-cm-o17-cm\/","title":{"rendered":"Son &amp; Koot Eucalyptus Pul. &#8216;Baby Blue&#8217; &#8211; 30 cm, \u00d817 cm"},"content":{"rendered":"Der Eucalyptus pulverulenta ,,Baby Blue\u201c ist eine sehr dicht wachsende Variante des Mentholbaums. Sehr auff\u00e4llig sind seine blaugrauen Bl\u00e4tter. In seinen jungen Jahren sind die Bl\u00e4tter rund, sp\u00e4ter nehmen sie eine l\u00e4ngliche Form an. Dieser immergr\u00fcne BOTANIC FRIEND kann mehrere Meter hoch werden, l\u00e4sst sich aber auch durch R\u00fcckschnitt klein halten. Die blatttragenden Zweige k\u00f6nnen f\u00fcr Blumenstr\u00e4u\u00dfe verwendet und w\u00e4hrend der gesamten Vegetationsperiode geschnitten werden. Sehr gut geeignet f\u00fcr die Bepflanzung von einem gro\u00dfen Topf. Kann bei strengem Frost etwas Schutz gebrauchen. Er mag einen halben Tag oder mehr Sonne und w\u00e4chst in jedem gut durchl\u00e4ssigen Boden.","protected":false},"excerpt":{"rendered":"<p>Der Eucalyptus pulverulenta ,,Baby Blue\u201c ist eine sehr dicht wachsende Variante des Mentholbaums. Sehr auff\u00e4llig sind seine blaugrauen Bl\u00e4tter. In seinen jungen Jahren sind die Bl\u00e4tter rund, sp\u00e4ter nehmen sie eine l\u00e4ngliche Form an. Dieser immergr\u00fcne BOTANIC FRIEND kann mehrere Meter hoch werden, l\u00e4sst sich aber auch durch R\u00fcckschnitt klein halten. Die blatttragenden Zweige k\u00f6nnen [&hellip;]<\/p>\n","protected":false},"author":3,"featured_media":24040,"comment_status":"closed","ping_status":"closed","template":"","meta":{"inline_featured_image":false},"pwb-brand":[4932],"product_cat":[5205],"product_tag":[],"class_list":{"0":"post-24039","1":"product","2":"type-product","3":"status-publish","4":"has-post-thumbnail","6":"pwb-brand-son-koot","7":"product_cat-cat-eukalyptus","9":"first","10":"outofstock","11":"sale","12":"taxable","13":"shipping-taxable","14":"purchasable","15":"product-type-simple"},"acf":[],"gtin":"8720289120221","brands":[{"id":4932,"name":"Son &amp; Koot","slug":"son-koot"}],"_links":{"self":[{"href":"https:\/\/oragarden.de\/en\/wp-json\/wp\/v2\/product\/24039","targetHints":{"allow":["GET"]}}],"collection":[{"href":"https:\/\/oragarden.de\/en\/wp-json\/wp\/v2\/product"}],"about":[{"href":"https:\/\/oragarden.de\/en\/wp-json\/wp\/v2\/types\/product"}],"author":[{"embeddable":true,"href":"https:\/\/oragarden.de\/en\/wp-json\/wp\/v2\/users\/3"}],"replies":[{"embeddable":true,"href":"https:\/\/oragarden.de\/en\/wp-json\/wp\/v2\/comments?post=24039"}],"wp:featuredmedia":[{"embeddable":true,"href":"https:\/\/oragarden.de\/en\/wp-json\/wp\/v2\/media\/24040"}],"wp:attachment":[{"href":"https:\/\/oragarden.de\/en\/wp-json\/wp\/v2\/media?parent=24039"}],"wp:term":[{"taxonomy":"pwb-brand","embeddable":true,"href":"https:\/\/oragarden.de\/en\/wp-json\/wp\/v2\/pwb-brand?post=24039"},{"taxonomy":"product_cat","embeddable":true,"href":"https:\/\/oragarden.de\/en\/wp-json\/wp\/v2\/product_cat?post=24039"},{"taxonomy":"product_tag","embeddable":true,"href":"https:\/\/oragarden.de\/en\/wp-json\/wp\/v2\/product_tag?post=24039"}],"curies":[{"name":"wp","href":"https:\/\/api.w.org\/{rel}","templated":true}]}}