{"id":24026,"date":"2023-07-01T15:28:30","date_gmt":"2023-07-01T16:28:30","guid":{"rendered":"https:\/\/oragarden.de\/product\/hoogeveen-vaccinium-corymbosum-brigitta-blue-45-cm-o13-cm\/"},"modified":"2025-10-24T13:14:04","modified_gmt":"2025-10-24T14:14:04","slug":"hoogeveen-vaccinium-corymbosum-brigitta-blue-45-cm-o13-cm","status":"publish","type":"product","link":"https:\/\/oragarden.de\/en\/product\/hoogeveen-vaccinium-corymbosum-brigitta-blue-45-cm-o13-cm\/","title":{"rendered":"Hoogeveen Vaccinium Corymbosum &#8216;Brigitta Blue&#8217; &#8211; 45 cm, \u00d813 cm"},"content":{"rendered":"Leckeres gr\u00fcn, 100% biologisch angebaute Fr\u00fcchte. Dies bedeutet, dass beim Anbau nur Gem\u00fcse- und Tiermaterialien verwendet wurden. Der Topf und das Etikett bestehen aus recyceltem Kunststoff und damit eine saubere L\u00f6sung f\u00fcr die Umwelt.\n&#8220;Vaccinium corymbosum Brigitta Blue&#8221; ist eine amerikanische Blaubeere, die auch als Blueberry bekannt ist. Der Busch hat d\u00fcnne \u00c4ste und kleine frische gr\u00fcne Bl\u00e4tter. Die Fr\u00fcchte sind robust, hellblau mit einem guten Geschmack. Sie k\u00f6nnen von Mitte von Juli bis Mitte August ausgew\u00e4hlt werden. Die Blaubeeren k\u00f6nnen eine Woche lang frisch gehalten werden und Sie k\u00f6nnen sie auch einfrieren. Die Blaubeere bl\u00fcht in Trauben und die Blume ist wei\u00dfe Creme zu rosa Farbe. Die Bl\u00fcte erfolgt in der ersten Maih\u00e4lfte. Diese Pflanze ist v\u00f6llig selbstfeind und braucht fast keine Sorgfalt. Die Beeren sind f\u00fcr V\u00f6gel nicht sehr attraktiv, aber manchmal kann es noch notwendig sein, die Pflanzen abzudecken. Das &#8220;Brigitta Blue&#8221; ist eine Art, die bei fast allen Bodenarten gut abschneidet.","protected":false},"excerpt":{"rendered":"<p>Leckeres gr\u00fcn, 100% biologisch angebaute Fr\u00fcchte. Dies bedeutet, dass beim Anbau nur Gem\u00fcse- und Tiermaterialien verwendet wurden. Der Topf und das Etikett bestehen aus recyceltem Kunststoff und damit eine saubere L\u00f6sung f\u00fcr die Umwelt. &#8220;Vaccinium corymbosum Brigitta Blue&#8221; ist eine amerikanische Blaubeere, die auch als Blueberry bekannt ist. Der Busch hat d\u00fcnne \u00c4ste und kleine [&hellip;]<\/p>\n","protected":false},"author":3,"featured_media":24027,"comment_status":"closed","ping_status":"closed","template":"","meta":{"inline_featured_image":false},"pwb-brand":[4968],"product_cat":[4000,4037,5192,5217],"product_tag":[],"class_list":{"0":"post-24026","1":"product","2":"type-product","3":"status-publish","4":"has-post-thumbnail","6":"pwb-brand-hoogeveen","7":"product_cat-cat-pflanzen","8":"product_cat-cat-gartenpflanzen","9":"product_cat-cat-heidelbeeren-vaccinium-angustifolium","10":"product_cat-cat-obst","12":"first","13":"outofstock","14":"sale","15":"taxable","16":"shipping-taxable","17":"purchasable","18":"product-type-simple"},"acf":[],"gtin":"8719497267538","brands":[{"id":4968,"name":"Hoogeveen","slug":"hoogeveen"}],"_links":{"self":[{"href":"https:\/\/oragarden.de\/en\/wp-json\/wp\/v2\/product\/24026","targetHints":{"allow":["GET"]}}],"collection":[{"href":"https:\/\/oragarden.de\/en\/wp-json\/wp\/v2\/product"}],"about":[{"href":"https:\/\/oragarden.de\/en\/wp-json\/wp\/v2\/types\/product"}],"author":[{"embeddable":true,"href":"https:\/\/oragarden.de\/en\/wp-json\/wp\/v2\/users\/3"}],"replies":[{"embeddable":true,"href":"https:\/\/oragarden.de\/en\/wp-json\/wp\/v2\/comments?post=24026"}],"wp:featuredmedia":[{"embeddable":true,"href":"https:\/\/oragarden.de\/en\/wp-json\/wp\/v2\/media\/24027"}],"wp:attachment":[{"href":"https:\/\/oragarden.de\/en\/wp-json\/wp\/v2\/media?parent=24026"}],"wp:term":[{"taxonomy":"pwb-brand","embeddable":true,"href":"https:\/\/oragarden.de\/en\/wp-json\/wp\/v2\/pwb-brand?post=24026"},{"taxonomy":"product_cat","embeddable":true,"href":"https:\/\/oragarden.de\/en\/wp-json\/wp\/v2\/product_cat?post=24026"},{"taxonomy":"product_tag","embeddable":true,"href":"https:\/\/oragarden.de\/en\/wp-json\/wp\/v2\/product_tag?post=24026"}],"curies":[{"name":"wp","href":"https:\/\/api.w.org\/{rel}","templated":true}]}}