{"id":24009,"date":"2023-07-01T15:27:24","date_gmt":"2023-07-01T16:27:24","guid":{"rendered":"https:\/\/oragarden.de\/product\/hoogeveen-vaccinium-corymbosum-little-blue-wonder-45-cm-o13-cm\/"},"modified":"2025-10-24T13:14:03","modified_gmt":"2025-10-24T14:14:03","slug":"hoogeveen-vaccinium-corymbosum-little-blue-wonder-45-cm-o13-cm","status":"publish","type":"product","link":"https:\/\/oragarden.de\/en\/product\/hoogeveen-vaccinium-corymbosum-little-blue-wonder-45-cm-o13-cm\/","title":{"rendered":"Hoogeveen Vaccinium Corymbosum &#8216;Little Blue Wonder&#8217; &#8211; 45 cm, \u00d813 cm"},"content":{"rendered":"Leckeres gr\u00fcn, 100% biologisch angebaute Fr\u00fcchte. Dies bedeutet, dass beim Anbau nur Gem\u00fcse- und Tiermaterialien verwendet wurden. Der Topf und das Etikett bestehen aus recyceltem Kunststoff und damit eine saubere L\u00f6sung f\u00fcr die Umwelt.\n&#8220;Vaccinium Little Blue Wonder&#8221; auch als Blaubeer oder amerikanische Blaubeere bekannt. Das &#8220;Little Blue Wonder&#8221; ist eine der kompaktesten Blaubeeren, die Anlage ist nur etwa 50 cm hoch. Die Beeren sind ziemlich klein, haben aber einen sch\u00f6nen frischen Geschmack und eine sch\u00f6ne himmelblaue Farbe. Sie k\u00f6nnen sie sofort vom Busch essen, aber auch sehr geeignet f\u00fcr die Verarbeitung in Marmelade, Kuchen oder Saft. Die Pflanze steht lieber auf einem sonnigen\/semi -Shadow -Ort und braucht ein saueres Land, um zu wachsen. Andernfalls gibt die Pflanze kleine Fr\u00fcchte oder sie kann sogar sterben. Die Blaubeere bl\u00fcht im Mai mit wei\u00dfen Blumen, die sich dann in Beeren verwandeln. Der Beginn der Auswahlzeit ist im Juli","protected":false},"excerpt":{"rendered":"<p>Leckeres gr\u00fcn, 100% biologisch angebaute Fr\u00fcchte. Dies bedeutet, dass beim Anbau nur Gem\u00fcse- und Tiermaterialien verwendet wurden. Der Topf und das Etikett bestehen aus recyceltem Kunststoff und damit eine saubere L\u00f6sung f\u00fcr die Umwelt. &#8220;Vaccinium Little Blue Wonder&#8221; auch als Blaubeer oder amerikanische Blaubeere bekannt. Das &#8220;Little Blue Wonder&#8221; ist eine der kompaktesten Blaubeeren, die [&hellip;]<\/p>\n","protected":false},"author":3,"featured_media":24010,"comment_status":"closed","ping_status":"closed","template":"","meta":{"inline_featured_image":false},"pwb-brand":[4968],"product_cat":[4000,4037,5192,5217],"product_tag":[],"class_list":{"0":"post-24009","1":"product","2":"type-product","3":"status-publish","4":"has-post-thumbnail","6":"pwb-brand-hoogeveen","7":"product_cat-cat-pflanzen","8":"product_cat-cat-gartenpflanzen","9":"product_cat-cat-heidelbeeren-vaccinium-angustifolium","10":"product_cat-cat-obst","12":"first","13":"outofstock","14":"sale","15":"taxable","16":"shipping-taxable","17":"purchasable","18":"product-type-simple"},"acf":[],"gtin":"8719497267811","brands":[{"id":4968,"name":"Hoogeveen","slug":"hoogeveen"}],"_links":{"self":[{"href":"https:\/\/oragarden.de\/en\/wp-json\/wp\/v2\/product\/24009","targetHints":{"allow":["GET"]}}],"collection":[{"href":"https:\/\/oragarden.de\/en\/wp-json\/wp\/v2\/product"}],"about":[{"href":"https:\/\/oragarden.de\/en\/wp-json\/wp\/v2\/types\/product"}],"author":[{"embeddable":true,"href":"https:\/\/oragarden.de\/en\/wp-json\/wp\/v2\/users\/3"}],"replies":[{"embeddable":true,"href":"https:\/\/oragarden.de\/en\/wp-json\/wp\/v2\/comments?post=24009"}],"wp:featuredmedia":[{"embeddable":true,"href":"https:\/\/oragarden.de\/en\/wp-json\/wp\/v2\/media\/24010"}],"wp:attachment":[{"href":"https:\/\/oragarden.de\/en\/wp-json\/wp\/v2\/media?parent=24009"}],"wp:term":[{"taxonomy":"pwb-brand","embeddable":true,"href":"https:\/\/oragarden.de\/en\/wp-json\/wp\/v2\/pwb-brand?post=24009"},{"taxonomy":"product_cat","embeddable":true,"href":"https:\/\/oragarden.de\/en\/wp-json\/wp\/v2\/product_cat?post=24009"},{"taxonomy":"product_tag","embeddable":true,"href":"https:\/\/oragarden.de\/en\/wp-json\/wp\/v2\/product_tag?post=24009"}],"curies":[{"name":"wp","href":"https:\/\/api.w.org\/{rel}","templated":true}]}}