{"id":23992,"date":"2023-07-01T15:26:34","date_gmt":"2023-07-01T16:26:34","guid":{"rendered":"https:\/\/oragarden.de\/product\/hoogeveen-vaccinium-corymbosum-pink-lemonade-45-cm-o13-cm\/"},"modified":"2025-10-24T13:14:02","modified_gmt":"2025-10-24T14:14:02","slug":"hoogeveen-vaccinium-corymbosum-pink-lemonade-45-cm-o13-cm","status":"publish","type":"product","link":"https:\/\/oragarden.de\/en\/product\/hoogeveen-vaccinium-corymbosum-pink-lemonade-45-cm-o13-cm\/","title":{"rendered":"Hoogeveen Vaccinium Corymbosum &#8216;Pink Lemonade&#8217; &#8211; 45 cm, \u00d813 cm"},"content":{"rendered":"Leckeres gr\u00fcn, 100% biologisch angebaute Fr\u00fcchte. Dies bedeutet, dass beim Anbau nur Gem\u00fcse- und Tiermaterialien verwendet wurden. Der Topf und das Etikett bestehen aus recyceltem Kunststoff und damit eine saubere L\u00f6sung f\u00fcr die Umwelt. &#8220;Vaccinium Pink Limonade&#8221; ist eine spezielle Blaubeervariante mit pinkfarbenen Beeren. Der Busch hat feine spitzen gr\u00fcnen Bl\u00e4tter. Im Herbst verwandeln sich die Bl\u00e4tter in helles Orange, ein Fest f\u00fcr die Augen. Die Blumen, die um Mai herum erscheinen, sind auch wundersch\u00f6n, wei\u00df in Farbe und kuschelf\u00f6rmig. Die Fr\u00fcchte haben zun\u00e4chst eine hellgr\u00fcne Farbe und wenn sie reif sind, haben sie eine tiefe Farbe. Sie k\u00f6nnen sie zwischen Juli und August ausw\u00e4hlen.","protected":false},"excerpt":{"rendered":"<p>Leckeres gr\u00fcn, 100% biologisch angebaute Fr\u00fcchte. Dies bedeutet, dass beim Anbau nur Gem\u00fcse- und Tiermaterialien verwendet wurden. Der Topf und das Etikett bestehen aus recyceltem Kunststoff und damit eine saubere L\u00f6sung f\u00fcr die Umwelt. &#8220;Vaccinium Pink Limonade&#8221; ist eine spezielle Blaubeervariante mit pinkfarbenen Beeren. Der Busch hat feine spitzen gr\u00fcnen Bl\u00e4tter. Im Herbst verwandeln sich [&hellip;]<\/p>\n","protected":false},"author":3,"featured_media":23993,"comment_status":"closed","ping_status":"closed","template":"","meta":{"inline_featured_image":false},"pwb-brand":[4968],"product_cat":[4000,4037,5192,5217],"product_tag":[],"class_list":{"0":"post-23992","1":"product","2":"type-product","3":"status-publish","4":"has-post-thumbnail","6":"pwb-brand-hoogeveen","7":"product_cat-cat-pflanzen","8":"product_cat-cat-gartenpflanzen","9":"product_cat-cat-heidelbeeren-vaccinium-angustifolium","10":"product_cat-cat-obst","12":"first","13":"outofstock","14":"sale","15":"taxable","16":"shipping-taxable","17":"purchasable","18":"product-type-simple"},"acf":[],"gtin":"8719497267606","brands":[{"id":4968,"name":"Hoogeveen","slug":"hoogeveen"}],"_links":{"self":[{"href":"https:\/\/oragarden.de\/en\/wp-json\/wp\/v2\/product\/23992","targetHints":{"allow":["GET"]}}],"collection":[{"href":"https:\/\/oragarden.de\/en\/wp-json\/wp\/v2\/product"}],"about":[{"href":"https:\/\/oragarden.de\/en\/wp-json\/wp\/v2\/types\/product"}],"author":[{"embeddable":true,"href":"https:\/\/oragarden.de\/en\/wp-json\/wp\/v2\/users\/3"}],"replies":[{"embeddable":true,"href":"https:\/\/oragarden.de\/en\/wp-json\/wp\/v2\/comments?post=23992"}],"wp:featuredmedia":[{"embeddable":true,"href":"https:\/\/oragarden.de\/en\/wp-json\/wp\/v2\/media\/23993"}],"wp:attachment":[{"href":"https:\/\/oragarden.de\/en\/wp-json\/wp\/v2\/media?parent=23992"}],"wp:term":[{"taxonomy":"pwb-brand","embeddable":true,"href":"https:\/\/oragarden.de\/en\/wp-json\/wp\/v2\/pwb-brand?post=23992"},{"taxonomy":"product_cat","embeddable":true,"href":"https:\/\/oragarden.de\/en\/wp-json\/wp\/v2\/product_cat?post=23992"},{"taxonomy":"product_tag","embeddable":true,"href":"https:\/\/oragarden.de\/en\/wp-json\/wp\/v2\/product_tag?post=23992"}],"curies":[{"name":"wp","href":"https:\/\/api.w.org\/{rel}","templated":true}]}}