{"id":23966,"date":"2023-07-01T15:25:22","date_gmt":"2023-07-01T16:25:22","guid":{"rendered":"https:\/\/oragarden.de\/product\/hoogeveen-malus-domestica-elstar-100-cm-o23-cm\/"},"modified":"2025-10-24T13:14:00","modified_gmt":"2025-10-24T14:14:00","slug":"hoogeveen-malus-domestica-elstar-100-cm-o23-cm","status":"publish","type":"product","link":"https:\/\/oragarden.de\/en\/product\/hoogeveen-malus-domestica-elstar-100-cm-o23-cm\/","title":{"rendered":"Hoogeveen Malus Domestica &#8216;Elstar&#8217; &#8211; 100 cm, \u00d823 cm"},"content":{"rendered":"Leckeres gr\u00fcn, 100% biologisch angebaute Fr\u00fcchte. Dies bedeutet, dass beim Anbau nur Gem\u00fcse- und Tiermaterialien verwendet wurden. Der Topf und das Etikett bestehen aus recyceltem Kunststoff und damit eine saubere L\u00f6sung f\u00fcr die Umwelt.\n&#8220;Malus domestica Elstar&#8221; ist einer der bekanntesten Apfelb\u00e4ume in den Niederlanden. Der Elstar Appel ist eine gut bekannte Rasse, die Sie in jedem Gem\u00fcsegesch\u00e4ft finden k\u00f6nnen, aber nichts ist sch\u00f6ner, als dieses k\u00f6stliche Fr\u00fcchte in Ihrem eigenen Garten anzubauen. Der Baum ist selbstbest\u00e4ubt und hat im Fr\u00fchjahr eine wei\u00df-rosa-Bl\u00fcte. Die frischen Handyles k\u00f6nnen im Herbst ausgew\u00e4hlt werden und haben eine relativ lange Haltbarkeit.","protected":false},"excerpt":{"rendered":"<p>Leckeres gr\u00fcn, 100% biologisch angebaute Fr\u00fcchte. Dies bedeutet, dass beim Anbau nur Gem\u00fcse- und Tiermaterialien verwendet wurden. Der Topf und das Etikett bestehen aus recyceltem Kunststoff und damit eine saubere L\u00f6sung f\u00fcr die Umwelt. &#8220;Malus domestica Elstar&#8221; ist einer der bekanntesten Apfelb\u00e4ume in den Niederlanden. Der Elstar Appel ist eine gut bekannte Rasse, die Sie [&hellip;]<\/p>\n","protected":false},"author":3,"featured_media":23967,"comment_status":"closed","ping_status":"closed","template":"","meta":{"inline_featured_image":false},"pwb-brand":[4968],"product_cat":[4000,5150,4037,5217],"product_tag":[],"class_list":{"0":"post-23966","1":"product","2":"type-product","3":"status-publish","4":"has-post-thumbnail","6":"pwb-brand-hoogeveen","7":"product_cat-cat-pflanzen","8":"product_cat-cat-apfelbaume","9":"product_cat-cat-gartenpflanzen","10":"product_cat-cat-obst","12":"first","13":"outofstock","14":"sale","15":"taxable","16":"shipping-taxable","17":"purchasable","18":"product-type-simple"},"acf":[],"gtin":"8719474817664","brands":[{"id":4968,"name":"Hoogeveen","slug":"hoogeveen"}],"_links":{"self":[{"href":"https:\/\/oragarden.de\/en\/wp-json\/wp\/v2\/product\/23966","targetHints":{"allow":["GET"]}}],"collection":[{"href":"https:\/\/oragarden.de\/en\/wp-json\/wp\/v2\/product"}],"about":[{"href":"https:\/\/oragarden.de\/en\/wp-json\/wp\/v2\/types\/product"}],"author":[{"embeddable":true,"href":"https:\/\/oragarden.de\/en\/wp-json\/wp\/v2\/users\/3"}],"replies":[{"embeddable":true,"href":"https:\/\/oragarden.de\/en\/wp-json\/wp\/v2\/comments?post=23966"}],"wp:featuredmedia":[{"embeddable":true,"href":"https:\/\/oragarden.de\/en\/wp-json\/wp\/v2\/media\/23967"}],"wp:attachment":[{"href":"https:\/\/oragarden.de\/en\/wp-json\/wp\/v2\/media?parent=23966"}],"wp:term":[{"taxonomy":"pwb-brand","embeddable":true,"href":"https:\/\/oragarden.de\/en\/wp-json\/wp\/v2\/pwb-brand?post=23966"},{"taxonomy":"product_cat","embeddable":true,"href":"https:\/\/oragarden.de\/en\/wp-json\/wp\/v2\/product_cat?post=23966"},{"taxonomy":"product_tag","embeddable":true,"href":"https:\/\/oragarden.de\/en\/wp-json\/wp\/v2\/product_tag?post=23966"}],"curies":[{"name":"wp","href":"https:\/\/api.w.org\/{rel}","templated":true}]}}