{"id":23941,"date":"2023-07-01T15:18:35","date_gmt":"2023-07-01T16:18:35","guid":{"rendered":"https:\/\/oragarden.de\/product\/hoogeveen-malus-domestica-rode-boskoop-100-cm-o23-cm\/"},"modified":"2025-10-24T13:13:59","modified_gmt":"2025-10-24T14:13:59","slug":"hoogeveen-malus-domestica-rode-boskoop-100-cm-o23-cm","status":"publish","type":"product","link":"https:\/\/oragarden.de\/en\/product\/hoogeveen-malus-domestica-rode-boskoop-100-cm-o23-cm\/","title":{"rendered":"Hoogeveen Malus Domestica &#8216;Rode Boskoop&#8217; &#8211; 100 cm, \u00d823 cm"},"content":{"rendered":"Leckeres gr\u00fcn, 100% biologisch angebaute Fr\u00fcchte. Dies bedeutet, dass beim Anbau nur Gem\u00fcse- und Tiermaterialien verwendet wurden. Der Topf und das Etikett bestehen aus recyceltem Kunststoff und damit eine saubere L\u00f6sung f\u00fcr die Umwelt.\n&#8220;Malus domestica Rode Boskoop&#8221; ist ein Apfelbaum, der auch Goudreinet oder Schone Van Boskoop genannt wird. Der Apfel hat eine stumpfe Farbe und variiert von gr\u00fcn-gelb bis bronzeartig mit oft err\u00f6tend. Es ist ein ziemlich solider Apfel mit einem frischen sauren, leicht s\u00fc\u00dfen Geschmack. Aufgrund seiner trockenen und raueren Peeling ist der Apfel als Apfel weniger beliebt. Da der Apfel beim Kochen seine Struktur und seinen Geschmack beh\u00e4lt, ist es eine der besten \u00c4pfel f\u00fcr Apfelkuchen oder Apfelsauce.","protected":false},"excerpt":{"rendered":"<p>Leckeres gr\u00fcn, 100% biologisch angebaute Fr\u00fcchte. Dies bedeutet, dass beim Anbau nur Gem\u00fcse- und Tiermaterialien verwendet wurden. Der Topf und das Etikett bestehen aus recyceltem Kunststoff und damit eine saubere L\u00f6sung f\u00fcr die Umwelt. &#8220;Malus domestica Rode Boskoop&#8221; ist ein Apfelbaum, der auch Goudreinet oder Schone Van Boskoop genannt wird. Der Apfel hat eine stumpfe [&hellip;]<\/p>\n","protected":false},"author":3,"featured_media":23942,"comment_status":"closed","ping_status":"closed","template":"","meta":{"inline_featured_image":false},"pwb-brand":[4968],"product_cat":[4000,5150,4037,5217],"product_tag":[],"class_list":{"0":"post-23941","1":"product","2":"type-product","3":"status-publish","4":"has-post-thumbnail","6":"pwb-brand-hoogeveen","7":"product_cat-cat-pflanzen","8":"product_cat-cat-apfelbaume","9":"product_cat-cat-gartenpflanzen","10":"product_cat-cat-obst","12":"first","13":"outofstock","14":"sale","15":"taxable","16":"shipping-taxable","17":"purchasable","18":"product-type-simple"},"acf":[],"gtin":"8719474816285","brands":[{"id":4968,"name":"Hoogeveen","slug":"hoogeveen"}],"_links":{"self":[{"href":"https:\/\/oragarden.de\/en\/wp-json\/wp\/v2\/product\/23941","targetHints":{"allow":["GET"]}}],"collection":[{"href":"https:\/\/oragarden.de\/en\/wp-json\/wp\/v2\/product"}],"about":[{"href":"https:\/\/oragarden.de\/en\/wp-json\/wp\/v2\/types\/product"}],"author":[{"embeddable":true,"href":"https:\/\/oragarden.de\/en\/wp-json\/wp\/v2\/users\/3"}],"replies":[{"embeddable":true,"href":"https:\/\/oragarden.de\/en\/wp-json\/wp\/v2\/comments?post=23941"}],"wp:featuredmedia":[{"embeddable":true,"href":"https:\/\/oragarden.de\/en\/wp-json\/wp\/v2\/media\/23942"}],"wp:attachment":[{"href":"https:\/\/oragarden.de\/en\/wp-json\/wp\/v2\/media?parent=23941"}],"wp:term":[{"taxonomy":"pwb-brand","embeddable":true,"href":"https:\/\/oragarden.de\/en\/wp-json\/wp\/v2\/pwb-brand?post=23941"},{"taxonomy":"product_cat","embeddable":true,"href":"https:\/\/oragarden.de\/en\/wp-json\/wp\/v2\/product_cat?post=23941"},{"taxonomy":"product_tag","embeddable":true,"href":"https:\/\/oragarden.de\/en\/wp-json\/wp\/v2\/product_tag?post=23941"}],"curies":[{"name":"wp","href":"https:\/\/api.w.org\/{rel}","templated":true}]}}