{"id":23933,"date":"2023-07-01T15:18:03","date_gmt":"2023-07-01T16:18:03","guid":{"rendered":"https:\/\/oragarden.de\/product\/hoogeveen-prunus-avium-regina-100-cm-o23-cm\/"},"modified":"2025-10-24T13:13:58","modified_gmt":"2025-10-24T14:13:58","slug":"hoogeveen-prunus-avium-regina-100-cm-o23-cm","status":"publish","type":"product","link":"https:\/\/oragarden.de\/en\/product\/hoogeveen-prunus-avium-regina-100-cm-o23-cm\/","title":{"rendered":"Hoogeveen Prunus Avium &#8216;Regina&#8217; &#8211; 100 cm, \u00d823 cm"},"content":{"rendered":"Leckeres gr\u00fcn, 100% biologisch angebaute Fr\u00fcchte. Dies bedeutet, dass beim Anbau nur Gem\u00fcse- und Tiermaterialien verwendet wurden. Der Topf und das Etikett bestehen aus recyceltem Kunststoff und damit eine saubere L\u00f6sung f\u00fcr die Umwelt.\n&#8220;Prunus avium Regina&#8221; ist eine der beliebtesten Kirscharten in den Niederlanden. Es ist eine s\u00fc\u00dfe Kirsche, die Ende Juli reif ist. Die Fr\u00fcchte sind robust, tief dunkelrot und haben einen langen Stamm. Zus\u00e4tzlich zum fruchtigen Geschmack rissen sie nicht schnell oder zeigen Risse. Kirschen sind gesund! Sie enthalten viele Kohlenhydrate, Kalzium und Vitamin C. Sie werden normalerweise au\u00dfer Kontrolle geraten. Neben den k\u00f6stlichen s\u00fc\u00dfen Fr\u00fcchten hat der Kirschbaum auch einen dekorativen Wert.","protected":false},"excerpt":{"rendered":"<p>Leckeres gr\u00fcn, 100% biologisch angebaute Fr\u00fcchte. Dies bedeutet, dass beim Anbau nur Gem\u00fcse- und Tiermaterialien verwendet wurden. Der Topf und das Etikett bestehen aus recyceltem Kunststoff und damit eine saubere L\u00f6sung f\u00fcr die Umwelt. &#8220;Prunus avium Regina&#8221; ist eine der beliebtesten Kirscharten in den Niederlanden. Es ist eine s\u00fc\u00dfe Kirsche, die Ende Juli reif ist. [&hellip;]<\/p>\n","protected":false},"author":3,"featured_media":23934,"comment_status":"closed","ping_status":"closed","template":"","meta":{"inline_featured_image":false},"pwb-brand":[4968],"product_cat":[4000,4037,5186,5217],"product_tag":[],"class_list":{"0":"post-23933","1":"product","2":"type-product","3":"status-publish","4":"has-post-thumbnail","6":"pwb-brand-hoogeveen","7":"product_cat-cat-pflanzen","8":"product_cat-cat-gartenpflanzen","9":"product_cat-cat-kirschbaume","10":"product_cat-cat-obst","12":"first","13":"outofstock","14":"sale","15":"taxable","16":"shipping-taxable","17":"purchasable","18":"product-type-simple"},"acf":[],"gtin":"8719474816360","brands":[{"id":4968,"name":"Hoogeveen","slug":"hoogeveen"}],"_links":{"self":[{"href":"https:\/\/oragarden.de\/en\/wp-json\/wp\/v2\/product\/23933","targetHints":{"allow":["GET"]}}],"collection":[{"href":"https:\/\/oragarden.de\/en\/wp-json\/wp\/v2\/product"}],"about":[{"href":"https:\/\/oragarden.de\/en\/wp-json\/wp\/v2\/types\/product"}],"author":[{"embeddable":true,"href":"https:\/\/oragarden.de\/en\/wp-json\/wp\/v2\/users\/3"}],"replies":[{"embeddable":true,"href":"https:\/\/oragarden.de\/en\/wp-json\/wp\/v2\/comments?post=23933"}],"wp:featuredmedia":[{"embeddable":true,"href":"https:\/\/oragarden.de\/en\/wp-json\/wp\/v2\/media\/23934"}],"wp:attachment":[{"href":"https:\/\/oragarden.de\/en\/wp-json\/wp\/v2\/media?parent=23933"}],"wp:term":[{"taxonomy":"pwb-brand","embeddable":true,"href":"https:\/\/oragarden.de\/en\/wp-json\/wp\/v2\/pwb-brand?post=23933"},{"taxonomy":"product_cat","embeddable":true,"href":"https:\/\/oragarden.de\/en\/wp-json\/wp\/v2\/product_cat?post=23933"},{"taxonomy":"product_tag","embeddable":true,"href":"https:\/\/oragarden.de\/en\/wp-json\/wp\/v2\/product_tag?post=23933"}],"curies":[{"name":"wp","href":"https:\/\/api.w.org\/{rel}","templated":true}]}}