{"id":23925,"date":"2023-07-01T15:17:31","date_gmt":"2023-07-01T16:17:31","guid":{"rendered":"https:\/\/oragarden.de\/product\/hoogeveen-prunus-cerasus-morellenfeuer-100-cm-o23-cm\/"},"modified":"2025-10-24T13:13:58","modified_gmt":"2025-10-24T14:13:58","slug":"hoogeveen-prunus-cerasus-morellenfeuer-100-cm-o23-cm","status":"publish","type":"product","link":"https:\/\/oragarden.de\/en\/product\/hoogeveen-prunus-cerasus-morellenfeuer-100-cm-o23-cm\/","title":{"rendered":"Hoogeveen Prunus Cerasus &#8216;Morellenfeuer&#8217; &#8211; 100 cm, \u00d823 cm"},"content":{"rendered":"Leckeres gr\u00fcn, 100% biologisch angebaute Fr\u00fcchte. Dies bedeutet, dass beim Anbau nur Gem\u00fcse- und Tiermaterialien verwendet wurden. Der Topf und das Etikett bestehen aus recyceltem Kunststoff und damit eine saubere L\u00f6sung f\u00fcr die Umwelt.\n&#8220;Prunus cerasus Morellenfeuer&#8221; ist eine k\u00f6stliche Kirschart mit saurem Geschmack. Der Kirschbaum bl\u00fcht im April mit wei\u00dfen Blumen. Im Juli k\u00f6nnen die dunklen roten Fr\u00fcchte mit einem langen Griff ausgew\u00e4hlt werden. Die Kirschen k\u00f6nnen nur kurz gespeichert werden, so dass besonders f\u00fcr den direkten Verbrauch geeignet ist. Sie k\u00f6nnen sie auch als Marmelade, Saft oder als Garnitur mit Eis, Kuchen und Desserts verarbeiten. Sie enthalten viele Kohlenhydrate, Calcium und Vitamin C.","protected":false},"excerpt":{"rendered":"<p>Leckeres gr\u00fcn, 100% biologisch angebaute Fr\u00fcchte. Dies bedeutet, dass beim Anbau nur Gem\u00fcse- und Tiermaterialien verwendet wurden. Der Topf und das Etikett bestehen aus recyceltem Kunststoff und damit eine saubere L\u00f6sung f\u00fcr die Umwelt. &#8220;Prunus cerasus Morellenfeuer&#8221; ist eine k\u00f6stliche Kirschart mit saurem Geschmack. Der Kirschbaum bl\u00fcht im April mit wei\u00dfen Blumen. Im Juli k\u00f6nnen [&hellip;]<\/p>\n","protected":false},"author":3,"featured_media":23926,"comment_status":"closed","ping_status":"closed","template":"","meta":{"inline_featured_image":false},"pwb-brand":[4968],"product_cat":[4000,4037,5186,5217],"product_tag":[],"class_list":{"0":"post-23925","1":"product","2":"type-product","3":"status-publish","4":"has-post-thumbnail","6":"pwb-brand-hoogeveen","7":"product_cat-cat-pflanzen","8":"product_cat-cat-gartenpflanzen","9":"product_cat-cat-kirschbaume","10":"product_cat-cat-obst","12":"first","13":"outofstock","14":"sale","15":"taxable","16":"shipping-taxable","17":"purchasable","18":"product-type-simple"},"acf":[],"gtin":"8719474816377","brands":[{"id":4968,"name":"Hoogeveen","slug":"hoogeveen"}],"_links":{"self":[{"href":"https:\/\/oragarden.de\/en\/wp-json\/wp\/v2\/product\/23925","targetHints":{"allow":["GET"]}}],"collection":[{"href":"https:\/\/oragarden.de\/en\/wp-json\/wp\/v2\/product"}],"about":[{"href":"https:\/\/oragarden.de\/en\/wp-json\/wp\/v2\/types\/product"}],"author":[{"embeddable":true,"href":"https:\/\/oragarden.de\/en\/wp-json\/wp\/v2\/users\/3"}],"replies":[{"embeddable":true,"href":"https:\/\/oragarden.de\/en\/wp-json\/wp\/v2\/comments?post=23925"}],"wp:featuredmedia":[{"embeddable":true,"href":"https:\/\/oragarden.de\/en\/wp-json\/wp\/v2\/media\/23926"}],"wp:attachment":[{"href":"https:\/\/oragarden.de\/en\/wp-json\/wp\/v2\/media?parent=23925"}],"wp:term":[{"taxonomy":"pwb-brand","embeddable":true,"href":"https:\/\/oragarden.de\/en\/wp-json\/wp\/v2\/pwb-brand?post=23925"},{"taxonomy":"product_cat","embeddable":true,"href":"https:\/\/oragarden.de\/en\/wp-json\/wp\/v2\/product_cat?post=23925"},{"taxonomy":"product_tag","embeddable":true,"href":"https:\/\/oragarden.de\/en\/wp-json\/wp\/v2\/product_tag?post=23925"}],"curies":[{"name":"wp","href":"https:\/\/api.w.org\/{rel}","templated":true}]}}