{"id":23918,"date":"2023-07-01T15:16:54","date_gmt":"2023-07-01T16:16:54","guid":{"rendered":"https:\/\/oragarden.de\/product\/hoogeveen-prunus-domestica-hauszwetsche-100-cm-o23-cm\/"},"modified":"2025-10-24T13:13:58","modified_gmt":"2025-10-24T14:13:58","slug":"hoogeveen-prunus-domestica-hauszwetsche-100-cm-o23-cm","status":"publish","type":"product","link":"https:\/\/oragarden.de\/en\/product\/hoogeveen-prunus-domestica-hauszwetsche-100-cm-o23-cm\/","title":{"rendered":"Hoogeveen Prunus Domestica &#8216;Hauszwetsche&#8217; &#8211; 100 cm, \u00d823 cm"},"content":{"rendered":"Leckeres gr\u00fcn, 100% biologisch angebaute Fr\u00fcchte. Dies bedeutet, dass beim Anbau nur Gem\u00fcse- und Tiermaterialien verwendet wurden. Der Topf und das Etikett bestehen aus recyceltem Kunststoff und damit eine saubere L\u00f6sung f\u00fcr die Umwelt.\n&#8220;Prunus domestica Hauszwetsche&#8221; ist ein Pflaumenbaum, der von Mitte April mit wei\u00dfen Blumen bl\u00fcht. Es ist eine alte Rasse, die sich selbst best\u00e4uben kann. Wenn andere Obstb\u00e4ume den Baum best\u00e4uben, bekommt man oft mehr und bessere Fr\u00fcchte. Die dunkelblauen saftigen s\u00fc\u00dfen Pflaumen k\u00f6nnen ab September ausgew\u00e4hlt werden und werden haupts\u00e4chlich als Handpflaume verwendet, sind aber auch in hei\u00dfen Gerichten geeignet. Die Pflaume ist nicht nur lecker, sondern auch extrem gesund. Sie enthalten viele Antioxidantien und sind sehr faserreich, sodass sie eine gesunde Darmbewegung f\u00f6rdern.","protected":false},"excerpt":{"rendered":"<p>Leckeres gr\u00fcn, 100% biologisch angebaute Fr\u00fcchte. Dies bedeutet, dass beim Anbau nur Gem\u00fcse- und Tiermaterialien verwendet wurden. Der Topf und das Etikett bestehen aus recyceltem Kunststoff und damit eine saubere L\u00f6sung f\u00fcr die Umwelt. &#8220;Prunus domestica Hauszwetsche&#8221; ist ein Pflaumenbaum, der von Mitte April mit wei\u00dfen Blumen bl\u00fcht. Es ist eine alte Rasse, die sich [&hellip;]<\/p>\n","protected":false},"author":3,"featured_media":23919,"comment_status":"closed","ping_status":"closed","template":"","meta":{"inline_featured_image":false},"pwb-brand":[4968],"product_cat":[4000,4037,5186,5217],"product_tag":[],"class_list":{"0":"post-23918","1":"product","2":"type-product","3":"status-publish","4":"has-post-thumbnail","6":"pwb-brand-hoogeveen","7":"product_cat-cat-pflanzen","8":"product_cat-cat-gartenpflanzen","9":"product_cat-cat-kirschbaume","10":"product_cat-cat-obst","12":"first","13":"outofstock","14":"sale","15":"taxable","16":"shipping-taxable","17":"purchasable","18":"product-type-simple"},"acf":[],"gtin":"8719474816322","brands":[{"id":4968,"name":"Hoogeveen","slug":"hoogeveen"}],"_links":{"self":[{"href":"https:\/\/oragarden.de\/en\/wp-json\/wp\/v2\/product\/23918","targetHints":{"allow":["GET"]}}],"collection":[{"href":"https:\/\/oragarden.de\/en\/wp-json\/wp\/v2\/product"}],"about":[{"href":"https:\/\/oragarden.de\/en\/wp-json\/wp\/v2\/types\/product"}],"author":[{"embeddable":true,"href":"https:\/\/oragarden.de\/en\/wp-json\/wp\/v2\/users\/3"}],"replies":[{"embeddable":true,"href":"https:\/\/oragarden.de\/en\/wp-json\/wp\/v2\/comments?post=23918"}],"wp:featuredmedia":[{"embeddable":true,"href":"https:\/\/oragarden.de\/en\/wp-json\/wp\/v2\/media\/23919"}],"wp:attachment":[{"href":"https:\/\/oragarden.de\/en\/wp-json\/wp\/v2\/media?parent=23918"}],"wp:term":[{"taxonomy":"pwb-brand","embeddable":true,"href":"https:\/\/oragarden.de\/en\/wp-json\/wp\/v2\/pwb-brand?post=23918"},{"taxonomy":"product_cat","embeddable":true,"href":"https:\/\/oragarden.de\/en\/wp-json\/wp\/v2\/product_cat?post=23918"},{"taxonomy":"product_tag","embeddable":true,"href":"https:\/\/oragarden.de\/en\/wp-json\/wp\/v2\/product_tag?post=23918"}],"curies":[{"name":"wp","href":"https:\/\/api.w.org\/{rel}","templated":true}]}}