{"id":23909,"date":"2023-07-01T15:16:17","date_gmt":"2023-07-01T16:16:17","guid":{"rendered":"https:\/\/oragarden.de\/product\/hoogeveen-prunus-domestica-opal-100-cm-o23-cm\/"},"modified":"2025-10-24T13:13:57","modified_gmt":"2025-10-24T14:13:57","slug":"hoogeveen-prunus-domestica-opal-100-cm-o23-cm","status":"publish","type":"product","link":"https:\/\/oragarden.de\/en\/product\/hoogeveen-prunus-domestica-opal-100-cm-o23-cm\/","title":{"rendered":"Hoogeveen Prunus Domestica &#8216;Opal&#8217; &#8211; 100 cm, \u00d823 cm"},"content":{"rendered":"Leckeres gr\u00fcn, 100% biologisch angebaute Fr\u00fcchte. Dies bedeutet, dass beim Anbau nur Gem\u00fcse- und Tiermaterialien verwendet wurden. Der Topf und das Etikett bestehen aus recyceltem Kunststoff und damit eine saubere L\u00f6sung f\u00fcr die Umwelt.\n&#8220;Prunus domestica opal&#8221; ist ein Pflaumenbaum mit saftigen und s\u00fc\u00dfen Fr\u00fcchten, die eine lila-rote Farbe von au\u00dfen und gelbem Fleisch haben. Diese Pflaume ist in Bezug auf den Bodentyp, den sie enth\u00e4lt, nicht kritisch, fast nicht empfindlich gegen\u00fcber Krankheiten und Selbstfeindlichkeit. Er braucht also keinen anderen Baum zur Best\u00e4ubung. Es ist eine fr\u00fche reife Pflaume, deren Fr\u00fcchte ab Juli ausgew\u00e4hlt werden k\u00f6nnen. Es ist eine sch\u00f6ne Handpflaume, aber auch sehr geeignet f\u00fcr Compote und Jam.","protected":false},"excerpt":{"rendered":"<p>Leckeres gr\u00fcn, 100% biologisch angebaute Fr\u00fcchte. Dies bedeutet, dass beim Anbau nur Gem\u00fcse- und Tiermaterialien verwendet wurden. Der Topf und das Etikett bestehen aus recyceltem Kunststoff und damit eine saubere L\u00f6sung f\u00fcr die Umwelt. &#8220;Prunus domestica opal&#8221; ist ein Pflaumenbaum mit saftigen und s\u00fc\u00dfen Fr\u00fcchten, die eine lila-rote Farbe von au\u00dfen und gelbem Fleisch haben. [&hellip;]<\/p>\n","protected":false},"author":3,"featured_media":23910,"comment_status":"closed","ping_status":"closed","template":"","meta":{"inline_featured_image":false},"pwb-brand":[4968],"product_cat":[4000,4037,5217,5185],"product_tag":[],"class_list":{"0":"post-23909","1":"product","2":"type-product","3":"status-publish","4":"has-post-thumbnail","6":"pwb-brand-hoogeveen","7":"product_cat-cat-pflanzen","8":"product_cat-cat-gartenpflanzen","9":"product_cat-cat-obst","10":"product_cat-cat-pflaumen-zwetschgenbaume","12":"first","13":"outofstock","14":"sale","15":"taxable","16":"shipping-taxable","17":"purchasable","18":"product-type-simple"},"acf":[],"gtin":"8719474816346","brands":[{"id":4968,"name":"Hoogeveen","slug":"hoogeveen"}],"_links":{"self":[{"href":"https:\/\/oragarden.de\/en\/wp-json\/wp\/v2\/product\/23909","targetHints":{"allow":["GET"]}}],"collection":[{"href":"https:\/\/oragarden.de\/en\/wp-json\/wp\/v2\/product"}],"about":[{"href":"https:\/\/oragarden.de\/en\/wp-json\/wp\/v2\/types\/product"}],"author":[{"embeddable":true,"href":"https:\/\/oragarden.de\/en\/wp-json\/wp\/v2\/users\/3"}],"replies":[{"embeddable":true,"href":"https:\/\/oragarden.de\/en\/wp-json\/wp\/v2\/comments?post=23909"}],"wp:featuredmedia":[{"embeddable":true,"href":"https:\/\/oragarden.de\/en\/wp-json\/wp\/v2\/media\/23910"}],"wp:attachment":[{"href":"https:\/\/oragarden.de\/en\/wp-json\/wp\/v2\/media?parent=23909"}],"wp:term":[{"taxonomy":"pwb-brand","embeddable":true,"href":"https:\/\/oragarden.de\/en\/wp-json\/wp\/v2\/pwb-brand?post=23909"},{"taxonomy":"product_cat","embeddable":true,"href":"https:\/\/oragarden.de\/en\/wp-json\/wp\/v2\/product_cat?post=23909"},{"taxonomy":"product_tag","embeddable":true,"href":"https:\/\/oragarden.de\/en\/wp-json\/wp\/v2\/product_tag?post=23909"}],"curies":[{"name":"wp","href":"https:\/\/api.w.org\/{rel}","templated":true}]}}