{"id":23903,"date":"2023-07-01T15:15:31","date_gmt":"2023-07-01T16:15:31","guid":{"rendered":"https:\/\/oragarden.de\/product\/hoogeveen-prunus-domestica-reine-claude-vert-100-cm-o23-cm\/"},"modified":"2025-10-24T13:13:56","modified_gmt":"2025-10-24T14:13:56","slug":"hoogeveen-prunus-domestica-reine-claude-vert-100-cm-o23-cm","status":"publish","type":"product","link":"https:\/\/oragarden.de\/en\/product\/hoogeveen-prunus-domestica-reine-claude-vert-100-cm-o23-cm\/","title":{"rendered":"Hoogeveen Prunus Domestica &#8216;Reine-Claude Vert&#8217; &#8211; 100 cm, \u00d823 cm"},"content":{"rendered":"Leckeres gr\u00fcn, 100% biologisch angebaute Fr\u00fcchte. Dies bedeutet, dass beim Anbau nur Gem\u00fcse- und Tiermaterialien verwendet wurden. Der Topf und das Etikett bestehen aus recyceltem Kunststoff und damit eine saubere L\u00f6sung f\u00fcr die Umwelt.\n&#8220;Prunus domestica Reine Claude Scheitel&#8221; ist ein Pflaumenbaum, der mit mittlerer April mit wei\u00dfen Bl\u00fcten bl\u00fcht. Es ist ein Pflaumenbaum, der sich nicht selbst best\u00e4uben kann, also brauchen Sie einen anderen Obstbaum, um Fr\u00fcchte zu bekommen. Er kann unter anderem von der Plum -Art best\u00e4ubt werden: Victoria, Ontario, Reine Claude d&#8217;Ullins, Reine Claude d&#8217;Athan und Anna Sp\u00e4th. Die ziemlich kleinen gr\u00fcn gelben saftigen Pflaumen mit einem guten s\u00fc\u00dfen Geschmack k\u00f6nnen ab Ende August ausgew\u00e4hlt werden und werden haupts\u00e4chlich als Rasen und Pilz verwendet.","protected":false},"excerpt":{"rendered":"<p>Leckeres gr\u00fcn, 100% biologisch angebaute Fr\u00fcchte. Dies bedeutet, dass beim Anbau nur Gem\u00fcse- und Tiermaterialien verwendet wurden. Der Topf und das Etikett bestehen aus recyceltem Kunststoff und damit eine saubere L\u00f6sung f\u00fcr die Umwelt. &#8220;Prunus domestica Reine Claude Scheitel&#8221; ist ein Pflaumenbaum, der mit mittlerer April mit wei\u00dfen Bl\u00fcten bl\u00fcht. Es ist ein Pflaumenbaum, der [&hellip;]<\/p>\n","protected":false},"author":3,"featured_media":23904,"comment_status":"closed","ping_status":"closed","template":"","meta":{"inline_featured_image":false},"pwb-brand":[4968],"product_cat":[4000,4037,5217,5185],"product_tag":[],"class_list":{"0":"post-23903","1":"product","2":"type-product","3":"status-publish","4":"has-post-thumbnail","6":"pwb-brand-hoogeveen","7":"product_cat-cat-pflanzen","8":"product_cat-cat-gartenpflanzen","9":"product_cat-cat-obst","10":"product_cat-cat-pflaumen-zwetschgenbaume","12":"first","13":"outofstock","14":"sale","15":"taxable","16":"shipping-taxable","17":"purchasable","18":"product-type-simple"},"acf":[],"gtin":"8719474816339","brands":[{"id":4968,"name":"Hoogeveen","slug":"hoogeveen"}],"_links":{"self":[{"href":"https:\/\/oragarden.de\/en\/wp-json\/wp\/v2\/product\/23903","targetHints":{"allow":["GET"]}}],"collection":[{"href":"https:\/\/oragarden.de\/en\/wp-json\/wp\/v2\/product"}],"about":[{"href":"https:\/\/oragarden.de\/en\/wp-json\/wp\/v2\/types\/product"}],"author":[{"embeddable":true,"href":"https:\/\/oragarden.de\/en\/wp-json\/wp\/v2\/users\/3"}],"replies":[{"embeddable":true,"href":"https:\/\/oragarden.de\/en\/wp-json\/wp\/v2\/comments?post=23903"}],"wp:featuredmedia":[{"embeddable":true,"href":"https:\/\/oragarden.de\/en\/wp-json\/wp\/v2\/media\/23904"}],"wp:attachment":[{"href":"https:\/\/oragarden.de\/en\/wp-json\/wp\/v2\/media?parent=23903"}],"wp:term":[{"taxonomy":"pwb-brand","embeddable":true,"href":"https:\/\/oragarden.de\/en\/wp-json\/wp\/v2\/pwb-brand?post=23903"},{"taxonomy":"product_cat","embeddable":true,"href":"https:\/\/oragarden.de\/en\/wp-json\/wp\/v2\/product_cat?post=23903"},{"taxonomy":"product_tag","embeddable":true,"href":"https:\/\/oragarden.de\/en\/wp-json\/wp\/v2\/product_tag?post=23903"}],"curies":[{"name":"wp","href":"https:\/\/api.w.org\/{rel}","templated":true}]}}