{"id":23896,"date":"2023-07-01T15:14:58","date_gmt":"2023-07-01T16:14:58","guid":{"rendered":"https:\/\/oragarden.de\/product\/hoogeveen-prunus-avium-bigarreau-napoleon-100-cm-o23-cm\/"},"modified":"2025-10-24T13:13:55","modified_gmt":"2025-10-24T14:13:55","slug":"hoogeveen-prunus-avium-bigarreau-napoleon-100-cm-o23-cm","status":"publish","type":"product","link":"https:\/\/oragarden.de\/en\/product\/hoogeveen-prunus-avium-bigarreau-napoleon-100-cm-o23-cm\/","title":{"rendered":"Hoogeveen Prunus Avium &#8216;Bigarreau Napol\u00e9on&#8217; &#8211; 100 cm, \u00d823 cm"},"content":{"rendered":"Leckeres gr\u00fcn, 100% biologisch angebaute Fr\u00fcchte. Dies bedeutet, dass beim Anbau nur Gem\u00fcse- und Tiermaterialien verwendet wurden. Der Topf und das Etikett bestehen aus recyceltem Kunststoff und damit eine saubere L\u00f6sung f\u00fcr die Umwelt.\n&#8220;Prunus avium bigarreau napol\u00e9on&#8221; ist ein blonden Kirschbaum. Der Baum bl\u00fcht in der Fr\u00fchling mit sch\u00f6nen schneebedeckten Blumen. Nach der Best\u00e4ubung entstehen gelbe Fr\u00fcchte mit einem roten Rouge und einem wei\u00dfen, gelben stabilen Fleisch. Sie haben einen saftigen und s\u00fc\u00dfen Geschmack. Ab Mitte von Juli k\u00f6nnen die Kirschen gepfl\u00fcckt werden und Sie k\u00f6nnen sie essen. Ein Kirschbaum im Garten ist auch ideal, wenn Sie an Wespen leiden. Die Wespen k\u00f6nnen alles finden, was sie am Baum brauchen, und so kommen sie nicht zu Ihrer Terrasse. Neben den k\u00f6stlichen s\u00fc\u00dfen Fr\u00fcchten haben Kirschb\u00e4ume auch einen anderen dekorativen Wert. Im Herbst verf\u00e4rben sich die Bl\u00e4tter wundersch\u00f6n auf orange-rot.","protected":false},"excerpt":{"rendered":"<p>Leckeres gr\u00fcn, 100% biologisch angebaute Fr\u00fcchte. Dies bedeutet, dass beim Anbau nur Gem\u00fcse- und Tiermaterialien verwendet wurden. Der Topf und das Etikett bestehen aus recyceltem Kunststoff und damit eine saubere L\u00f6sung f\u00fcr die Umwelt. &#8220;Prunus avium bigarreau napol\u00e9on&#8221; ist ein blonden Kirschbaum. Der Baum bl\u00fcht in der Fr\u00fchling mit sch\u00f6nen schneebedeckten Blumen. Nach der Best\u00e4ubung [&hellip;]<\/p>\n","protected":false},"author":3,"featured_media":23897,"comment_status":"closed","ping_status":"closed","template":"","meta":{"inline_featured_image":false},"pwb-brand":[4968],"product_cat":[4000,4037,5186,5217],"product_tag":[],"class_list":{"0":"post-23896","1":"product","2":"type-product","3":"status-publish","4":"has-post-thumbnail","6":"pwb-brand-hoogeveen","7":"product_cat-cat-pflanzen","8":"product_cat-cat-gartenpflanzen","9":"product_cat-cat-kirschbaume","10":"product_cat-cat-obst","12":"first","13":"outofstock","14":"sale","15":"taxable","16":"shipping-taxable","17":"purchasable","18":"product-type-simple"},"acf":[],"gtin":"8719474817718","brands":[{"id":4968,"name":"Hoogeveen","slug":"hoogeveen"}],"_links":{"self":[{"href":"https:\/\/oragarden.de\/en\/wp-json\/wp\/v2\/product\/23896","targetHints":{"allow":["GET"]}}],"collection":[{"href":"https:\/\/oragarden.de\/en\/wp-json\/wp\/v2\/product"}],"about":[{"href":"https:\/\/oragarden.de\/en\/wp-json\/wp\/v2\/types\/product"}],"author":[{"embeddable":true,"href":"https:\/\/oragarden.de\/en\/wp-json\/wp\/v2\/users\/3"}],"replies":[{"embeddable":true,"href":"https:\/\/oragarden.de\/en\/wp-json\/wp\/v2\/comments?post=23896"}],"wp:featuredmedia":[{"embeddable":true,"href":"https:\/\/oragarden.de\/en\/wp-json\/wp\/v2\/media\/23897"}],"wp:attachment":[{"href":"https:\/\/oragarden.de\/en\/wp-json\/wp\/v2\/media?parent=23896"}],"wp:term":[{"taxonomy":"pwb-brand","embeddable":true,"href":"https:\/\/oragarden.de\/en\/wp-json\/wp\/v2\/pwb-brand?post=23896"},{"taxonomy":"product_cat","embeddable":true,"href":"https:\/\/oragarden.de\/en\/wp-json\/wp\/v2\/product_cat?post=23896"},{"taxonomy":"product_tag","embeddable":true,"href":"https:\/\/oragarden.de\/en\/wp-json\/wp\/v2\/product_tag?post=23896"}],"curies":[{"name":"wp","href":"https:\/\/api.w.org\/{rel}","templated":true}]}}