{"id":23883,"date":"2023-07-01T15:14:19","date_gmt":"2023-07-01T16:14:19","guid":{"rendered":"https:\/\/oragarden.de\/product\/hoogeveen-parthenocissus-tricuspidata-fenway-park-65-cm-o15-cm\/"},"modified":"2025-10-24T13:13:55","modified_gmt":"2025-10-24T14:13:55","slug":"hoogeveen-parthenocissus-tricuspidata-fenway-park-65-cm-o15-cm","status":"publish","type":"product","link":"https:\/\/oragarden.de\/en\/product\/hoogeveen-parthenocissus-tricuspidata-fenway-park-65-cm-o15-cm\/","title":{"rendered":"Hoogeveen Parthenocissus Tricuspidata &#8216;Fenway Park&#8217; Parthenocissus tricuspidata &#8216;Fenway Park&#8217; &#8211; \u21a865cm &#8211; \u00d815"},"content":{"rendered":"Der Partinocissus tricuspidata &#8220;Fenway Park&#8221; ist eine wundersch\u00f6ne Kletterpflanze mit gro\u00dfen, gl\u00e4nzenden gr\u00fcnen Bl\u00e4ttern. Die Bl\u00e4tter verf\u00e4rben sich im Herbst wundersch\u00f6n rot bis orange-gelb.","protected":false},"excerpt":{"rendered":"<p>Der Partinocissus tricuspidata &#8220;Fenway Park&#8221; ist eine wundersch\u00f6ne Kletterpflanze mit gro\u00dfen, gl\u00e4nzenden gr\u00fcnen Bl\u00e4ttern. Die Bl\u00e4tter verf\u00e4rben sich im Herbst wundersch\u00f6n rot bis orange-gelb.<\/p>\n","protected":false},"author":3,"featured_media":23884,"comment_status":"closed","ping_status":"closed","template":"","meta":{"inline_featured_image":false},"pwb-brand":[4968],"product_cat":[4000,4037,5151],"product_tag":[],"class_list":{"0":"post-23883","1":"product","2":"type-product","3":"status-publish","4":"has-post-thumbnail","6":"pwb-brand-hoogeveen","7":"product_cat-cat-pflanzen","8":"product_cat-cat-gartenpflanzen","9":"product_cat-cat-wilder-weinrebe-parthenocissus","11":"first","12":"outofstock","13":"sale","14":"taxable","15":"shipping-taxable","16":"purchasable","17":"product-type-simple"},"acf":[],"gtin":"8719474817565","brands":[{"id":4968,"name":"Hoogeveen","slug":"hoogeveen"}],"_links":{"self":[{"href":"https:\/\/oragarden.de\/en\/wp-json\/wp\/v2\/product\/23883","targetHints":{"allow":["GET"]}}],"collection":[{"href":"https:\/\/oragarden.de\/en\/wp-json\/wp\/v2\/product"}],"about":[{"href":"https:\/\/oragarden.de\/en\/wp-json\/wp\/v2\/types\/product"}],"author":[{"embeddable":true,"href":"https:\/\/oragarden.de\/en\/wp-json\/wp\/v2\/users\/3"}],"replies":[{"embeddable":true,"href":"https:\/\/oragarden.de\/en\/wp-json\/wp\/v2\/comments?post=23883"}],"wp:featuredmedia":[{"embeddable":true,"href":"https:\/\/oragarden.de\/en\/wp-json\/wp\/v2\/media\/23884"}],"wp:attachment":[{"href":"https:\/\/oragarden.de\/en\/wp-json\/wp\/v2\/media?parent=23883"}],"wp:term":[{"taxonomy":"pwb-brand","embeddable":true,"href":"https:\/\/oragarden.de\/en\/wp-json\/wp\/v2\/pwb-brand?post=23883"},{"taxonomy":"product_cat","embeddable":true,"href":"https:\/\/oragarden.de\/en\/wp-json\/wp\/v2\/product_cat?post=23883"},{"taxonomy":"product_tag","embeddable":true,"href":"https:\/\/oragarden.de\/en\/wp-json\/wp\/v2\/product_tag?post=23883"}],"curies":[{"name":"wp","href":"https:\/\/api.w.org\/{rel}","templated":true}]}}