{"id":23876,"date":"2023-07-01T15:13:44","date_gmt":"2023-07-01T16:13:44","guid":{"rendered":"https:\/\/oragarden.de\/product\/meergroothandel-parthenocissus-striatha-hang-15-cm-o15-cm\/"},"modified":"2025-10-24T13:13:54","modified_gmt":"2025-10-24T14:13:54","slug":"meergroothandel-parthenocissus-striatha-hang-15-cm-o15-cm","status":"publish","type":"product","link":"https:\/\/oragarden.de\/en\/product\/meergroothandel-parthenocissus-striatha-hang-15-cm-o15-cm\/","title":{"rendered":"Meergroothandel Parthenocissus Striatha Hang &#8211; 15 cm, \u00d815 cm"},"content":{"rendered":"&#8211; Efeu f\u00fcr die Lieferung in einer Gr\u00f6\u00dfe von 15 cm erh\u00e4ltlich.- Die aktuelle H\u00f6he dieses Efeus betr\u00e4gt etwa 25 cm.- Gedeiht in halbschattigen Bereichen und ist somit eine ideale Wahl f\u00fcr diejenigen, die eine vielseitige Pflanze suchen.- Der pflegeleichte Efeu erfordert nur geringen Aufwand bei der Pflege und ist daher perfekt f\u00fcr erfahrene und unerfahrene G\u00e4rtner.- Mit attraktivem und lebendigem Laub verleiht der Efeu jedem Garten oder Landschaft eine Note von Eleganz.","protected":false},"excerpt":{"rendered":"<p>&#8211; Efeu f\u00fcr die Lieferung in einer Gr\u00f6\u00dfe von 15 cm erh\u00e4ltlich.- Die aktuelle H\u00f6he dieses Efeus betr\u00e4gt etwa 25 cm.- Gedeiht in halbschattigen Bereichen und ist somit eine ideale Wahl f\u00fcr diejenigen, die eine vielseitige Pflanze suchen.- Der pflegeleichte Efeu erfordert nur geringen Aufwand bei der Pflege und ist daher perfekt f\u00fcr erfahrene und [&hellip;]<\/p>\n","protected":false},"author":3,"featured_media":23877,"comment_status":"closed","ping_status":"closed","template":"","meta":{"inline_featured_image":false},"pwb-brand":[4041],"product_cat":[4000,4037,5151],"product_tag":[],"class_list":{"0":"post-23876","1":"product","2":"type-product","3":"status-publish","4":"has-post-thumbnail","6":"pwb-brand-meergroothandel","7":"product_cat-cat-pflanzen","8":"product_cat-cat-gartenpflanzen","9":"product_cat-cat-wilder-weinrebe-parthenocissus","11":"first","12":"outofstock","13":"sale","14":"taxable","15":"shipping-taxable","16":"purchasable","17":"product-type-simple"},"acf":[],"gtin":"8720634284936","brands":[{"id":4041,"name":"MEERGroothandel","slug":"meergroothandel"}],"_links":{"self":[{"href":"https:\/\/oragarden.de\/en\/wp-json\/wp\/v2\/product\/23876","targetHints":{"allow":["GET"]}}],"collection":[{"href":"https:\/\/oragarden.de\/en\/wp-json\/wp\/v2\/product"}],"about":[{"href":"https:\/\/oragarden.de\/en\/wp-json\/wp\/v2\/types\/product"}],"author":[{"embeddable":true,"href":"https:\/\/oragarden.de\/en\/wp-json\/wp\/v2\/users\/3"}],"replies":[{"embeddable":true,"href":"https:\/\/oragarden.de\/en\/wp-json\/wp\/v2\/comments?post=23876"}],"wp:featuredmedia":[{"embeddable":true,"href":"https:\/\/oragarden.de\/en\/wp-json\/wp\/v2\/media\/23877"}],"wp:attachment":[{"href":"https:\/\/oragarden.de\/en\/wp-json\/wp\/v2\/media?parent=23876"}],"wp:term":[{"taxonomy":"pwb-brand","embeddable":true,"href":"https:\/\/oragarden.de\/en\/wp-json\/wp\/v2\/pwb-brand?post=23876"},{"taxonomy":"product_cat","embeddable":true,"href":"https:\/\/oragarden.de\/en\/wp-json\/wp\/v2\/product_cat?post=23876"},{"taxonomy":"product_tag","embeddable":true,"href":"https:\/\/oragarden.de\/en\/wp-json\/wp\/v2\/product_tag?post=23876"}],"curies":[{"name":"wp","href":"https:\/\/api.w.org\/{rel}","templated":true}]}}