{"id":23858,"date":"2023-07-01T15:12:45","date_gmt":"2023-07-01T16:12:45","guid":{"rendered":"https:\/\/oragarden.de\/product\/hoogeveen-parthenocissus-q-var-engelmannii-65-cm-o15-cm\/"},"modified":"2025-10-24T13:13:54","modified_gmt":"2025-10-24T14:13:54","slug":"hoogeveen-parthenocissus-q-var-engelmannii-65-cm-o15-cm","status":"publish","type":"product","link":"https:\/\/oragarden.de\/en\/product\/hoogeveen-parthenocissus-q-var-engelmannii-65-cm-o15-cm\/","title":{"rendered":"Hoogeveen Parthenocissus Q. Var. &#8216;Engelmannii&#8217; &#8211; 65 cm, \u00d815 cm"},"content":{"rendered":"&#8220;Parthenocissus quinquefolia Engelmannii&#8221;, auch Wild Wingerd, ist eine schnell wachsende, selbstadh\u00e4sive Kletterpflanze. Also muss er nicht gefesselt werden. Das drei punktierte Blatt ist im Sommer gr\u00fcn und hat eine sch\u00f6ne, leuchtend rote Herbstverf\u00e4rbung. Dank der starken Klebstoffwurzeln w\u00e4chst der Flingspunkt schnell und steckt gegen Fassade und Zaun. Im Winter verliert er sein Blatt, kann aber harte Winter \u00fcberleben. Es ist eine einfache Pflanze, die sowohl in der Sonne als auch im Schatten stehen kann.","protected":false},"excerpt":{"rendered":"<p>&#8220;Parthenocissus quinquefolia Engelmannii&#8221;, auch Wild Wingerd, ist eine schnell wachsende, selbstadh\u00e4sive Kletterpflanze. Also muss er nicht gefesselt werden. Das drei punktierte Blatt ist im Sommer gr\u00fcn und hat eine sch\u00f6ne, leuchtend rote Herbstverf\u00e4rbung. Dank der starken Klebstoffwurzeln w\u00e4chst der Flingspunkt schnell und steckt gegen Fassade und Zaun. Im Winter verliert er sein Blatt, kann aber [&hellip;]<\/p>\n","protected":false},"author":3,"featured_media":23859,"comment_status":"closed","ping_status":"closed","template":"","meta":{"inline_featured_image":false},"pwb-brand":[4968],"product_cat":[4000,4037,5151],"product_tag":[],"class_list":{"0":"post-23858","1":"product","2":"type-product","3":"status-publish","4":"has-post-thumbnail","6":"pwb-brand-hoogeveen","7":"product_cat-cat-pflanzen","8":"product_cat-cat-gartenpflanzen","9":"product_cat-cat-wilder-weinrebe-parthenocissus","11":"first","12":"outofstock","13":"sale","14":"taxable","15":"shipping-taxable","16":"purchasable","17":"product-type-simple"},"acf":[],"gtin":"8712044839066","brands":[{"id":4968,"name":"Hoogeveen","slug":"hoogeveen"}],"_links":{"self":[{"href":"https:\/\/oragarden.de\/en\/wp-json\/wp\/v2\/product\/23858","targetHints":{"allow":["GET"]}}],"collection":[{"href":"https:\/\/oragarden.de\/en\/wp-json\/wp\/v2\/product"}],"about":[{"href":"https:\/\/oragarden.de\/en\/wp-json\/wp\/v2\/types\/product"}],"author":[{"embeddable":true,"href":"https:\/\/oragarden.de\/en\/wp-json\/wp\/v2\/users\/3"}],"replies":[{"embeddable":true,"href":"https:\/\/oragarden.de\/en\/wp-json\/wp\/v2\/comments?post=23858"}],"wp:featuredmedia":[{"embeddable":true,"href":"https:\/\/oragarden.de\/en\/wp-json\/wp\/v2\/media\/23859"}],"wp:attachment":[{"href":"https:\/\/oragarden.de\/en\/wp-json\/wp\/v2\/media?parent=23858"}],"wp:term":[{"taxonomy":"pwb-brand","embeddable":true,"href":"https:\/\/oragarden.de\/en\/wp-json\/wp\/v2\/pwb-brand?post=23858"},{"taxonomy":"product_cat","embeddable":true,"href":"https:\/\/oragarden.de\/en\/wp-json\/wp\/v2\/product_cat?post=23858"},{"taxonomy":"product_tag","embeddable":true,"href":"https:\/\/oragarden.de\/en\/wp-json\/wp\/v2\/product_tag?post=23858"}],"curies":[{"name":"wp","href":"https:\/\/api.w.org\/{rel}","templated":true}]}}