{"id":23847,"date":"2023-07-01T15:11:01","date_gmt":"2023-07-01T16:11:01","guid":{"rendered":"https:\/\/oragarden.de\/product\/hoogeveen-lonicera-brownii-dropmore-scarlet-65-cm-o-15-cm\/"},"modified":"2025-10-24T13:13:53","modified_gmt":"2025-10-24T14:13:53","slug":"hoogeveen-lonicera-brownii-dropmore-scarlet-65-cm-o-15-cm","status":"publish","type":"product","link":"https:\/\/oragarden.de\/en\/product\/hoogeveen-lonicera-brownii-dropmore-scarlet-65-cm-o-15-cm\/","title":{"rendered":"Hoogeveen Lonicera Brownii Dropmore Scarlet &#8211; 65 cm, \u00d8 15 cm"},"content":{"rendered":"Der Lonicera Dropmore Scarlet ist ein wundersch\u00f6ner Gei\u00dfblatt mit einer roten Blume. Bl\u00fcht reich und liebt einen Ort in voller Sonne oder halb Schatten.","protected":false},"excerpt":{"rendered":"<p>Der Lonicera Dropmore Scarlet ist ein wundersch\u00f6ner Gei\u00dfblatt mit einer roten Blume. Bl\u00fcht reich und liebt einen Ort in voller Sonne oder halb Schatten.<\/p>\n","protected":false},"author":3,"featured_media":23848,"comment_status":"closed","ping_status":"closed","template":"","meta":{"inline_featured_image":false},"pwb-brand":[4968],"product_cat":[4000,4037,5124],"product_tag":[],"class_list":{"0":"post-23847","1":"product","2":"type-product","3":"status-publish","4":"has-post-thumbnail","6":"pwb-brand-hoogeveen","7":"product_cat-cat-pflanzen","8":"product_cat-cat-gartenpflanzen","9":"product_cat-cat-geisblatt-jelangerjelieber","11":"first","12":"outofstock","13":"sale","14":"taxable","15":"shipping-taxable","16":"purchasable","17":"product-type-simple"},"acf":[],"gtin":"8712044838908","brands":[{"id":4968,"name":"Hoogeveen","slug":"hoogeveen"}],"_links":{"self":[{"href":"https:\/\/oragarden.de\/en\/wp-json\/wp\/v2\/product\/23847","targetHints":{"allow":["GET"]}}],"collection":[{"href":"https:\/\/oragarden.de\/en\/wp-json\/wp\/v2\/product"}],"about":[{"href":"https:\/\/oragarden.de\/en\/wp-json\/wp\/v2\/types\/product"}],"author":[{"embeddable":true,"href":"https:\/\/oragarden.de\/en\/wp-json\/wp\/v2\/users\/3"}],"replies":[{"embeddable":true,"href":"https:\/\/oragarden.de\/en\/wp-json\/wp\/v2\/comments?post=23847"}],"wp:featuredmedia":[{"embeddable":true,"href":"https:\/\/oragarden.de\/en\/wp-json\/wp\/v2\/media\/23848"}],"wp:attachment":[{"href":"https:\/\/oragarden.de\/en\/wp-json\/wp\/v2\/media?parent=23847"}],"wp:term":[{"taxonomy":"pwb-brand","embeddable":true,"href":"https:\/\/oragarden.de\/en\/wp-json\/wp\/v2\/pwb-brand?post=23847"},{"taxonomy":"product_cat","embeddable":true,"href":"https:\/\/oragarden.de\/en\/wp-json\/wp\/v2\/product_cat?post=23847"},{"taxonomy":"product_tag","embeddable":true,"href":"https:\/\/oragarden.de\/en\/wp-json\/wp\/v2\/product_tag?post=23847"}],"curies":[{"name":"wp","href":"https:\/\/api.w.org\/{rel}","templated":true}]}}