{"id":23829,"date":"2023-07-01T15:10:22","date_gmt":"2023-07-01T16:10:22","guid":{"rendered":"https:\/\/oragarden.de\/product\/hoogeveen-lonicera-hybride-celestial-65-cm-o15-cm\/"},"modified":"2025-10-24T13:13:50","modified_gmt":"2025-10-24T14:13:50","slug":"hoogeveen-lonicera-hybride-celestial-65-cm-o15-cm","status":"publish","type":"product","link":"https:\/\/oragarden.de\/en\/product\/hoogeveen-lonicera-hybride-celestial-65-cm-o15-cm\/","title":{"rendered":"Hoogeveen Lonicera Hybride Celestial &#8211; 65 cm, \u00d815 cm"},"content":{"rendered":"Lonicera Hybrid &#8220;Celestial&#8221; ist eine sch\u00f6ne Art von Gei\u00dfblatt! Ihre markanten Blumen strahlen die ganze Gnade aus. Die Blumen haben die Farbe von Aprikosen: eine sch\u00f6ne Kombination aus intensiven Orangen- und rosa T\u00f6nen","protected":false},"excerpt":{"rendered":"<p>Lonicera Hybrid &#8220;Celestial&#8221; ist eine sch\u00f6ne Art von Gei\u00dfblatt! Ihre markanten Blumen strahlen die ganze Gnade aus. Die Blumen haben die Farbe von Aprikosen: eine sch\u00f6ne Kombination aus intensiven Orangen- und rosa T\u00f6nen<\/p>\n","protected":false},"author":3,"featured_media":23830,"comment_status":"closed","ping_status":"closed","template":"","meta":{"inline_featured_image":false},"pwb-brand":[4968],"product_cat":[4000,4037,5124],"product_tag":[],"class_list":{"0":"post-23829","1":"product","2":"type-product","3":"status-publish","4":"has-post-thumbnail","6":"pwb-brand-hoogeveen","7":"product_cat-cat-pflanzen","8":"product_cat-cat-gartenpflanzen","9":"product_cat-cat-geisblatt-jelangerjelieber","11":"first","12":"outofstock","13":"sale","14":"taxable","15":"shipping-taxable","16":"purchasable","17":"product-type-simple"},"acf":[],"gtin":"8719075297834","brands":[{"id":4968,"name":"Hoogeveen","slug":"hoogeveen"}],"_links":{"self":[{"href":"https:\/\/oragarden.de\/en\/wp-json\/wp\/v2\/product\/23829","targetHints":{"allow":["GET"]}}],"collection":[{"href":"https:\/\/oragarden.de\/en\/wp-json\/wp\/v2\/product"}],"about":[{"href":"https:\/\/oragarden.de\/en\/wp-json\/wp\/v2\/types\/product"}],"author":[{"embeddable":true,"href":"https:\/\/oragarden.de\/en\/wp-json\/wp\/v2\/users\/3"}],"replies":[{"embeddable":true,"href":"https:\/\/oragarden.de\/en\/wp-json\/wp\/v2\/comments?post=23829"}],"wp:featuredmedia":[{"embeddable":true,"href":"https:\/\/oragarden.de\/en\/wp-json\/wp\/v2\/media\/23830"}],"wp:attachment":[{"href":"https:\/\/oragarden.de\/en\/wp-json\/wp\/v2\/media?parent=23829"}],"wp:term":[{"taxonomy":"pwb-brand","embeddable":true,"href":"https:\/\/oragarden.de\/en\/wp-json\/wp\/v2\/pwb-brand?post=23829"},{"taxonomy":"product_cat","embeddable":true,"href":"https:\/\/oragarden.de\/en\/wp-json\/wp\/v2\/product_cat?post=23829"},{"taxonomy":"product_tag","embeddable":true,"href":"https:\/\/oragarden.de\/en\/wp-json\/wp\/v2\/product_tag?post=23829"}],"curies":[{"name":"wp","href":"https:\/\/api.w.org\/{rel}","templated":true}]}}