{"id":23823,"date":"2023-07-01T15:09:38","date_gmt":"2023-07-01T16:09:38","guid":{"rendered":"https:\/\/oragarden.de\/product\/hoogeveen-lonicera-japonica-red-world-65-cm-o15-cm\/"},"modified":"2025-10-24T13:13:50","modified_gmt":"2025-10-24T14:13:50","slug":"hoogeveen-lonicera-japonica-red-world-65-cm-o15-cm","status":"publish","type":"product","link":"https:\/\/oragarden.de\/en\/product\/hoogeveen-lonicera-japonica-red-world-65-cm-o15-cm\/","title":{"rendered":"Hoogeveen Lonicera Japonica Red World &#8211; 65 cm, \u00d815 cm"},"content":{"rendered":"Die Lonicera japonica &#8216;Rote Welt&#8217; ist ein japanischer Gei\u00dfblatt mit wundersch\u00f6nen, wunderbar duftenden roten Rohrblumen. Nach der Bl\u00fcte treten rote Beeren im Herbst auf, die nicht essbar sind. Dieses Gei\u00dfblatt ist an einer Wand mit einem Rack oder \u00fcber einer Pergola geeignet. Es ist ein \u00fcppiger Bloomer und verleiht Ihrem Garten zus\u00e4tzliche Farbe. Die beste Lage ist in der Semi-Shadow-Sonne.","protected":false},"excerpt":{"rendered":"<p>Die Lonicera japonica &#8216;Rote Welt&#8217; ist ein japanischer Gei\u00dfblatt mit wundersch\u00f6nen, wunderbar duftenden roten Rohrblumen. Nach der Bl\u00fcte treten rote Beeren im Herbst auf, die nicht essbar sind. Dieses Gei\u00dfblatt ist an einer Wand mit einem Rack oder \u00fcber einer Pergola geeignet. Es ist ein \u00fcppiger Bloomer und verleiht Ihrem Garten zus\u00e4tzliche Farbe. Die beste [&hellip;]<\/p>\n","protected":false},"author":3,"featured_media":23824,"comment_status":"closed","ping_status":"closed","template":"","meta":{"inline_featured_image":false},"pwb-brand":[4968],"product_cat":[4000,4037,5124],"product_tag":[],"class_list":{"0":"post-23823","1":"product","2":"type-product","3":"status-publish","4":"has-post-thumbnail","6":"pwb-brand-hoogeveen","7":"product_cat-cat-pflanzen","8":"product_cat-cat-gartenpflanzen","9":"product_cat-cat-geisblatt-jelangerjelieber","11":"first","12":"outofstock","13":"sale","14":"taxable","15":"shipping-taxable","16":"purchasable","17":"product-type-simple"},"acf":[],"gtin":"8712815204680","brands":[{"id":4968,"name":"Hoogeveen","slug":"hoogeveen"}],"_links":{"self":[{"href":"https:\/\/oragarden.de\/en\/wp-json\/wp\/v2\/product\/23823","targetHints":{"allow":["GET"]}}],"collection":[{"href":"https:\/\/oragarden.de\/en\/wp-json\/wp\/v2\/product"}],"about":[{"href":"https:\/\/oragarden.de\/en\/wp-json\/wp\/v2\/types\/product"}],"author":[{"embeddable":true,"href":"https:\/\/oragarden.de\/en\/wp-json\/wp\/v2\/users\/3"}],"replies":[{"embeddable":true,"href":"https:\/\/oragarden.de\/en\/wp-json\/wp\/v2\/comments?post=23823"}],"wp:featuredmedia":[{"embeddable":true,"href":"https:\/\/oragarden.de\/en\/wp-json\/wp\/v2\/media\/23824"}],"wp:attachment":[{"href":"https:\/\/oragarden.de\/en\/wp-json\/wp\/v2\/media?parent=23823"}],"wp:term":[{"taxonomy":"pwb-brand","embeddable":true,"href":"https:\/\/oragarden.de\/en\/wp-json\/wp\/v2\/pwb-brand?post=23823"},{"taxonomy":"product_cat","embeddable":true,"href":"https:\/\/oragarden.de\/en\/wp-json\/wp\/v2\/product_cat?post=23823"},{"taxonomy":"product_tag","embeddable":true,"href":"https:\/\/oragarden.de\/en\/wp-json\/wp\/v2\/product_tag?post=23823"}],"curies":[{"name":"wp","href":"https:\/\/api.w.org\/{rel}","templated":true}]}}