{"id":23816,"date":"2023-07-01T15:09:20","date_gmt":"2023-07-01T16:09:20","guid":{"rendered":"https:\/\/oragarden.de\/product\/hoogeveen-lonicera-kamtschatica-duet-45cm-o13-cm\/"},"modified":"2025-10-24T13:13:49","modified_gmt":"2025-10-24T14:13:49","slug":"hoogeveen-lonicera-kamtschatica-duet-45cm-o13-cm","status":"publish","type":"product","link":"https:\/\/oragarden.de\/en\/product\/hoogeveen-lonicera-kamtschatica-duet-45cm-o13-cm\/","title":{"rendered":"Hoogeveen Lonicera Kamtschatica Duet &#8211; 45cm, \u00d813 cm"},"content":{"rendered":"Leckeres gr\u00fcn, 100% biologisch angebaute Fr\u00fcchte. Dies bedeutet, dass beim Anbau nur Gem\u00fcse- und Tiermaterialien verwendet wurden. Der Topf und das Etikett bestehen aus recyceltem Kunststoff und damit eine saubere L\u00f6sung f\u00fcr die Umwelt.\r\n&#8220;Lonicera Kamtstresica Duet&#8221; ist ein blaues Honigberry, das den Geschmack der Blaubeere entspricht. Er stammt aus Nordostasien und Sibirien und ist in den Niederlanden noch relativ unbekannt. Der Busch ist sehr winterhart und bl\u00fcht mit unauff\u00e4lligen gr\u00fcn-gelben Bl\u00fcten. Der Honeyberry -Busch ist selbstfeindlich, aber wenn es mehrere Pflanzen zusammen gibt, gibt es eine bessere Ernte. Die Hummeln sorgen f\u00fcr die Best\u00e4ubung. Die Fr\u00fcchte erscheinen sp\u00e4ter als die der &#8220;Lonicera Combs Schatics&#8221; im August\/September. Die Beeren sind dunkelblau, sind mit einer besonderen langgestreckten Form etwas gr\u00f6\u00dfer als der Durchschnitt.","protected":false},"excerpt":{"rendered":"<p>Leckeres gr\u00fcn, 100% biologisch angebaute Fr\u00fcchte. Dies bedeutet, dass beim Anbau nur Gem\u00fcse- und Tiermaterialien verwendet wurden. Der Topf und das Etikett bestehen aus recyceltem Kunststoff und damit eine saubere L\u00f6sung f\u00fcr die Umwelt. &#8220;Lonicera Kamtstresica Duet&#8221; ist ein blaues Honigberry, das den Geschmack der Blaubeere entspricht. Er stammt aus Nordostasien und Sibirien und ist [&hellip;]<\/p>\n","protected":false},"author":3,"featured_media":23817,"comment_status":"closed","ping_status":"closed","template":"","meta":{"inline_featured_image":false},"pwb-brand":[4968],"product_cat":[4000,4037,5124],"product_tag":[],"class_list":{"0":"post-23816","1":"product","2":"type-product","3":"status-publish","4":"has-post-thumbnail","6":"pwb-brand-hoogeveen","7":"product_cat-cat-pflanzen","8":"product_cat-cat-gartenpflanzen","9":"product_cat-cat-geisblatt-jelangerjelieber","11":"first","12":"outofstock","13":"sale","14":"taxable","15":"shipping-taxable","16":"purchasable","17":"product-type-simple"},"acf":[],"gtin":"8719497267668","brands":[{"id":4968,"name":"Hoogeveen","slug":"hoogeveen"}],"_links":{"self":[{"href":"https:\/\/oragarden.de\/en\/wp-json\/wp\/v2\/product\/23816","targetHints":{"allow":["GET"]}}],"collection":[{"href":"https:\/\/oragarden.de\/en\/wp-json\/wp\/v2\/product"}],"about":[{"href":"https:\/\/oragarden.de\/en\/wp-json\/wp\/v2\/types\/product"}],"author":[{"embeddable":true,"href":"https:\/\/oragarden.de\/en\/wp-json\/wp\/v2\/users\/3"}],"replies":[{"embeddable":true,"href":"https:\/\/oragarden.de\/en\/wp-json\/wp\/v2\/comments?post=23816"}],"wp:featuredmedia":[{"embeddable":true,"href":"https:\/\/oragarden.de\/en\/wp-json\/wp\/v2\/media\/23817"}],"wp:attachment":[{"href":"https:\/\/oragarden.de\/en\/wp-json\/wp\/v2\/media?parent=23816"}],"wp:term":[{"taxonomy":"pwb-brand","embeddable":true,"href":"https:\/\/oragarden.de\/en\/wp-json\/wp\/v2\/pwb-brand?post=23816"},{"taxonomy":"product_cat","embeddable":true,"href":"https:\/\/oragarden.de\/en\/wp-json\/wp\/v2\/product_cat?post=23816"},{"taxonomy":"product_tag","embeddable":true,"href":"https:\/\/oragarden.de\/en\/wp-json\/wp\/v2\/product_tag?post=23816"}],"curies":[{"name":"wp","href":"https:\/\/api.w.org\/{rel}","templated":true}]}}