{"id":23808,"date":"2023-07-01T15:08:50","date_gmt":"2023-07-01T16:08:50","guid":{"rendered":"https:\/\/oragarden.de\/product\/hoogeveen-lonicera-periclymenum-belgica-65-cm-o15-cm\/"},"modified":"2025-10-24T13:13:49","modified_gmt":"2025-10-24T14:13:49","slug":"hoogeveen-lonicera-periclymenum-belgica-65-cm-o15-cm","status":"publish","type":"product","link":"https:\/\/oragarden.de\/en\/product\/hoogeveen-lonicera-periclymenum-belgica-65-cm-o15-cm\/","title":{"rendered":"Hoogeveen Lonicera Periclymenum Belgica &#8211; 65 cm, \u00d815 cm"},"content":{"rendered":"Das Lonicera Periclymenum &#8216;Belgica&#8217; ist eine Kletterpflanze mit rot-wei\u00dfen Blumen, die am Abend besonders wunderbar riechen! Die Bl\u00e4tter sind dunkelgr\u00fcn. Dieses Gei\u00dfblatt ist an einer Wand mit einem Rack oder \u00fcber einer Pergola geeignet. Schatten Sie Schatten am Fu\u00df dieser Gartenpflanze. Platzieren Sie beispielsweise eine Dachfliese \u00fcber den Fu\u00df des Lonicera Periclymenum &#8216;Belgica&#8217; oder pflanzen Sie eine Bodenbedeckung. Das Gei\u00dfblatt w\u00e4chst urspr\u00fcnglich gerne in Waldkanten, an denen die Pflanze von der K\u00fchle zu einem leichten, warmen Ort klettert. Die beste Lage ist daher in der Semi-Shadow-Sonne.","protected":false},"excerpt":{"rendered":"<p>Das Lonicera Periclymenum &#8216;Belgica&#8217; ist eine Kletterpflanze mit rot-wei\u00dfen Blumen, die am Abend besonders wunderbar riechen! Die Bl\u00e4tter sind dunkelgr\u00fcn. Dieses Gei\u00dfblatt ist an einer Wand mit einem Rack oder \u00fcber einer Pergola geeignet. Schatten Sie Schatten am Fu\u00df dieser Gartenpflanze. Platzieren Sie beispielsweise eine Dachfliese \u00fcber den Fu\u00df des Lonicera Periclymenum &#8216;Belgica&#8217; oder pflanzen [&hellip;]<\/p>\n","protected":false},"author":3,"featured_media":23809,"comment_status":"closed","ping_status":"closed","template":"","meta":{"inline_featured_image":false},"pwb-brand":[4968],"product_cat":[4000,4037,5124],"product_tag":[],"class_list":{"0":"post-23808","1":"product","2":"type-product","3":"status-publish","4":"has-post-thumbnail","6":"pwb-brand-hoogeveen","7":"product_cat-cat-pflanzen","8":"product_cat-cat-gartenpflanzen","9":"product_cat-cat-geisblatt-jelangerjelieber","11":"first","12":"outofstock","13":"sale","14":"taxable","15":"shipping-taxable","16":"purchasable","17":"product-type-simple"},"acf":[],"gtin":"8712044839004","brands":[{"id":4968,"name":"Hoogeveen","slug":"hoogeveen"}],"_links":{"self":[{"href":"https:\/\/oragarden.de\/en\/wp-json\/wp\/v2\/product\/23808","targetHints":{"allow":["GET"]}}],"collection":[{"href":"https:\/\/oragarden.de\/en\/wp-json\/wp\/v2\/product"}],"about":[{"href":"https:\/\/oragarden.de\/en\/wp-json\/wp\/v2\/types\/product"}],"author":[{"embeddable":true,"href":"https:\/\/oragarden.de\/en\/wp-json\/wp\/v2\/users\/3"}],"replies":[{"embeddable":true,"href":"https:\/\/oragarden.de\/en\/wp-json\/wp\/v2\/comments?post=23808"}],"wp:featuredmedia":[{"embeddable":true,"href":"https:\/\/oragarden.de\/en\/wp-json\/wp\/v2\/media\/23809"}],"wp:attachment":[{"href":"https:\/\/oragarden.de\/en\/wp-json\/wp\/v2\/media?parent=23808"}],"wp:term":[{"taxonomy":"pwb-brand","embeddable":true,"href":"https:\/\/oragarden.de\/en\/wp-json\/wp\/v2\/pwb-brand?post=23808"},{"taxonomy":"product_cat","embeddable":true,"href":"https:\/\/oragarden.de\/en\/wp-json\/wp\/v2\/product_cat?post=23808"},{"taxonomy":"product_tag","embeddable":true,"href":"https:\/\/oragarden.de\/en\/wp-json\/wp\/v2\/product_tag?post=23808"}],"curies":[{"name":"wp","href":"https:\/\/api.w.org\/{rel}","templated":true}]}}