{"id":23799,"date":"2023-07-01T15:08:26","date_gmt":"2023-07-01T16:08:26","guid":{"rendered":"https:\/\/oragarden.de\/product\/hoogeveen-lonicera-periclymenum-cap-imperia-65-cm-o15-cm\/"},"modified":"2025-10-24T13:13:49","modified_gmt":"2025-10-24T14:13:49","slug":"hoogeveen-lonicera-periclymenum-cap-imperia-65-cm-o15-cm","status":"publish","type":"product","link":"https:\/\/oragarden.de\/en\/product\/hoogeveen-lonicera-periclymenum-cap-imperia-65-cm-o15-cm\/","title":{"rendered":"Hoogeveen Lonicera Periclymenum Cap. Imperia&#8217; &#8211; 65 cm, \u00d815 cm"},"content":{"rendered":"Der Lonicera Imperial ist bekannt f\u00fcr seine sch\u00f6ne rote Blume und seine \u00fcppige Bl\u00fcte im sp\u00e4ten Fr\u00fchling.","protected":false},"excerpt":{"rendered":"<p>Der Lonicera Imperial ist bekannt f\u00fcr seine sch\u00f6ne rote Blume und seine \u00fcppige Bl\u00fcte im sp\u00e4ten Fr\u00fchling.<\/p>\n","protected":false},"author":3,"featured_media":23800,"comment_status":"closed","ping_status":"closed","template":"","meta":{"inline_featured_image":false},"pwb-brand":[4968],"product_cat":[4000,4037,5124],"product_tag":[],"class_list":{"0":"post-23799","1":"product","2":"type-product","3":"status-publish","4":"has-post-thumbnail","6":"pwb-brand-hoogeveen","7":"product_cat-cat-pflanzen","8":"product_cat-cat-gartenpflanzen","9":"product_cat-cat-geisblatt-jelangerjelieber","11":"first","12":"outofstock","13":"sale","14":"taxable","15":"shipping-taxable","16":"purchasable","17":"product-type-simple"},"acf":[],"gtin":"8719075297841","brands":[{"id":4968,"name":"Hoogeveen","slug":"hoogeveen"}],"_links":{"self":[{"href":"https:\/\/oragarden.de\/en\/wp-json\/wp\/v2\/product\/23799","targetHints":{"allow":["GET"]}}],"collection":[{"href":"https:\/\/oragarden.de\/en\/wp-json\/wp\/v2\/product"}],"about":[{"href":"https:\/\/oragarden.de\/en\/wp-json\/wp\/v2\/types\/product"}],"author":[{"embeddable":true,"href":"https:\/\/oragarden.de\/en\/wp-json\/wp\/v2\/users\/3"}],"replies":[{"embeddable":true,"href":"https:\/\/oragarden.de\/en\/wp-json\/wp\/v2\/comments?post=23799"}],"wp:featuredmedia":[{"embeddable":true,"href":"https:\/\/oragarden.de\/en\/wp-json\/wp\/v2\/media\/23800"}],"wp:attachment":[{"href":"https:\/\/oragarden.de\/en\/wp-json\/wp\/v2\/media?parent=23799"}],"wp:term":[{"taxonomy":"pwb-brand","embeddable":true,"href":"https:\/\/oragarden.de\/en\/wp-json\/wp\/v2\/pwb-brand?post=23799"},{"taxonomy":"product_cat","embeddable":true,"href":"https:\/\/oragarden.de\/en\/wp-json\/wp\/v2\/product_cat?post=23799"},{"taxonomy":"product_tag","embeddable":true,"href":"https:\/\/oragarden.de\/en\/wp-json\/wp\/v2\/product_tag?post=23799"}],"curies":[{"name":"wp","href":"https:\/\/api.w.org\/{rel}","templated":true}]}}