{"id":23793,"date":"2023-07-01T15:07:29","date_gmt":"2023-07-01T16:07:29","guid":{"rendered":"https:\/\/oragarden.de\/product\/hoogeveen-lonicera-henryi-65-cm-o15-cm\/"},"modified":"2025-10-24T13:13:48","modified_gmt":"2025-10-24T14:13:48","slug":"hoogeveen-lonicera-henryi-65-cm-o15-cm","status":"publish","type":"product","link":"https:\/\/oragarden.de\/en\/product\/hoogeveen-lonicera-henryi-65-cm-o15-cm\/","title":{"rendered":"Hoogeveen Lonicera Henryi &#8211; 65 cm, \u00d815 cm"},"content":{"rendered":"&#8220;Lonicera Henryi&#8221; ist ein Blatt, das immergr\u00fcne Gei\u00dfblatt mit immergr\u00fcnem Gei\u00dfblatt ist. Im Gegensatz zu den meisten anderen Gei\u00dfschnellen bleibt die &#8220;Lonicera Henryi&#8221; in weichen Wintern gr\u00fcn. Es ist eine Kletterpflanze mit f\u00fcnfzig, auff\u00e4lligen orangefarbenen Bl\u00fcten und gro\u00dfen gr\u00fcnen Bl\u00e4ttern. Es ist auch bekannt f\u00fcr den s\u00fc\u00dfen Duft, den sich die Pflanze ausbreitet, insbesondere abends. Damit die Pflanze besser klettern kann, ist es am besten, ihm ein wenig zu helfen und sie \u00fcber ein Gestell klettern zu lassen. Das Gei\u00dfblatt ist leicht zu pflegen und kann an allen Orten sein. An einem Ort im Schatten oder im teilweisen Schatten w\u00e4chst es auch gut, sorgt jedoch f\u00fcr eine weniger reichhaltige Bl\u00fcte. Stellen Sie sicher, dass Sie die Lonicera regelm\u00e4\u00dfig beschneiden, um die Pflanze sch\u00f6n und frisch zu halten.","protected":false},"excerpt":{"rendered":"<p>&#8220;Lonicera Henryi&#8221; ist ein Blatt, das immergr\u00fcne Gei\u00dfblatt mit immergr\u00fcnem Gei\u00dfblatt ist. Im Gegensatz zu den meisten anderen Gei\u00dfschnellen bleibt die &#8220;Lonicera Henryi&#8221; in weichen Wintern gr\u00fcn. Es ist eine Kletterpflanze mit f\u00fcnfzig, auff\u00e4lligen orangefarbenen Bl\u00fcten und gro\u00dfen gr\u00fcnen Bl\u00e4ttern. Es ist auch bekannt f\u00fcr den s\u00fc\u00dfen Duft, den sich die Pflanze ausbreitet, insbesondere abends. [&hellip;]<\/p>\n","protected":false},"author":3,"featured_media":23794,"comment_status":"closed","ping_status":"closed","template":"","meta":{"inline_featured_image":false},"pwb-brand":[4968],"product_cat":[4000,4037,5124],"product_tag":[],"class_list":{"0":"post-23793","1":"product","2":"type-product","3":"status-publish","4":"has-post-thumbnail","6":"pwb-brand-hoogeveen","7":"product_cat-cat-pflanzen","8":"product_cat-cat-gartenpflanzen","9":"product_cat-cat-geisblatt-jelangerjelieber","11":"first","12":"outofstock","13":"sale","14":"taxable","15":"shipping-taxable","16":"purchasable","17":"product-type-simple"},"acf":[],"gtin":"8712044838939","brands":[{"id":4968,"name":"Hoogeveen","slug":"hoogeveen"}],"_links":{"self":[{"href":"https:\/\/oragarden.de\/en\/wp-json\/wp\/v2\/product\/23793","targetHints":{"allow":["GET"]}}],"collection":[{"href":"https:\/\/oragarden.de\/en\/wp-json\/wp\/v2\/product"}],"about":[{"href":"https:\/\/oragarden.de\/en\/wp-json\/wp\/v2\/types\/product"}],"author":[{"embeddable":true,"href":"https:\/\/oragarden.de\/en\/wp-json\/wp\/v2\/users\/3"}],"replies":[{"embeddable":true,"href":"https:\/\/oragarden.de\/en\/wp-json\/wp\/v2\/comments?post=23793"}],"wp:featuredmedia":[{"embeddable":true,"href":"https:\/\/oragarden.de\/en\/wp-json\/wp\/v2\/media\/23794"}],"wp:attachment":[{"href":"https:\/\/oragarden.de\/en\/wp-json\/wp\/v2\/media?parent=23793"}],"wp:term":[{"taxonomy":"pwb-brand","embeddable":true,"href":"https:\/\/oragarden.de\/en\/wp-json\/wp\/v2\/pwb-brand?post=23793"},{"taxonomy":"product_cat","embeddable":true,"href":"https:\/\/oragarden.de\/en\/wp-json\/wp\/v2\/product_cat?post=23793"},{"taxonomy":"product_tag","embeddable":true,"href":"https:\/\/oragarden.de\/en\/wp-json\/wp\/v2\/product_tag?post=23793"}],"curies":[{"name":"wp","href":"https:\/\/api.w.org\/{rel}","templated":true}]}}