{"id":23763,"date":"2023-07-01T14:00:51","date_gmt":"2023-07-01T15:00:51","guid":{"rendered":"https:\/\/oragarden.de\/product\/wtm-de-boer-hedera-hibernica-p9-10-25-6x\/"},"modified":"2025-10-24T13:13:45","modified_gmt":"2025-10-24T14:13:45","slug":"wtm-de-boer-hedera-hibernica-p9-10-25-6x","status":"publish","type":"product","link":"https:\/\/oragarden.de\/en\/product\/wtm-de-boer-hedera-hibernica-p9-10-25-6x\/","title":{"rendered":"Wtm De Boer Hedera Hibernica P9 10\/25  6x"},"content":{"rendered":"Hedera hibernica l\u00e4sst sich sehr vielseitig einsetzen, n\u00e4mlich als Hecke, Hofabtrennung oder Pflanzfl\u00e4che. Seine Bl\u00e4tter werden gr\u00fcn mit einer silberwei\u00dfen Ader. Sie w\u00e4chst auf jedem Boden und sowohl in der Sonne als auch im Schatten. Die Pflanze wird zu unendlicher H\u00f6he wachsen. Eingriffe mit der Schere k\u00f6nnen fast das ganze Jahr \u00fcber durchgef\u00fchrt werden. Bitte beachten Sie: Pflanzen sind ein lebendes Produkt, was bedeutet, dass sie von dem Foto und der Beschreibung abweichen k\u00f6nnen. Wir wachsen auch auf nat\u00fcrliche Weise. Das bedeutet, dass wir, wenn es nicht n\u00f6tig ist, nicht direkt eingreifen, um Insekten und bestimmte Unregelm\u00e4\u00dfigkeiten in der Anlage zu beseitigen. Dadurch kann die Pflanze in manchen F\u00e4llen optisch nicht perfekt sein, erholt sich aber trotzdem in Ihrem Garten. Wir versprechen, dass unsere Pflanze ein starkes Produkt ist, das Ihnen lang anhaltenden Komfort und Freude bereiten wird. Unsere Pflanzen werden in einem recycelbaren Anzuchttopf aus Kunststoff geliefert, der bei richtiger Trennung wieder in den Kunststoffkreislauf zur\u00fcckgef\u00fchrt wird. Alle Pflanzen werden direkt aus unserer eigenen G\u00e4rtnerei verpackt und versendet.","protected":false},"excerpt":{"rendered":"<p>Hedera hibernica l\u00e4sst sich sehr vielseitig einsetzen, n\u00e4mlich als Hecke, Hofabtrennung oder Pflanzfl\u00e4che. Seine Bl\u00e4tter werden gr\u00fcn mit einer silberwei\u00dfen Ader. Sie w\u00e4chst auf jedem Boden und sowohl in der Sonne als auch im Schatten. Die Pflanze wird zu unendlicher H\u00f6he wachsen. Eingriffe mit der Schere k\u00f6nnen fast das ganze Jahr \u00fcber durchgef\u00fchrt werden. Bitte [&hellip;]<\/p>\n","protected":false},"author":3,"featured_media":23764,"comment_status":"closed","ping_status":"closed","template":"","meta":{"inline_featured_image":false},"pwb-brand":[5140],"product_cat":[4000,5145,4770,4036],"product_tag":[],"class_list":{"0":"post-23763","1":"product","2":"type-product","3":"status-publish","4":"has-post-thumbnail","6":"pwb-brand-wtm-de-boer","7":"product_cat-cat-pflanzen","8":"product_cat-cat-efeu-hedera","9":"product_cat-cat-pflanzen-sets","10":"product_cat-cat-zimmerpflanzen","12":"first","13":"outofstock","14":"sale","15":"taxable","16":"shipping-taxable","17":"purchasable","18":"product-type-simple"},"acf":[],"gtin":"8720892078643","brands":[{"id":5140,"name":"Wtm De Boer","slug":"wtm-de-boer"}],"_links":{"self":[{"href":"https:\/\/oragarden.de\/en\/wp-json\/wp\/v2\/product\/23763","targetHints":{"allow":["GET"]}}],"collection":[{"href":"https:\/\/oragarden.de\/en\/wp-json\/wp\/v2\/product"}],"about":[{"href":"https:\/\/oragarden.de\/en\/wp-json\/wp\/v2\/types\/product"}],"author":[{"embeddable":true,"href":"https:\/\/oragarden.de\/en\/wp-json\/wp\/v2\/users\/3"}],"replies":[{"embeddable":true,"href":"https:\/\/oragarden.de\/en\/wp-json\/wp\/v2\/comments?post=23763"}],"wp:featuredmedia":[{"embeddable":true,"href":"https:\/\/oragarden.de\/en\/wp-json\/wp\/v2\/media\/23764"}],"wp:attachment":[{"href":"https:\/\/oragarden.de\/en\/wp-json\/wp\/v2\/media?parent=23763"}],"wp:term":[{"taxonomy":"pwb-brand","embeddable":true,"href":"https:\/\/oragarden.de\/en\/wp-json\/wp\/v2\/pwb-brand?post=23763"},{"taxonomy":"product_cat","embeddable":true,"href":"https:\/\/oragarden.de\/en\/wp-json\/wp\/v2\/product_cat?post=23763"},{"taxonomy":"product_tag","embeddable":true,"href":"https:\/\/oragarden.de\/en\/wp-json\/wp\/v2\/product_tag?post=23763"}],"curies":[{"name":"wp","href":"https:\/\/api.w.org\/{rel}","templated":true}]}}