{"id":23726,"date":"2023-07-01T13:46:47","date_gmt":"2023-07-01T14:46:47","guid":{"rendered":"https:\/\/oragarden.de\/product\/hoogeveen-hedera-hibernica-65-cm-o15-cm\/"},"modified":"2025-10-24T13:13:43","modified_gmt":"2025-10-24T14:13:43","slug":"hoogeveen-hedera-hibernica-65-cm-o15-cm","status":"publish","type":"product","link":"https:\/\/oragarden.de\/en\/product\/hoogeveen-hedera-hibernica-65-cm-o15-cm\/","title":{"rendered":"Hoogeveen Hedera Hibernica &#8211; 65 cm, \u00d815 cm"},"content":{"rendered":"&#8220;Hedera Hibernica&#8221; ist einer der bekanntesten und am besten gepflanzten Efeu. Der Grund daf\u00fcr ist, dass diese Kletterpflanze sehr einfach zu pflegen ist, schnell w\u00e4chst und im Winter sch\u00f6n und gr\u00fcn bleibt. Es ist sowohl f\u00fcr die Sonne als auch im Schatten geeignet und w\u00e4chst in jedem Boden. Mit den frischen gr\u00fcnen, verstreuten Bl\u00e4ttern eignet sich diese Pflanze zum Tarnen einer Wand, zum Aufhellen eines Zauns oder zur Bedeckung eines Netzzauns. Wenn nichts zu klettern ist, kriechen die St\u00e4ngel \u00fcber den Boden und machen Wurzeln, mit denen sie gro\u00dfe Entfernungen abdecken k\u00f6nnen. Dies macht den Efeu auch als Bodenbedeckung geeignet.","protected":false},"excerpt":{"rendered":"<p>&#8220;Hedera Hibernica&#8221; ist einer der bekanntesten und am besten gepflanzten Efeu. Der Grund daf\u00fcr ist, dass diese Kletterpflanze sehr einfach zu pflegen ist, schnell w\u00e4chst und im Winter sch\u00f6n und gr\u00fcn bleibt. Es ist sowohl f\u00fcr die Sonne als auch im Schatten geeignet und w\u00e4chst in jedem Boden. Mit den frischen gr\u00fcnen, verstreuten Bl\u00e4ttern eignet [&hellip;]<\/p>\n","protected":false},"author":3,"featured_media":23727,"comment_status":"closed","ping_status":"closed","template":"","meta":{"inline_featured_image":false},"pwb-brand":[4968],"product_cat":[4000,5145,4036],"product_tag":[],"class_list":{"0":"post-23726","1":"product","2":"type-product","3":"status-publish","4":"has-post-thumbnail","6":"pwb-brand-hoogeveen","7":"product_cat-cat-pflanzen","8":"product_cat-cat-efeu-hedera","9":"product_cat-cat-zimmerpflanzen","11":"first","12":"outofstock","13":"sale","14":"taxable","15":"shipping-taxable","16":"purchasable","17":"product-type-simple"},"acf":[],"gtin":"8712044838878","brands":[{"id":4968,"name":"Hoogeveen","slug":"hoogeveen"}],"_links":{"self":[{"href":"https:\/\/oragarden.de\/en\/wp-json\/wp\/v2\/product\/23726","targetHints":{"allow":["GET"]}}],"collection":[{"href":"https:\/\/oragarden.de\/en\/wp-json\/wp\/v2\/product"}],"about":[{"href":"https:\/\/oragarden.de\/en\/wp-json\/wp\/v2\/types\/product"}],"author":[{"embeddable":true,"href":"https:\/\/oragarden.de\/en\/wp-json\/wp\/v2\/users\/3"}],"replies":[{"embeddable":true,"href":"https:\/\/oragarden.de\/en\/wp-json\/wp\/v2\/comments?post=23726"}],"wp:featuredmedia":[{"embeddable":true,"href":"https:\/\/oragarden.de\/en\/wp-json\/wp\/v2\/media\/23727"}],"wp:attachment":[{"href":"https:\/\/oragarden.de\/en\/wp-json\/wp\/v2\/media?parent=23726"}],"wp:term":[{"taxonomy":"pwb-brand","embeddable":true,"href":"https:\/\/oragarden.de\/en\/wp-json\/wp\/v2\/pwb-brand?post=23726"},{"taxonomy":"product_cat","embeddable":true,"href":"https:\/\/oragarden.de\/en\/wp-json\/wp\/v2\/product_cat?post=23726"},{"taxonomy":"product_tag","embeddable":true,"href":"https:\/\/oragarden.de\/en\/wp-json\/wp\/v2\/product_tag?post=23726"}],"curies":[{"name":"wp","href":"https:\/\/api.w.org\/{rel}","templated":true}]}}