{"id":23719,"date":"2023-07-01T13:46:01","date_gmt":"2023-07-01T14:46:01","guid":{"rendered":"https:\/\/oragarden.de\/product\/hoogeveen-campsis-summer-jazz-fire-trumpet-70-cm-o19-cm\/"},"modified":"2025-10-24T13:13:42","modified_gmt":"2025-10-24T14:13:42","slug":"hoogeveen-campsis-summer-jazz-fire-trumpet-70-cm-o19-cm","status":"publish","type":"product","link":"https:\/\/oragarden.de\/en\/product\/hoogeveen-campsis-summer-jazz-fire-trumpet-70-cm-o19-cm\/","title":{"rendered":"Hoogeveen Campsis Summer Jazz &#8216;Fire Trumpet&#8217; &#8211; 70 cm, \u00d819 cm"},"content":{"rendered":"Campsis Summer Jazz Fire Trompete &#8221; ist ein hinter Trompetenkletterer, der in viel Sonne bl\u00fcht. Die roten Blumencampsise wachsen kompakter als andere Arten aus der Sommer -Jazz -Serie, n\u00e4mlich maximal 3 Meter hoch. Der Sp\u00e4tsommer Bloomer neigt dazu, einen Busch zu bilden. Wenn Sie die Campsise besteigen m\u00f6chten, ist es n\u00fctzlich, sie beispielsweise zu Beginn des Wachstums zu unterst\u00fctzen. Diese Campsise ist eine selbstadh\u00e4sive Kletterpflanze, was bedeutet, dass aus den Zweigen kleine Klebstoffwurzeln gebildet werden. Diese Kleberwurzeln werden sich entlang der Wand oder dem Zaun befestigen.","protected":false},"excerpt":{"rendered":"<p>Campsis Summer Jazz Fire Trompete &#8221; ist ein hinter Trompetenkletterer, der in viel Sonne bl\u00fcht. Die roten Blumencampsise wachsen kompakter als andere Arten aus der Sommer -Jazz -Serie, n\u00e4mlich maximal 3 Meter hoch. Der Sp\u00e4tsommer Bloomer neigt dazu, einen Busch zu bilden. Wenn Sie die Campsise besteigen m\u00f6chten, ist es n\u00fctzlich, sie beispielsweise zu Beginn [&hellip;]<\/p>\n","protected":false},"author":3,"featured_media":23720,"comment_status":"closed","ping_status":"closed","template":"","meta":{"inline_featured_image":false},"pwb-brand":[4968],"product_cat":[4000,4037,5147],"product_tag":[],"class_list":{"0":"post-23719","1":"product","2":"type-product","3":"status-publish","4":"has-post-thumbnail","6":"pwb-brand-hoogeveen","7":"product_cat-cat-pflanzen","8":"product_cat-cat-gartenpflanzen","9":"product_cat-cat-trompetenblumen-campsis","11":"first","12":"outofstock","13":"sale","14":"taxable","15":"shipping-taxable","16":"purchasable","17":"product-type-simple"},"acf":[],"gtin":"8719474813215","brands":[{"id":4968,"name":"Hoogeveen","slug":"hoogeveen"}],"_links":{"self":[{"href":"https:\/\/oragarden.de\/en\/wp-json\/wp\/v2\/product\/23719","targetHints":{"allow":["GET"]}}],"collection":[{"href":"https:\/\/oragarden.de\/en\/wp-json\/wp\/v2\/product"}],"about":[{"href":"https:\/\/oragarden.de\/en\/wp-json\/wp\/v2\/types\/product"}],"author":[{"embeddable":true,"href":"https:\/\/oragarden.de\/en\/wp-json\/wp\/v2\/users\/3"}],"replies":[{"embeddable":true,"href":"https:\/\/oragarden.de\/en\/wp-json\/wp\/v2\/comments?post=23719"}],"wp:featuredmedia":[{"embeddable":true,"href":"https:\/\/oragarden.de\/en\/wp-json\/wp\/v2\/media\/23720"}],"wp:attachment":[{"href":"https:\/\/oragarden.de\/en\/wp-json\/wp\/v2\/media?parent=23719"}],"wp:term":[{"taxonomy":"pwb-brand","embeddable":true,"href":"https:\/\/oragarden.de\/en\/wp-json\/wp\/v2\/pwb-brand?post=23719"},{"taxonomy":"product_cat","embeddable":true,"href":"https:\/\/oragarden.de\/en\/wp-json\/wp\/v2\/product_cat?post=23719"},{"taxonomy":"product_tag","embeddable":true,"href":"https:\/\/oragarden.de\/en\/wp-json\/wp\/v2\/product_tag?post=23719"}],"curies":[{"name":"wp","href":"https:\/\/api.w.org\/{rel}","templated":true}]}}