{"id":23692,"date":"2023-07-01T13:43:53","date_gmt":"2023-07-01T14:43:53","guid":{"rendered":"https:\/\/oragarden.de\/product\/hoogeveen-campsis-summer-jazz-gold-trumpet-65-cm-o15-cm\/"},"modified":"2025-10-24T13:13:41","modified_gmt":"2025-10-24T14:13:41","slug":"hoogeveen-campsis-summer-jazz-gold-trumpet-65-cm-o15-cm","status":"publish","type":"product","link":"https:\/\/oragarden.de\/en\/product\/hoogeveen-campsis-summer-jazz-gold-trumpet-65-cm-o15-cm\/","title":{"rendered":"Hoogeveen Campsis Summer Jazz &#8216;Gold Trumpet&#8217; &#8211; 65 cm, \u00d815 cm"},"content":{"rendered":"Campsis Summer Jazz Gold Trompete &#8221; ist ein Trompetenklimmer, der in viel Sonne \u00fcberschwarm und l\u00e4nger bl\u00fcht. Der Trompetenkletterer ist winterhart, wenn er sich an einem gesch\u00fctzten Ort befindet. Die gelben Blumencampsise wachsen kompakter als andere Arten aus der Sommer -Jazz -Serie, n\u00e4mlich maximal 3 Meter hoch. Der Sp\u00e4tsommer Bloomer neigt dazu, einen Busch zu bilden. Wenn Sie die Campsise besteigen m\u00f6chten, ist es n\u00fctzlich, sie beispielsweise zu Beginn des Wachstums zu unterst\u00fctzen. Diese Campsise ist eine selbstadh\u00e4sive Kletterpflanze, was bedeutet, dass aus den Zweigen kleine Klebstoffwurzeln gebildet werden. Diese Kleberwurzeln werden sich entlang der Wand oder dem Zaun befestigen.","protected":false},"excerpt":{"rendered":"<p>Campsis Summer Jazz Gold Trompete &#8221; ist ein Trompetenklimmer, der in viel Sonne \u00fcberschwarm und l\u00e4nger bl\u00fcht. Der Trompetenkletterer ist winterhart, wenn er sich an einem gesch\u00fctzten Ort befindet. Die gelben Blumencampsise wachsen kompakter als andere Arten aus der Sommer -Jazz -Serie, n\u00e4mlich maximal 3 Meter hoch. Der Sp\u00e4tsommer Bloomer neigt dazu, einen Busch zu [&hellip;]<\/p>\n","protected":false},"author":3,"featured_media":23693,"comment_status":"closed","ping_status":"closed","template":"","meta":{"inline_featured_image":false},"pwb-brand":[4968],"product_cat":[4000,4037,5147],"product_tag":[],"class_list":{"0":"post-23692","1":"product","2":"type-product","3":"status-publish","4":"has-post-thumbnail","6":"pwb-brand-hoogeveen","7":"product_cat-cat-pflanzen","8":"product_cat-cat-gartenpflanzen","9":"product_cat-cat-trompetenblumen-campsis","11":"first","12":"outofstock","13":"sale","14":"taxable","15":"shipping-taxable","16":"purchasable","17":"product-type-simple"},"acf":[],"gtin":"8719075297810","brands":[{"id":4968,"name":"Hoogeveen","slug":"hoogeveen"}],"_links":{"self":[{"href":"https:\/\/oragarden.de\/en\/wp-json\/wp\/v2\/product\/23692","targetHints":{"allow":["GET"]}}],"collection":[{"href":"https:\/\/oragarden.de\/en\/wp-json\/wp\/v2\/product"}],"about":[{"href":"https:\/\/oragarden.de\/en\/wp-json\/wp\/v2\/types\/product"}],"author":[{"embeddable":true,"href":"https:\/\/oragarden.de\/en\/wp-json\/wp\/v2\/users\/3"}],"replies":[{"embeddable":true,"href":"https:\/\/oragarden.de\/en\/wp-json\/wp\/v2\/comments?post=23692"}],"wp:featuredmedia":[{"embeddable":true,"href":"https:\/\/oragarden.de\/en\/wp-json\/wp\/v2\/media\/23693"}],"wp:attachment":[{"href":"https:\/\/oragarden.de\/en\/wp-json\/wp\/v2\/media?parent=23692"}],"wp:term":[{"taxonomy":"pwb-brand","embeddable":true,"href":"https:\/\/oragarden.de\/en\/wp-json\/wp\/v2\/pwb-brand?post=23692"},{"taxonomy":"product_cat","embeddable":true,"href":"https:\/\/oragarden.de\/en\/wp-json\/wp\/v2\/product_cat?post=23692"},{"taxonomy":"product_tag","embeddable":true,"href":"https:\/\/oragarden.de\/en\/wp-json\/wp\/v2\/product_tag?post=23692"}],"curies":[{"name":"wp","href":"https:\/\/api.w.org\/{rel}","templated":true}]}}