{"id":23682,"date":"2023-07-01T13:43:12","date_gmt":"2023-07-01T14:43:12","guid":{"rendered":"https:\/\/oragarden.de\/product\/hoogeveen-campsis-indian-summer-65-cm-o15-cm\/"},"modified":"2025-10-24T13:13:40","modified_gmt":"2025-10-24T14:13:40","slug":"hoogeveen-campsis-indian-summer-65-cm-o15-cm","status":"publish","type":"product","link":"https:\/\/oragarden.de\/en\/product\/hoogeveen-campsis-indian-summer-65-cm-o15-cm\/","title":{"rendered":"Hoogeveen Campsis &#8216;Indian Summer&#8217; &#8211; 65 cm, \u00d815 cm"},"content":{"rendered":"&#8220;Campsis Indian Summer&#8221; hat wundersch\u00f6ne orangefarbene Trompetenblumen und verleiht Ihrem Garten sofort eine mediterrane Atmosph\u00e4re. Urspr\u00fcnglich stammt die Campsise aus Amerika, aber Sie werden auch in Italien, Spanien, Griechenland und Kroatien auf diese Kletterpflanze sto\u00dfen. Es besteht also eine gute Chance, dass Sie im Urlaub jemals auf ihn sto\u00dfen werden. Gl\u00fccklicherweise ist die Campsise ausreichend robust, sodass Sie das Urlaubsgef\u00fchl leicht in Ihren eigenen Garten bringen k\u00f6nnen. Legen Sie die Pflanze an einer sonnigen und leicht gesch\u00fctzten Lage. Mit viel Sonne wird diese Trompetenblume \u00fcberschwemmer und l\u00e4nger gedeihen. Die Campsise bl\u00fchen relativ sp\u00e4t im Sommer. Dies ist eine Zeit, in der viele Pflanzen bereits die Bl\u00fcte beendet haben, weshalb die Campsise eine sch\u00f6ne Erg\u00e4nzung im Garten ist.","protected":false},"excerpt":{"rendered":"<p>&#8220;Campsis Indian Summer&#8221; hat wundersch\u00f6ne orangefarbene Trompetenblumen und verleiht Ihrem Garten sofort eine mediterrane Atmosph\u00e4re. Urspr\u00fcnglich stammt die Campsise aus Amerika, aber Sie werden auch in Italien, Spanien, Griechenland und Kroatien auf diese Kletterpflanze sto\u00dfen. Es besteht also eine gute Chance, dass Sie im Urlaub jemals auf ihn sto\u00dfen werden. Gl\u00fccklicherweise ist die Campsise ausreichend [&hellip;]<\/p>\n","protected":false},"author":3,"featured_media":23683,"comment_status":"closed","ping_status":"closed","template":"","meta":{"inline_featured_image":false},"pwb-brand":[4968],"product_cat":[4000,4037,5147],"product_tag":[],"class_list":{"0":"post-23682","1":"product","2":"type-product","3":"status-publish","4":"has-post-thumbnail","6":"pwb-brand-hoogeveen","7":"product_cat-cat-pflanzen","8":"product_cat-cat-gartenpflanzen","9":"product_cat-cat-trompetenblumen-campsis","11":"first","12":"outofstock","13":"sale","14":"taxable","15":"shipping-taxable","16":"purchasable","17":"product-type-simple"},"acf":[],"gtin":"8719075297827","brands":[{"id":4968,"name":"Hoogeveen","slug":"hoogeveen"}],"_links":{"self":[{"href":"https:\/\/oragarden.de\/en\/wp-json\/wp\/v2\/product\/23682","targetHints":{"allow":["GET"]}}],"collection":[{"href":"https:\/\/oragarden.de\/en\/wp-json\/wp\/v2\/product"}],"about":[{"href":"https:\/\/oragarden.de\/en\/wp-json\/wp\/v2\/types\/product"}],"author":[{"embeddable":true,"href":"https:\/\/oragarden.de\/en\/wp-json\/wp\/v2\/users\/3"}],"replies":[{"embeddable":true,"href":"https:\/\/oragarden.de\/en\/wp-json\/wp\/v2\/comments?post=23682"}],"wp:featuredmedia":[{"embeddable":true,"href":"https:\/\/oragarden.de\/en\/wp-json\/wp\/v2\/media\/23683"}],"wp:attachment":[{"href":"https:\/\/oragarden.de\/en\/wp-json\/wp\/v2\/media?parent=23682"}],"wp:term":[{"taxonomy":"pwb-brand","embeddable":true,"href":"https:\/\/oragarden.de\/en\/wp-json\/wp\/v2\/pwb-brand?post=23682"},{"taxonomy":"product_cat","embeddable":true,"href":"https:\/\/oragarden.de\/en\/wp-json\/wp\/v2\/product_cat?post=23682"},{"taxonomy":"product_tag","embeddable":true,"href":"https:\/\/oragarden.de\/en\/wp-json\/wp\/v2\/product_tag?post=23682"}],"curies":[{"name":"wp","href":"https:\/\/api.w.org\/{rel}","templated":true}]}}