{"id":23664,"date":"2023-07-01T13:17:08","date_gmt":"2023-07-01T14:17:08","guid":{"rendered":"https:\/\/oragarden.de\/product\/son-koot-sinocalycanthus-venus-30-cm-o19-cm\/"},"modified":"2025-10-24T13:13:38","modified_gmt":"2025-10-24T14:13:38","slug":"son-koot-sinocalycanthus-venus-30-cm-o19-cm","status":"publish","type":"product","link":"https:\/\/oragarden.de\/en\/product\/son-koot-sinocalycanthus-venus-30-cm-o19-cm\/","title":{"rendered":"Son &amp; Koot Sinocalycanthus &#8216;Venus&#8217; &#8211; 30 cm, \u00d819 cm"},"content":{"rendered":"Beim Calycanthus oder Gew\u00fcrzstrauch handelt es sich um einen kr\u00e4ftigen Strauch mit au\u00dfergew\u00f6hnlich sch\u00f6nen Bl\u00fcten. Diese sind nicht nur besonders reizvoll geformt, sondern duften auch noch herrlich w\u00fcrzig. Der Strauch bl\u00fcht im Mai\/Juni, und oft noch einmal im August. Diese Pflanze, auch Sinocalycanthus genannt, besitzt gro\u00dfe Bl\u00e4tter, die sich im Herbst goldgelb f\u00e4rben. Die Pflanze wird ungef\u00e4hr 150 cm hoch. Ein R\u00fcckschnitt ist nicht n\u00f6tig, aber wenn, dann am besten gleich nach der Bl\u00fcte. Der Strauch stellt kaum Anspr\u00fcche an den Boden, er liebt es jedoch, mindestens einen halben Tag in der Sonne zu stehen.","protected":false},"excerpt":{"rendered":"<p>Beim Calycanthus oder Gew\u00fcrzstrauch handelt es sich um einen kr\u00e4ftigen Strauch mit au\u00dfergew\u00f6hnlich sch\u00f6nen Bl\u00fcten. Diese sind nicht nur besonders reizvoll geformt, sondern duften auch noch herrlich w\u00fcrzig. Der Strauch bl\u00fcht im Mai\/Juni, und oft noch einmal im August. Diese Pflanze, auch Sinocalycanthus genannt, besitzt gro\u00dfe Bl\u00e4tter, die sich im Herbst goldgelb f\u00e4rben. Die Pflanze [&hellip;]<\/p>\n","protected":false},"author":3,"featured_media":23665,"comment_status":"closed","ping_status":"closed","template":"","meta":{"inline_featured_image":false},"pwb-brand":[4932],"product_cat":[4000,4037,5199],"product_tag":[],"class_list":{"0":"post-23664","1":"product","2":"type-product","3":"status-publish","4":"has-post-thumbnail","6":"pwb-brand-son-koot","7":"product_cat-cat-pflanzen","8":"product_cat-cat-gartenpflanzen","9":"product_cat-cat-weisblutiger-sinocalycanthus","11":"first","12":"outofstock","13":"sale","14":"taxable","15":"shipping-taxable","16":"purchasable","17":"product-type-simple"},"acf":[],"gtin":"8718182413489","brands":[{"id":4932,"name":"Son &amp; Koot","slug":"son-koot"}],"_links":{"self":[{"href":"https:\/\/oragarden.de\/en\/wp-json\/wp\/v2\/product\/23664","targetHints":{"allow":["GET"]}}],"collection":[{"href":"https:\/\/oragarden.de\/en\/wp-json\/wp\/v2\/product"}],"about":[{"href":"https:\/\/oragarden.de\/en\/wp-json\/wp\/v2\/types\/product"}],"author":[{"embeddable":true,"href":"https:\/\/oragarden.de\/en\/wp-json\/wp\/v2\/users\/3"}],"replies":[{"embeddable":true,"href":"https:\/\/oragarden.de\/en\/wp-json\/wp\/v2\/comments?post=23664"}],"wp:featuredmedia":[{"embeddable":true,"href":"https:\/\/oragarden.de\/en\/wp-json\/wp\/v2\/media\/23665"}],"wp:attachment":[{"href":"https:\/\/oragarden.de\/en\/wp-json\/wp\/v2\/media?parent=23664"}],"wp:term":[{"taxonomy":"pwb-brand","embeddable":true,"href":"https:\/\/oragarden.de\/en\/wp-json\/wp\/v2\/pwb-brand?post=23664"},{"taxonomy":"product_cat","embeddable":true,"href":"https:\/\/oragarden.de\/en\/wp-json\/wp\/v2\/product_cat?post=23664"},{"taxonomy":"product_tag","embeddable":true,"href":"https:\/\/oragarden.de\/en\/wp-json\/wp\/v2\/product_tag?post=23664"}],"curies":[{"name":"wp","href":"https:\/\/api.w.org\/{rel}","templated":true}]}}