{"id":23655,"date":"2023-07-01T13:07:52","date_gmt":"2023-07-01T14:07:52","guid":{"rendered":"https:\/\/oragarden.de\/product\/son-koot-rhododendron-bollywood-30-cm-o19-cm\/"},"modified":"2025-10-24T13:13:37","modified_gmt":"2025-10-24T14:13:37","slug":"son-koot-rhododendron-bollywood-30-cm-o19-cm","status":"publish","type":"product","link":"https:\/\/oragarden.de\/en\/product\/son-koot-rhododendron-bollywood-30-cm-o19-cm\/","title":{"rendered":"Son &amp; Koot Rhododendron &#8216;Bollywood&#8217; &#8211; 30 cm, \u00d819 cm"},"content":{"rendered":"Der Rhododendron \u201cBollywood\u201c ist eine japanische Azalee, die nicht einmal zu bl\u00fchen braucht, um anderen die Show zu stehlen. Die Bl\u00e4tter sind gr\u00fcn, mit einem sch\u00f6nen silberwei\u00dfen Rand. Ein weiterer Pluspunkt: Die Pflanze bringt am Ende des Fr\u00fchjahrs reichlich hell rosarot gef\u00e4rbte Bl\u00fcten hervor. \u201eBollywood\u201c wird nur 60 cm hoch, muss also nicht zur\u00fcckgeschnitten werden. Sie bevorzugt einen durchl\u00e4ssigen, feuchten, leicht sauren Boden. Daher beim Einpflanzen ausreichend Rhododendronerde verwenden. Die Pflanze sollte zwischen 12.00 und 15.00 Uhr nicht in der prallen Sonne stehen.","protected":false},"excerpt":{"rendered":"<p>Der Rhododendron \u201cBollywood\u201c ist eine japanische Azalee, die nicht einmal zu bl\u00fchen braucht, um anderen die Show zu stehlen. Die Bl\u00e4tter sind gr\u00fcn, mit einem sch\u00f6nen silberwei\u00dfen Rand. Ein weiterer Pluspunkt: Die Pflanze bringt am Ende des Fr\u00fchjahrs reichlich hell rosarot gef\u00e4rbte Bl\u00fcten hervor. \u201eBollywood\u201c wird nur 60 cm hoch, muss also nicht zur\u00fcckgeschnitten werden. [&hellip;]<\/p>\n","protected":false},"author":3,"featured_media":23656,"comment_status":"closed","ping_status":"closed","template":"","meta":{"inline_featured_image":false},"pwb-brand":[4932],"product_cat":[4000,5219,4037,4948],"product_tag":[],"class_list":{"0":"post-23655","1":"product","2":"type-product","3":"status-publish","4":"has-post-thumbnail","6":"pwb-brand-son-koot","7":"product_cat-cat-pflanzen","8":"product_cat-cat-bluhende-straucher","9":"product_cat-cat-gartenpflanzen","10":"product_cat-cat-rhododendren","12":"first","13":"outofstock","14":"sale","15":"taxable","16":"shipping-taxable","17":"purchasable","18":"product-type-simple"},"acf":[],"gtin":"8718182419221","brands":[{"id":4932,"name":"Son &amp; Koot","slug":"son-koot"}],"_links":{"self":[{"href":"https:\/\/oragarden.de\/en\/wp-json\/wp\/v2\/product\/23655","targetHints":{"allow":["GET"]}}],"collection":[{"href":"https:\/\/oragarden.de\/en\/wp-json\/wp\/v2\/product"}],"about":[{"href":"https:\/\/oragarden.de\/en\/wp-json\/wp\/v2\/types\/product"}],"author":[{"embeddable":true,"href":"https:\/\/oragarden.de\/en\/wp-json\/wp\/v2\/users\/3"}],"replies":[{"embeddable":true,"href":"https:\/\/oragarden.de\/en\/wp-json\/wp\/v2\/comments?post=23655"}],"wp:featuredmedia":[{"embeddable":true,"href":"https:\/\/oragarden.de\/en\/wp-json\/wp\/v2\/media\/23656"}],"wp:attachment":[{"href":"https:\/\/oragarden.de\/en\/wp-json\/wp\/v2\/media?parent=23655"}],"wp:term":[{"taxonomy":"pwb-brand","embeddable":true,"href":"https:\/\/oragarden.de\/en\/wp-json\/wp\/v2\/pwb-brand?post=23655"},{"taxonomy":"product_cat","embeddable":true,"href":"https:\/\/oragarden.de\/en\/wp-json\/wp\/v2\/product_cat?post=23655"},{"taxonomy":"product_tag","embeddable":true,"href":"https:\/\/oragarden.de\/en\/wp-json\/wp\/v2\/product_tag?post=23655"}],"curies":[{"name":"wp","href":"https:\/\/api.w.org\/{rel}","templated":true}]}}