{"id":23652,"date":"2023-07-01T13:07:43","date_gmt":"2023-07-01T14:07:43","guid":{"rendered":"https:\/\/oragarden.de\/product\/son-koot-rhododendron-blattgold-35-cm-o19-cm\/"},"modified":"2025-10-24T13:13:37","modified_gmt":"2025-10-24T14:13:37","slug":"son-koot-rhododendron-blattgold-35-cm-o19-cm","status":"publish","type":"product","link":"https:\/\/oragarden.de\/en\/product\/son-koot-rhododendron-blattgold-35-cm-o19-cm\/","title":{"rendered":"Son &amp; Koot Rhododendron &#8216;Blattgold&#8217; &#8211; 35 cm, \u00d819 cm"},"content":{"rendered":"Der Rhododendron &#8220;Blattgold&#8221; ist ein h\u00fcbscher Rhododendron, den man schon allein seiner Bl\u00e4tter wegen pflanzen kann. Das Blatt ist n\u00e4mlich sch\u00f6n gr\u00fcn, mit einem dekorativen Herz aus Blattgold. Dass die Pflanze im sp\u00e4ten Fr\u00fchjahr mit lavendelfarbenen, lila Bl\u00fcten bl\u00fcht, kommt als Extrabonus noch hinzu. Es ist eine kompakte Pflanze, die circa 100 cm hoch wird und einen lockeren, feuchten und leicht sauren Boden mag. Verwenden Sie zum Anpflanzen also genug Rhododendronerde. Steht zwischen 12 Uhr und 15 Uhr lieber nicht in der prallen Sonne.","protected":false},"excerpt":{"rendered":"<p>Der Rhododendron &#8220;Blattgold&#8221; ist ein h\u00fcbscher Rhododendron, den man schon allein seiner Bl\u00e4tter wegen pflanzen kann. Das Blatt ist n\u00e4mlich sch\u00f6n gr\u00fcn, mit einem dekorativen Herz aus Blattgold. Dass die Pflanze im sp\u00e4ten Fr\u00fchjahr mit lavendelfarbenen, lila Bl\u00fcten bl\u00fcht, kommt als Extrabonus noch hinzu. Es ist eine kompakte Pflanze, die circa 100 cm hoch wird [&hellip;]<\/p>\n","protected":false},"author":3,"featured_media":23653,"comment_status":"closed","ping_status":"closed","template":"","meta":{"inline_featured_image":false},"pwb-brand":[4932],"product_cat":[4000,5219,4037,4948],"product_tag":[],"class_list":{"0":"post-23652","1":"product","2":"type-product","3":"status-publish","4":"has-post-thumbnail","6":"pwb-brand-son-koot","7":"product_cat-cat-pflanzen","8":"product_cat-cat-bluhende-straucher","9":"product_cat-cat-gartenpflanzen","10":"product_cat-cat-rhododendren","12":"first","13":"outofstock","14":"sale","15":"taxable","16":"shipping-taxable","17":"purchasable","18":"product-type-simple"},"acf":[],"gtin":"8718182419993","brands":[{"id":4932,"name":"Son &amp; Koot","slug":"son-koot"}],"_links":{"self":[{"href":"https:\/\/oragarden.de\/en\/wp-json\/wp\/v2\/product\/23652","targetHints":{"allow":["GET"]}}],"collection":[{"href":"https:\/\/oragarden.de\/en\/wp-json\/wp\/v2\/product"}],"about":[{"href":"https:\/\/oragarden.de\/en\/wp-json\/wp\/v2\/types\/product"}],"author":[{"embeddable":true,"href":"https:\/\/oragarden.de\/en\/wp-json\/wp\/v2\/users\/3"}],"replies":[{"embeddable":true,"href":"https:\/\/oragarden.de\/en\/wp-json\/wp\/v2\/comments?post=23652"}],"wp:featuredmedia":[{"embeddable":true,"href":"https:\/\/oragarden.de\/en\/wp-json\/wp\/v2\/media\/23653"}],"wp:attachment":[{"href":"https:\/\/oragarden.de\/en\/wp-json\/wp\/v2\/media?parent=23652"}],"wp:term":[{"taxonomy":"pwb-brand","embeddable":true,"href":"https:\/\/oragarden.de\/en\/wp-json\/wp\/v2\/pwb-brand?post=23652"},{"taxonomy":"product_cat","embeddable":true,"href":"https:\/\/oragarden.de\/en\/wp-json\/wp\/v2\/product_cat?post=23652"},{"taxonomy":"product_tag","embeddable":true,"href":"https:\/\/oragarden.de\/en\/wp-json\/wp\/v2\/product_tag?post=23652"}],"curies":[{"name":"wp","href":"https:\/\/api.w.org\/{rel}","templated":true}]}}