{"id":23644,"date":"2023-07-01T13:07:36","date_gmt":"2023-07-01T14:07:36","guid":{"rendered":"https:\/\/oragarden.de\/product\/son-koot-rhododendron-wine-roses-20-cm-o13-cm\/"},"modified":"2025-10-24T13:13:37","modified_gmt":"2025-10-24T14:13:37","slug":"son-koot-rhododendron-wine-roses-20-cm-o13-cm","status":"publish","type":"product","link":"https:\/\/oragarden.de\/en\/product\/son-koot-rhododendron-wine-roses-20-cm-o13-cm\/","title":{"rendered":"Son &amp; Koot Rhododendron &#8216;Wine &amp; Roses&#8217; &#8211; 20 cm, \u00d813 cm"},"content":{"rendered":"Der Rhododendron \u201cWine and Roses\u201d ist eine einzigartige Rhododendronart, die Sie\nbestimmt schon allein wegen ihrer Bl\u00e4tter pflanzen m\u00f6chten. Die sind n\u00e4mlich beim Austrieb\nwundersch\u00f6n rot gef\u00e4rbt, und die ganzj\u00e4hrig rote Blattunterseite ist immer ein toller Blickfang.\nEin weiterer Pluspunkt sind die reizvollen rosa Bl\u00fcten, die im Fr\u00fchjahr erscheinen. Die kompakt\nwachsende Pflanze wird etwa 150 cm hoch und bevorzugt einen durchl\u00e4ssigen, feuchten,\nleicht sauren Boden. Daher beim Einpflanzen ausreichend Rhododendronerde verwenden.\nDie Pflanze sollte zwischen 12 und 15 Uhr besser nicht in der prallen Sonne stehen.","protected":false},"excerpt":{"rendered":"<p>Der Rhododendron \u201cWine and Roses\u201d ist eine einzigartige Rhododendronart, die Sie bestimmt schon allein wegen ihrer Bl\u00e4tter pflanzen m\u00f6chten. Die sind n\u00e4mlich beim Austrieb wundersch\u00f6n rot gef\u00e4rbt, und die ganzj\u00e4hrig rote Blattunterseite ist immer ein toller Blickfang. Ein weiterer Pluspunkt sind die reizvollen rosa Bl\u00fcten, die im Fr\u00fchjahr erscheinen. Die kompakt wachsende Pflanze wird etwa [&hellip;]<\/p>\n","protected":false},"author":3,"featured_media":23645,"comment_status":"closed","ping_status":"closed","template":"","meta":{"inline_featured_image":false},"pwb-brand":[4932],"product_cat":[4000,5219,4037,4948],"product_tag":[],"class_list":{"0":"post-23644","1":"product","2":"type-product","3":"status-publish","4":"has-post-thumbnail","6":"pwb-brand-son-koot","7":"product_cat-cat-pflanzen","8":"product_cat-cat-bluhende-straucher","9":"product_cat-cat-gartenpflanzen","10":"product_cat-cat-rhododendren","12":"first","13":"outofstock","14":"sale","15":"taxable","16":"shipping-taxable","17":"purchasable","18":"product-type-simple"},"acf":[],"gtin":"8720289120030","brands":[{"id":4932,"name":"Son &amp; Koot","slug":"son-koot"}],"_links":{"self":[{"href":"https:\/\/oragarden.de\/en\/wp-json\/wp\/v2\/product\/23644","targetHints":{"allow":["GET"]}}],"collection":[{"href":"https:\/\/oragarden.de\/en\/wp-json\/wp\/v2\/product"}],"about":[{"href":"https:\/\/oragarden.de\/en\/wp-json\/wp\/v2\/types\/product"}],"author":[{"embeddable":true,"href":"https:\/\/oragarden.de\/en\/wp-json\/wp\/v2\/users\/3"}],"replies":[{"embeddable":true,"href":"https:\/\/oragarden.de\/en\/wp-json\/wp\/v2\/comments?post=23644"}],"wp:featuredmedia":[{"embeddable":true,"href":"https:\/\/oragarden.de\/en\/wp-json\/wp\/v2\/media\/23645"}],"wp:attachment":[{"href":"https:\/\/oragarden.de\/en\/wp-json\/wp\/v2\/media?parent=23644"}],"wp:term":[{"taxonomy":"pwb-brand","embeddable":true,"href":"https:\/\/oragarden.de\/en\/wp-json\/wp\/v2\/pwb-brand?post=23644"},{"taxonomy":"product_cat","embeddable":true,"href":"https:\/\/oragarden.de\/en\/wp-json\/wp\/v2\/product_cat?post=23644"},{"taxonomy":"product_tag","embeddable":true,"href":"https:\/\/oragarden.de\/en\/wp-json\/wp\/v2\/product_tag?post=23644"}],"curies":[{"name":"wp","href":"https:\/\/api.w.org\/{rel}","templated":true}]}}