{"id":23639,"date":"2023-07-01T13:07:23","date_gmt":"2023-07-01T14:07:23","guid":{"rendered":"https:\/\/oragarden.de\/product\/hoogeveen-pennisetum-alopecuroides-hameln-30-cm-o14-cm\/"},"modified":"2025-10-24T13:13:36","modified_gmt":"2025-10-24T14:13:36","slug":"hoogeveen-pennisetum-alopecuroides-hameln-30-cm-o14-cm","status":"publish","type":"product","link":"https:\/\/oragarden.de\/en\/product\/hoogeveen-pennisetum-alopecuroides-hameln-30-cm-o14-cm\/","title":{"rendered":"Hoogeveen Pennisetum Alopecuroides &#8216;Hameln&#8217; &#8211; 30 cm, \u00d814 cm"},"content":{"rendered":"Pennisetum Alopecuroides &#8220;Hameln&#8221;, das im niederl\u00e4ndischen Lampenpolniengras genannt wird, ist eine besonders beliebte Laubgrasart mit einem runden, kompakten, polformierenden Habitus. Die Bl\u00e4tter sind schmal linear, mittelgr\u00fcn bis dunkelgr\u00fcn, gew\u00f6lbt und \u00fcberh\u00e4ngend, im Herbst bekommen sie eine goldene Farbe. Pennisetum Alopecuroides &#8220;Hameln&#8221; bl\u00fcht von Juli bis September mit den ersten gr\u00fcnlichen, cremig -wei\u00dfen Blumenbereichen, die sp\u00e4ter im Herbst grau grau f\u00e4rben. Dieses Lampen -Pol -Gras liebt eine Lage in voller Sonne oder teilweise Schatten und einen gut vermeckbaren, im Durchschnitt fruchtbaren, nicht zu schweren Boden. Dieses Pennisetum ist angemessen f\u00fcr gute harte und d\u00fcrretolerante, toleriert gute Seewind- und Luftverschmutzung. Es ist ein sch\u00f6nes dekoratives Gras f\u00fcr den gemischten Grenze, den Kiesgarten, den Pr\u00e4rgarten oder auch als Wannenpflanze und als geschnittene Blume geeignet.","protected":false},"excerpt":{"rendered":"<p>Pennisetum Alopecuroides &#8220;Hameln&#8221;, das im niederl\u00e4ndischen Lampenpolniengras genannt wird, ist eine besonders beliebte Laubgrasart mit einem runden, kompakten, polformierenden Habitus. Die Bl\u00e4tter sind schmal linear, mittelgr\u00fcn bis dunkelgr\u00fcn, gew\u00f6lbt und \u00fcberh\u00e4ngend, im Herbst bekommen sie eine goldene Farbe. Pennisetum Alopecuroides &#8220;Hameln&#8221; bl\u00fcht von Juli bis September mit den ersten gr\u00fcnlichen, cremig -wei\u00dfen Blumenbereichen, die sp\u00e4ter [&hellip;]<\/p>\n","protected":false},"author":3,"featured_media":23640,"comment_status":"closed","ping_status":"closed","template":"","meta":{"inline_featured_image":false},"pwb-brand":[4968],"product_cat":[4000,4037,5139,5218],"product_tag":[],"class_list":{"0":"post-23639","1":"product","2":"type-product","3":"status-publish","4":"has-post-thumbnail","6":"pwb-brand-hoogeveen","7":"product_cat-cat-pflanzen","8":"product_cat-cat-gartenpflanzen","9":"product_cat-cat-lampenputzergras-pennisetum","10":"product_cat-cat-ziergraser","12":"first","13":"outofstock","14":"sale","15":"taxable","16":"shipping-taxable","17":"purchasable","18":"product-type-simple"},"acf":[],"gtin":"4260377082399","brands":[{"id":4968,"name":"Hoogeveen","slug":"hoogeveen"}],"_links":{"self":[{"href":"https:\/\/oragarden.de\/en\/wp-json\/wp\/v2\/product\/23639","targetHints":{"allow":["GET"]}}],"collection":[{"href":"https:\/\/oragarden.de\/en\/wp-json\/wp\/v2\/product"}],"about":[{"href":"https:\/\/oragarden.de\/en\/wp-json\/wp\/v2\/types\/product"}],"author":[{"embeddable":true,"href":"https:\/\/oragarden.de\/en\/wp-json\/wp\/v2\/users\/3"}],"replies":[{"embeddable":true,"href":"https:\/\/oragarden.de\/en\/wp-json\/wp\/v2\/comments?post=23639"}],"wp:featuredmedia":[{"embeddable":true,"href":"https:\/\/oragarden.de\/en\/wp-json\/wp\/v2\/media\/23640"}],"wp:attachment":[{"href":"https:\/\/oragarden.de\/en\/wp-json\/wp\/v2\/media?parent=23639"}],"wp:term":[{"taxonomy":"pwb-brand","embeddable":true,"href":"https:\/\/oragarden.de\/en\/wp-json\/wp\/v2\/pwb-brand?post=23639"},{"taxonomy":"product_cat","embeddable":true,"href":"https:\/\/oragarden.de\/en\/wp-json\/wp\/v2\/product_cat?post=23639"},{"taxonomy":"product_tag","embeddable":true,"href":"https:\/\/oragarden.de\/en\/wp-json\/wp\/v2\/product_tag?post=23639"}],"curies":[{"name":"wp","href":"https:\/\/api.w.org\/{rel}","templated":true}]}}