{"id":23623,"date":"2023-07-01T13:05:16","date_gmt":"2023-07-01T14:05:16","guid":{"rendered":"https:\/\/oragarden.de\/product\/hoogeveen-miscanthus-sinensis-ferner-osten-50-cm-o19-cm\/"},"modified":"2025-10-24T13:13:34","modified_gmt":"2025-10-24T14:13:34","slug":"hoogeveen-miscanthus-sinensis-ferner-osten-50-cm-o19-cm","status":"publish","type":"product","link":"https:\/\/oragarden.de\/en\/product\/hoogeveen-miscanthus-sinensis-ferner-osten-50-cm-o19-cm\/","title":{"rendered":"Hoogeveen Miscanthus Sinensis &#8216;Ferner Osten&#8217; &#8211; 50 cm, \u00d819 cm"},"content":{"rendered":"Der &#8220;Miscanthus sinensis&#8221; Ferner Osten &#8220;, auch als gro\u00dfartiger Riet in Niederl\u00e4ndisch bezeichnet, ist ein wundersch\u00f6nes dekoratives Gras, das gut mit anderen Gr\u00e4sern und Pflanzen kombiniert werden kann. Die Pracht bl\u00fcht eher als die meisten &#8220;Miscanthus&#8221; -Pezies. W\u00e4hrend dieser Zeit gibt es braunrote Federn mit wei\u00dfen Punkten, die sich sp\u00e4ter in der Saison mehr an Pink wenden. Die St\u00e4ngel der Pflanze sind rot und das Blatt wird im Herbst auch rot. Dieser &#8220;Miscanthus&#8221; ist ein starker und m\u00e4chtiger Z\u00fcchter, sowohl auf offenem Boden als auch in einem gro\u00dfen dekorativen Topf.","protected":false},"excerpt":{"rendered":"<p>Der &#8220;Miscanthus sinensis&#8221; Ferner Osten &#8220;, auch als gro\u00dfartiger Riet in Niederl\u00e4ndisch bezeichnet, ist ein wundersch\u00f6nes dekoratives Gras, das gut mit anderen Gr\u00e4sern und Pflanzen kombiniert werden kann. Die Pracht bl\u00fcht eher als die meisten &#8220;Miscanthus&#8221; -Pezies. W\u00e4hrend dieser Zeit gibt es braunrote Federn mit wei\u00dfen Punkten, die sich sp\u00e4ter in der Saison mehr an [&hellip;]<\/p>\n","protected":false},"author":3,"featured_media":23624,"comment_status":"closed","ping_status":"closed","template":"","meta":{"inline_featured_image":false},"pwb-brand":[4968],"product_cat":[4000,5137,4037,5218],"product_tag":[],"class_list":{"0":"post-23623","1":"product","2":"type-product","3":"status-publish","4":"has-post-thumbnail","6":"pwb-brand-hoogeveen","7":"product_cat-cat-pflanzen","8":"product_cat-cat-chinaschilf-miscanthus-sinensis","9":"product_cat-cat-gartenpflanzen","10":"product_cat-cat-ziergraser","12":"first","13":"outofstock","14":"sale","15":"taxable","16":"shipping-taxable","17":"purchasable","18":"product-type-simple"},"acf":[],"gtin":"4260377080210","brands":[{"id":4968,"name":"Hoogeveen","slug":"hoogeveen"}],"_links":{"self":[{"href":"https:\/\/oragarden.de\/en\/wp-json\/wp\/v2\/product\/23623","targetHints":{"allow":["GET"]}}],"collection":[{"href":"https:\/\/oragarden.de\/en\/wp-json\/wp\/v2\/product"}],"about":[{"href":"https:\/\/oragarden.de\/en\/wp-json\/wp\/v2\/types\/product"}],"author":[{"embeddable":true,"href":"https:\/\/oragarden.de\/en\/wp-json\/wp\/v2\/users\/3"}],"replies":[{"embeddable":true,"href":"https:\/\/oragarden.de\/en\/wp-json\/wp\/v2\/comments?post=23623"}],"wp:featuredmedia":[{"embeddable":true,"href":"https:\/\/oragarden.de\/en\/wp-json\/wp\/v2\/media\/23624"}],"wp:attachment":[{"href":"https:\/\/oragarden.de\/en\/wp-json\/wp\/v2\/media?parent=23623"}],"wp:term":[{"taxonomy":"pwb-brand","embeddable":true,"href":"https:\/\/oragarden.de\/en\/wp-json\/wp\/v2\/pwb-brand?post=23623"},{"taxonomy":"product_cat","embeddable":true,"href":"https:\/\/oragarden.de\/en\/wp-json\/wp\/v2\/product_cat?post=23623"},{"taxonomy":"product_tag","embeddable":true,"href":"https:\/\/oragarden.de\/en\/wp-json\/wp\/v2\/product_tag?post=23623"}],"curies":[{"name":"wp","href":"https:\/\/api.w.org\/{rel}","templated":true}]}}