{"id":23608,"date":"2023-07-01T13:03:40","date_gmt":"2023-07-01T14:03:40","guid":{"rendered":"https:\/\/oragarden.de\/product\/hoogeveen-pennisetum-x-advena-summer-samba-50-cm-o19-cm\/"},"modified":"2025-10-24T13:13:33","modified_gmt":"2025-10-24T14:13:33","slug":"hoogeveen-pennisetum-x-advena-summer-samba-50-cm-o19-cm","status":"publish","type":"product","link":"https:\/\/oragarden.de\/en\/product\/hoogeveen-pennisetum-x-advena-summer-samba-50-cm-o19-cm\/","title":{"rendered":"Hoogeveen Pennisetum X Advena &#8216;Summer Samba&#8217; &#8211; 50 cm, \u00d819 cm"},"content":{"rendered":"Das &#8220;Pennisetum&#8221; Summer Samba &#8220;&#8221; sollte auf Ihrer Terrasse sicherlich nicht fehlen. Es ist ein Ziergras mit steigendem Wachstum und schmalen Bl\u00e4ttern, die rotgr\u00fcn sind. Sowohl als Grenzpflanze als auch nur in einem dekorativen Topf bildet die Pflanze einen sch\u00f6nen Kontrast zu anderen bl\u00fchenden Str\u00e4uchern. Dies liegt an den sch\u00f6nen, flauschigen silbernen Federn, die genau wie Pinsel aussehen.","protected":false},"excerpt":{"rendered":"<p>Das &#8220;Pennisetum&#8221; Summer Samba &#8220;&#8221; sollte auf Ihrer Terrasse sicherlich nicht fehlen. Es ist ein Ziergras mit steigendem Wachstum und schmalen Bl\u00e4ttern, die rotgr\u00fcn sind. Sowohl als Grenzpflanze als auch nur in einem dekorativen Topf bildet die Pflanze einen sch\u00f6nen Kontrast zu anderen bl\u00fchenden Str\u00e4uchern. Dies liegt an den sch\u00f6nen, flauschigen silbernen Federn, die genau [&hellip;]<\/p>\n","protected":false},"author":3,"featured_media":23609,"comment_status":"closed","ping_status":"closed","template":"","meta":{"inline_featured_image":false},"pwb-brand":[4968],"product_cat":[4000,4037,5139,5218],"product_tag":[],"class_list":{"0":"post-23608","1":"product","2":"type-product","3":"status-publish","4":"has-post-thumbnail","6":"pwb-brand-hoogeveen","7":"product_cat-cat-pflanzen","8":"product_cat-cat-gartenpflanzen","9":"product_cat-cat-lampenputzergras-pennisetum","10":"product_cat-cat-ziergraser","12":"first","13":"outofstock","14":"sale","15":"taxable","16":"shipping-taxable","17":"purchasable","18":"product-type-simple"},"acf":[],"gtin":"8718531418493","brands":[{"id":4968,"name":"Hoogeveen","slug":"hoogeveen"}],"_links":{"self":[{"href":"https:\/\/oragarden.de\/en\/wp-json\/wp\/v2\/product\/23608","targetHints":{"allow":["GET"]}}],"collection":[{"href":"https:\/\/oragarden.de\/en\/wp-json\/wp\/v2\/product"}],"about":[{"href":"https:\/\/oragarden.de\/en\/wp-json\/wp\/v2\/types\/product"}],"author":[{"embeddable":true,"href":"https:\/\/oragarden.de\/en\/wp-json\/wp\/v2\/users\/3"}],"replies":[{"embeddable":true,"href":"https:\/\/oragarden.de\/en\/wp-json\/wp\/v2\/comments?post=23608"}],"wp:featuredmedia":[{"embeddable":true,"href":"https:\/\/oragarden.de\/en\/wp-json\/wp\/v2\/media\/23609"}],"wp:attachment":[{"href":"https:\/\/oragarden.de\/en\/wp-json\/wp\/v2\/media?parent=23608"}],"wp:term":[{"taxonomy":"pwb-brand","embeddable":true,"href":"https:\/\/oragarden.de\/en\/wp-json\/wp\/v2\/pwb-brand?post=23608"},{"taxonomy":"product_cat","embeddable":true,"href":"https:\/\/oragarden.de\/en\/wp-json\/wp\/v2\/product_cat?post=23608"},{"taxonomy":"product_tag","embeddable":true,"href":"https:\/\/oragarden.de\/en\/wp-json\/wp\/v2\/product_tag?post=23608"}],"curies":[{"name":"wp","href":"https:\/\/api.w.org\/{rel}","templated":true}]}}