{"id":23602,"date":"2023-07-01T13:03:10","date_gmt":"2023-07-01T14:03:10","guid":{"rendered":"https:\/\/oragarden.de\/product\/wtm-de-boer-pennisetum-alopecuroides-hameln-p9-10-25-6x\/"},"modified":"2025-10-24T13:13:33","modified_gmt":"2025-10-24T14:13:33","slug":"wtm-de-boer-pennisetum-alopecuroides-hameln-p9-10-25-6x","status":"publish","type":"product","link":"https:\/\/oragarden.de\/en\/product\/wtm-de-boer-pennisetum-alopecuroides-hameln-p9-10-25-6x\/","title":{"rendered":"Wtm De Boer Pennisetum Alopecuroides &#8216;Hameln&#8217; P9 10\/25  6x"},"content":{"rendered":"Pennisetum alopecuriodes &#8216;Hameln&#8217; Dies ist eines der bekanntesten Ziergr\u00e4ser. Tut es jederzeit und \u00fcberall. Gibt sch\u00f6ne Federn von Ende August bis weit in den Herbst hinein. Schneiden Sie ihn Ende Februar zur\u00fcck. Dann kann er sich erholen und im Fr\u00fchjahr wiederkommen. Bitte beachten Sie: Pflanzen sind ein lebendes Produkt, was bedeutet, dass sie von dem Foto und der Beschreibung abweichen k\u00f6nnen. Wir wachsen auch auf nat\u00fcrliche Weise. Das bedeutet, dass wir, wenn es nicht n\u00f6tig ist, nicht direkt eingreifen, um Insekten und bestimmte Unregelm\u00e4\u00dfigkeiten in der Anlage zu beseitigen. Dadurch kann die Pflanze in manchen F\u00e4llen optisch nicht perfekt sein, erholt sich aber trotzdem in Ihrem Garten. Wir versprechen, dass unsere Pflanze ein starkes Produkt ist, das Ihnen lang anhaltenden Komfort und Freude bereiten wird. Unsere Pflanzen werden in einem recycelbaren Anzuchttopf aus Kunststoff geliefert, der bei richtiger Trennung wieder in den Kunststoffkreislauf zur\u00fcckgef\u00fchrt wird. Alle Pflanzen werden direkt aus unserer eigenen G\u00e4rtnerei verpackt und versendet.","protected":false},"excerpt":{"rendered":"<p>Pennisetum alopecuriodes &#8216;Hameln&#8217; Dies ist eines der bekanntesten Ziergr\u00e4ser. Tut es jederzeit und \u00fcberall. Gibt sch\u00f6ne Federn von Ende August bis weit in den Herbst hinein. Schneiden Sie ihn Ende Februar zur\u00fcck. Dann kann er sich erholen und im Fr\u00fchjahr wiederkommen. Bitte beachten Sie: Pflanzen sind ein lebendes Produkt, was bedeutet, dass sie von dem [&hellip;]<\/p>\n","protected":false},"author":3,"featured_media":23603,"comment_status":"closed","ping_status":"closed","template":"","meta":{"inline_featured_image":false},"pwb-brand":[5140],"product_cat":[4000,4037,5139,4770,5218],"product_tag":[],"class_list":{"0":"post-23602","1":"product","2":"type-product","3":"status-publish","4":"has-post-thumbnail","6":"pwb-brand-wtm-de-boer","7":"product_cat-cat-pflanzen","8":"product_cat-cat-gartenpflanzen","9":"product_cat-cat-lampenputzergras-pennisetum","10":"product_cat-cat-pflanzen-sets","11":"product_cat-cat-ziergraser","13":"first","14":"outofstock","15":"sale","16":"taxable","17":"shipping-taxable","18":"purchasable","19":"product-type-simple"},"acf":[],"gtin":"8720892078414","brands":[{"id":5140,"name":"Wtm De Boer","slug":"wtm-de-boer"}],"_links":{"self":[{"href":"https:\/\/oragarden.de\/en\/wp-json\/wp\/v2\/product\/23602","targetHints":{"allow":["GET"]}}],"collection":[{"href":"https:\/\/oragarden.de\/en\/wp-json\/wp\/v2\/product"}],"about":[{"href":"https:\/\/oragarden.de\/en\/wp-json\/wp\/v2\/types\/product"}],"author":[{"embeddable":true,"href":"https:\/\/oragarden.de\/en\/wp-json\/wp\/v2\/users\/3"}],"replies":[{"embeddable":true,"href":"https:\/\/oragarden.de\/en\/wp-json\/wp\/v2\/comments?post=23602"}],"wp:featuredmedia":[{"embeddable":true,"href":"https:\/\/oragarden.de\/en\/wp-json\/wp\/v2\/media\/23603"}],"wp:attachment":[{"href":"https:\/\/oragarden.de\/en\/wp-json\/wp\/v2\/media?parent=23602"}],"wp:term":[{"taxonomy":"pwb-brand","embeddable":true,"href":"https:\/\/oragarden.de\/en\/wp-json\/wp\/v2\/pwb-brand?post=23602"},{"taxonomy":"product_cat","embeddable":true,"href":"https:\/\/oragarden.de\/en\/wp-json\/wp\/v2\/product_cat?post=23602"},{"taxonomy":"product_tag","embeddable":true,"href":"https:\/\/oragarden.de\/en\/wp-json\/wp\/v2\/product_tag?post=23602"}],"curies":[{"name":"wp","href":"https:\/\/api.w.org\/{rel}","templated":true}]}}