{"id":23595,"date":"2023-07-01T13:02:42","date_gmt":"2023-07-01T14:02:42","guid":{"rendered":"https:\/\/oragarden.de\/product\/hoogeveen-miscanthus-sinensis-gracillimus-50-cm-o19-cm\/"},"modified":"2025-10-24T13:13:32","modified_gmt":"2025-10-24T14:13:32","slug":"hoogeveen-miscanthus-sinensis-gracillimus-50-cm-o19-cm","status":"publish","type":"product","link":"https:\/\/oragarden.de\/en\/product\/hoogeveen-miscanthus-sinensis-gracillimus-50-cm-o19-cm\/","title":{"rendered":"Hoogeveen Miscanthus Sinensis &#8216;Gracillimus&#8217; &#8211; 50 cm, \u00d819 cm"},"content":{"rendered":"Miscanthus sinensis &#8216;gracillimus&#8217;, normalerweise als gro\u00dfartiger Riet auf Niederl\u00e4ndisch bezeichnet, ist eine der am meisten kultivierten Miscanthus -Arten. Diese Laubfacht hat eine buschige, steigende Form mit sehr schmal linearen mittleren gr\u00fcnen Bl\u00e4ttern mit einer wei\u00dfen mittleren Linie, die im Herbst strohhaltig wird. Miscanthus sinensis &#8216;gracillimus&#8217; &#8216;bl\u00fcht (sporadisch) von August bis Oktober mit Kupferblumenflores, die sp\u00e4ter in der Saison, wenn der Samen reift,. Diese Pracht liebt eine sonnige Lage und einen leicht durchl\u00e4ssigen, leicht feuchten, durchschnittlichen fruchtbaren Boden. Miscanthus sinensis &#8220;gracillimus&#8221; ist gut hart und einst d\u00fcrretolerant. Er toleriert Luftverschmutzung und Meereswind.","protected":false},"excerpt":{"rendered":"<p>Miscanthus sinensis &#8216;gracillimus&#8217;, normalerweise als gro\u00dfartiger Riet auf Niederl\u00e4ndisch bezeichnet, ist eine der am meisten kultivierten Miscanthus -Arten. Diese Laubfacht hat eine buschige, steigende Form mit sehr schmal linearen mittleren gr\u00fcnen Bl\u00e4ttern mit einer wei\u00dfen mittleren Linie, die im Herbst strohhaltig wird. Miscanthus sinensis &#8216;gracillimus&#8217; &#8216;bl\u00fcht (sporadisch) von August bis Oktober mit Kupferblumenflores, die sp\u00e4ter [&hellip;]<\/p>\n","protected":false},"author":3,"featured_media":23596,"comment_status":"closed","ping_status":"closed","template":"","meta":{"inline_featured_image":false},"pwb-brand":[4968],"product_cat":[4000,5137,4037,5218],"product_tag":[],"class_list":{"0":"post-23595","1":"product","2":"type-product","3":"status-publish","4":"has-post-thumbnail","6":"pwb-brand-hoogeveen","7":"product_cat-cat-pflanzen","8":"product_cat-cat-chinaschilf-miscanthus-sinensis","9":"product_cat-cat-gartenpflanzen","10":"product_cat-cat-ziergraser","12":"first","13":"outofstock","14":"sale","15":"taxable","16":"shipping-taxable","17":"purchasable","18":"product-type-simple"},"acf":[],"gtin":"4260377080241","brands":[{"id":4968,"name":"Hoogeveen","slug":"hoogeveen"}],"_links":{"self":[{"href":"https:\/\/oragarden.de\/en\/wp-json\/wp\/v2\/product\/23595","targetHints":{"allow":["GET"]}}],"collection":[{"href":"https:\/\/oragarden.de\/en\/wp-json\/wp\/v2\/product"}],"about":[{"href":"https:\/\/oragarden.de\/en\/wp-json\/wp\/v2\/types\/product"}],"author":[{"embeddable":true,"href":"https:\/\/oragarden.de\/en\/wp-json\/wp\/v2\/users\/3"}],"replies":[{"embeddable":true,"href":"https:\/\/oragarden.de\/en\/wp-json\/wp\/v2\/comments?post=23595"}],"wp:featuredmedia":[{"embeddable":true,"href":"https:\/\/oragarden.de\/en\/wp-json\/wp\/v2\/media\/23596"}],"wp:attachment":[{"href":"https:\/\/oragarden.de\/en\/wp-json\/wp\/v2\/media?parent=23595"}],"wp:term":[{"taxonomy":"pwb-brand","embeddable":true,"href":"https:\/\/oragarden.de\/en\/wp-json\/wp\/v2\/pwb-brand?post=23595"},{"taxonomy":"product_cat","embeddable":true,"href":"https:\/\/oragarden.de\/en\/wp-json\/wp\/v2\/product_cat?post=23595"},{"taxonomy":"product_tag","embeddable":true,"href":"https:\/\/oragarden.de\/en\/wp-json\/wp\/v2\/product_tag?post=23595"}],"curies":[{"name":"wp","href":"https:\/\/api.w.org\/{rel}","templated":true}]}}