{"id":23581,"date":"2023-07-01T13:02:12","date_gmt":"2023-07-01T14:02:12","guid":{"rendered":"https:\/\/oragarden.de\/product\/hoogeveen-miscanthus-sinensis-strictus-50-cm-o19-cm\/"},"modified":"2025-10-24T13:13:32","modified_gmt":"2025-10-24T14:13:32","slug":"hoogeveen-miscanthus-sinensis-strictus-50-cm-o19-cm","status":"publish","type":"product","link":"https:\/\/oragarden.de\/en\/product\/hoogeveen-miscanthus-sinensis-strictus-50-cm-o19-cm\/","title":{"rendered":"Hoogeveen Miscanthus Sinensis &#8216;Strictus&#8217; &#8211; 50 cm, \u00d819 cm"},"content":{"rendered":"Der &#8220;Miscanthus sinensis&#8221; strictus &#8220;ist ein anmutiges Gras mit steigendem Wachstum und auff\u00e4lligen verspielten gr\u00fcn-gelben, gekreuzten Bl\u00e4ttern. Aufgrund der Streifen ist sein Spitzname auch Zebra Gras. Dieses Ziergras bl\u00fcht im Sp\u00e4tsommer mit bronzegesteuerten Federn. Es ist ein starker Z\u00fcchter, der sowohl f\u00fcr den offenen Boden als auch in einem dekorativen Topf geeignet ist.","protected":false},"excerpt":{"rendered":"<p>Der &#8220;Miscanthus sinensis&#8221; strictus &#8220;ist ein anmutiges Gras mit steigendem Wachstum und auff\u00e4lligen verspielten gr\u00fcn-gelben, gekreuzten Bl\u00e4ttern. Aufgrund der Streifen ist sein Spitzname auch Zebra Gras. Dieses Ziergras bl\u00fcht im Sp\u00e4tsommer mit bronzegesteuerten Federn. Es ist ein starker Z\u00fcchter, der sowohl f\u00fcr den offenen Boden als auch in einem dekorativen Topf geeignet ist.<\/p>\n","protected":false},"author":3,"featured_media":23582,"comment_status":"closed","ping_status":"closed","template":"","meta":{"inline_featured_image":false},"pwb-brand":[4968],"product_cat":[4000,5137,4037,5218],"product_tag":[],"class_list":{"0":"post-23581","1":"product","2":"type-product","3":"status-publish","4":"has-post-thumbnail","6":"pwb-brand-hoogeveen","7":"product_cat-cat-pflanzen","8":"product_cat-cat-chinaschilf-miscanthus-sinensis","9":"product_cat-cat-gartenpflanzen","10":"product_cat-cat-ziergraser","12":"first","13":"outofstock","14":"sale","15":"taxable","16":"shipping-taxable","17":"purchasable","18":"product-type-simple"},"acf":[],"gtin":"4260377080296","brands":[{"id":4968,"name":"Hoogeveen","slug":"hoogeveen"}],"_links":{"self":[{"href":"https:\/\/oragarden.de\/en\/wp-json\/wp\/v2\/product\/23581","targetHints":{"allow":["GET"]}}],"collection":[{"href":"https:\/\/oragarden.de\/en\/wp-json\/wp\/v2\/product"}],"about":[{"href":"https:\/\/oragarden.de\/en\/wp-json\/wp\/v2\/types\/product"}],"author":[{"embeddable":true,"href":"https:\/\/oragarden.de\/en\/wp-json\/wp\/v2\/users\/3"}],"replies":[{"embeddable":true,"href":"https:\/\/oragarden.de\/en\/wp-json\/wp\/v2\/comments?post=23581"}],"wp:featuredmedia":[{"embeddable":true,"href":"https:\/\/oragarden.de\/en\/wp-json\/wp\/v2\/media\/23582"}],"wp:attachment":[{"href":"https:\/\/oragarden.de\/en\/wp-json\/wp\/v2\/media?parent=23581"}],"wp:term":[{"taxonomy":"pwb-brand","embeddable":true,"href":"https:\/\/oragarden.de\/en\/wp-json\/wp\/v2\/pwb-brand?post=23581"},{"taxonomy":"product_cat","embeddable":true,"href":"https:\/\/oragarden.de\/en\/wp-json\/wp\/v2\/product_cat?post=23581"},{"taxonomy":"product_tag","embeddable":true,"href":"https:\/\/oragarden.de\/en\/wp-json\/wp\/v2\/product_tag?post=23581"}],"curies":[{"name":"wp","href":"https:\/\/api.w.org\/{rel}","templated":true}]}}